{"id":2885,"date":"2021-02-26T15:44:41","date_gmt":"2021-02-26T13:44:41","guid":{"rendered":"https:\/\/www.pussycatmerida.com\/eshop\/product\/lelo-personal-spray-limpiador-antibacterias-de-juguetes-60-ml\/"},"modified":"2026-03-11T12:26:50","modified_gmt":"2026-03-11T11:26:50","slug":"lelo-personal-spray-limpiador-antibacterias-de-juguetes-60-ml","status":"publish","type":"product","link":"https:\/\/www.pussycatmerida.com\/eshop\/producto\/lelo-personal-spray-limpiador-antibacterias-de-juguetes-60-ml\/","title":{"rendered":"LELO PERSONAL SPRAY LIMPIADOR ANTIBACTERIAS DE JUGUETES 60 ML"},"content":{"rendered":"<p>El Spray de Limpieza Antibacterias de Lelo contiene ingredientes antimicrobianos con una eficacia probada del 99,9% contra todo tipo de g\u00e9rmenes. Adem\u00e1s, las sales de zinc a\u00f1adidas en su f\u00f3rmula reducen cualquier riesgo de irritaci\u00f3n.<\/p>\n<p>Sus propiedades bactericidas y fungicidas, as\u00ed como su equilibrado pH y su f\u00e1cil uso.<\/p>\n<ul>\n<li>Convierten este Spray en el complemento m\u00e1s eficaz para limpiar sus juguetes er\u00f3ticos.<\/li>\n<\/ul>\n<p>Envase de 60ml<\/p>\n","protected":false},"excerpt":{"rendered":"<p>LELO ANTIBACTERIAL TOY CLEANER SPRAY 60 ML<\/p>\n","protected":false},"featured_media":54169,"template":"","meta":[],"pwb-brand":[40],"product_brand":[],"product_cat":[417,274,291,292],"product_tag":[],"class_list":{"0":"post-2885","1":"product","2":"type-product","3":"status-publish","4":"has-post-thumbnail","6":"pwb-brand-lelo","7":"product_cat-juguetes-sexuales-xxxarticulos-limpieza-e-higiene","8":"product_cat-juguetes-sexuales-xxx","9":"product_cat-juguetes-sexuales-xxxlimpieza-intima","10":"product_cat-juguetes-sexuales-xxxlimpieza-y-conservacion","11":"post_count_is_0","12":"boutique_post_style_4","14":"first","15":"instock","16":"taxable","17":"shipping-taxable","18":"purchasable","19":"product-type-simple","20":"boutique_image_style_2"},"brands":[{"id":40,"name":"LELO","slug":"lelo"}],"_links":{"self":[{"href":"https:\/\/www.pussycatmerida.com\/eshop\/wp-json\/wp\/v2\/product\/2885","targetHints":{"allow":["GET"]}}],"collection":[{"href":"https:\/\/www.pussycatmerida.com\/eshop\/wp-json\/wp\/v2\/product"}],"about":[{"href":"https:\/\/www.pussycatmerida.com\/eshop\/wp-json\/wp\/v2\/types\/product"}],"wp:featuredmedia":[{"embeddable":true,"href":"https:\/\/www.pussycatmerida.com\/eshop\/wp-json\/wp\/v2\/media\/54169"}],"wp:attachment":[{"href":"https:\/\/www.pussycatmerida.com\/eshop\/wp-json\/wp\/v2\/media?parent=2885"}],"wp:term":[{"taxonomy":"pwb-brand","embeddable":true,"href":"https:\/\/www.pussycatmerida.com\/eshop\/wp-json\/wp\/v2\/pwb-brand?post=2885"},{"taxonomy":"product_brand","embeddable":true,"href":"https:\/\/www.pussycatmerida.com\/eshop\/wp-json\/wp\/v2\/product_brand?post=2885"},{"taxonomy":"product_cat","embeddable":true,"href":"https:\/\/www.pussycatmerida.com\/eshop\/wp-json\/wp\/v2\/product_cat?post=2885"},{"taxonomy":"product_tag","embeddable":true,"href":"https:\/\/www.pussycatmerida.com\/eshop\/wp-json\/wp\/v2\/product_tag?post=2885"}],"curies":[{"name":"wp","href":"https:\/\/api.w.org\/{rel}","templated":true}]}}