{"id":28871,"date":"2021-02-24T15:11:03","date_gmt":"2021-02-24T13:11:03","guid":{"rendered":"https:\/\/www.pussycatmerida.com\/eshop\/product\/just-for-you-mega-purple-sex-toy-kit\/"},"modified":"2026-03-11T12:26:02","modified_gmt":"2026-03-11T11:26:02","slug":"just-for-you-mega-purple-sex-toy-kit","status":"publish","type":"product","link":"https:\/\/www.pussycatmerida.com\/eshop\/producto\/just-for-you-mega-purple-sex-toy-kit\/","title":{"rendered":"JUST FOR YOU MEGA PURPLE SEX TOY KIT"},"content":{"rendered":"<p>Kit con gran variedad de elecci\u00f3n, gracias a sus 9 piezas multifunciones, con el que podr\u00e1s probar un sinf\u00edn de nuevas y placenteras experiencias, incluyendo estimulaci\u00f3n del Punto G, Punto P, estimulaci\u00f3n clitoris, anal&#8230;<\/p>\n<p>Perfecto para estimular todas las partes del cuerpo de \u00e9l y de ella.<\/p>\n<p>El kit incluye:<\/p>\n<ul>\n<li>&#8211; Bolas chinas.<\/li>\n<li>&#8211; Anillo retardante.<\/li>\n<li>&#8211; Funda para el pene.<\/li>\n<li>&#8211; Bolas anales.<\/li>\n<li>&#8211; Dildo<\/li>\n<li>&#8211; Plug<\/li>\n<li>&#8211; Vibrador cl\u00e1sico.<\/li>\n<li>&#8211; Huevo contro remoto.<\/li>\n<li>&#8211; Manga masturbadora.<\/li>\n<\/ul>\n<p>Incluye las pilas.<\/p>\n<p>Medidas aproximadas de los juguetes:<\/p>\n<ul>\n<li>Vibrador 1: 5,5 x 2,5 cm<\/li>\n<li>Juguete 2: 16 x 3 cm<\/li>\n<li>Vibrador 3: 15 x 2,5 cm<\/li>\n<li>Juguete 4: 16 x 3,5 cm<\/li>\n<li>Juguete 5: 10 x 4,5 cm<\/li>\n<li>Juguete 6: 15,5 x 2,5 cm<\/li>\n<li>Juguete 7: 6 x 3 cm<\/li>\n<li>Juguete 8: 6 x 3,5 cm<\/li>\n<li>Juguete 9: 3 cm de di\u00e1metro<\/li>\n<\/ul>\n","protected":false},"excerpt":{"rendered":"<p>JUST FOR YOU MEGA PURPLE SEX TOY KIT,<\/p>\n","protected":false},"featured_media":34995,"template":"","meta":[],"pwb-brand":[535],"product_brand":[],"product_cat":[274,290],"product_tag":[],"class_list":{"0":"post-28871","1":"product","2":"type-product","3":"status-publish","4":"has-post-thumbnail","6":"pwb-brand-just-for-you","7":"product_cat-juguetes-sexuales-xxx","8":"product_cat-juguetes-sexuales-xxxkits-juguetes-sexuales","9":"post_count_is_0","10":"boutique_post_style_4","12":"first","13":"instock","14":"taxable","15":"shipping-taxable","16":"purchasable","17":"product-type-simple","18":"boutique_image_style_2"},"brands":[{"id":535,"name":"JUST FOR YOU","slug":"just-for-you"}],"_links":{"self":[{"href":"https:\/\/www.pussycatmerida.com\/eshop\/wp-json\/wp\/v2\/product\/28871","targetHints":{"allow":["GET"]}}],"collection":[{"href":"https:\/\/www.pussycatmerida.com\/eshop\/wp-json\/wp\/v2\/product"}],"about":[{"href":"https:\/\/www.pussycatmerida.com\/eshop\/wp-json\/wp\/v2\/types\/product"}],"wp:featuredmedia":[{"embeddable":true,"href":"https:\/\/www.pussycatmerida.com\/eshop\/wp-json\/wp\/v2\/media\/34995"}],"wp:attachment":[{"href":"https:\/\/www.pussycatmerida.com\/eshop\/wp-json\/wp\/v2\/media?parent=28871"}],"wp:term":[{"taxonomy":"pwb-brand","embeddable":true,"href":"https:\/\/www.pussycatmerida.com\/eshop\/wp-json\/wp\/v2\/pwb-brand?post=28871"},{"taxonomy":"product_brand","embeddable":true,"href":"https:\/\/www.pussycatmerida.com\/eshop\/wp-json\/wp\/v2\/product_brand?post=28871"},{"taxonomy":"product_cat","embeddable":true,"href":"https:\/\/www.pussycatmerida.com\/eshop\/wp-json\/wp\/v2\/product_cat?post=28871"},{"taxonomy":"product_tag","embeddable":true,"href":"https:\/\/www.pussycatmerida.com\/eshop\/wp-json\/wp\/v2\/product_tag?post=28871"}],"curies":[{"name":"wp","href":"https:\/\/api.w.org\/{rel}","templated":true}]}}