{"id":28872,"date":"2021-02-24T15:11:05","date_gmt":"2021-02-24T13:11:05","guid":{"rendered":"https:\/\/www.pussycatmerida.com\/eshop\/product\/just-for-you-red-romance-gift-set\/"},"modified":"2026-03-11T12:26:02","modified_gmt":"2026-03-11T11:26:02","slug":"just-for-you-red-romance-gift-set","status":"publish","type":"product","link":"https:\/\/www.pussycatmerida.com\/eshop\/producto\/just-for-you-red-romance-gift-set\/","title":{"rendered":"JUST FOR YOU RED ROMANCE GIFT SET"},"content":{"rendered":"<p>Prepara tu noche en pareja m\u00e1s especial con esta caja del amor!!<\/p>\n<p>Contiene todo lo necesario para disfrutar de una noche dulce, rom\u00e1ntica, sensual y muy picante.<\/p>\n<p>Est\u00e1 compuesta por<\/p>\n<ul>\n<li>&#8211; Esposas<\/li>\n<li>&#8211; Vibrador<\/li>\n<li>&#8211; Bala vibradora<\/li>\n<li>&#8211; Anillo con vibrador<\/li>\n<li>&#8211; Vela de masaje<\/li>\n<li>&#8211; P\u00e9talos de rosa<\/li>\n<li>&#8211; Lubricante<\/li>\n<li>&#8211; Plumero extrasuave.<\/li>\n<li>&#8211; Sobre lubricante 4ml.<\/li>\n<\/ul>\n<p>Con este set estar\u00e9is preparados para dar rienda suelta a vuestra pasi\u00f3n y porque no, probar nuevas y excitantes fantas\u00edas.<\/p>\n","protected":false},"excerpt":{"rendered":"<p>JUST FOR YOU RED ROMANCE GIFT SET<\/p>\n","protected":false},"featured_media":34998,"template":"","meta":[],"pwb-brand":[535],"product_brand":[],"product_cat":[274,290],"product_tag":[],"class_list":{"0":"post-28872","1":"product","2":"type-product","3":"status-publish","4":"has-post-thumbnail","6":"pwb-brand-just-for-you","7":"product_cat-juguetes-sexuales-xxx","8":"product_cat-juguetes-sexuales-xxxkits-juguetes-sexuales","9":"post_count_is_0","10":"boutique_post_style_4","12":"first","13":"instock","14":"taxable","15":"shipping-taxable","16":"purchasable","17":"product-type-simple","18":"boutique_image_style_2"},"brands":[{"id":535,"name":"JUST FOR YOU","slug":"just-for-you"}],"_links":{"self":[{"href":"https:\/\/www.pussycatmerida.com\/eshop\/wp-json\/wp\/v2\/product\/28872","targetHints":{"allow":["GET"]}}],"collection":[{"href":"https:\/\/www.pussycatmerida.com\/eshop\/wp-json\/wp\/v2\/product"}],"about":[{"href":"https:\/\/www.pussycatmerida.com\/eshop\/wp-json\/wp\/v2\/types\/product"}],"wp:featuredmedia":[{"embeddable":true,"href":"https:\/\/www.pussycatmerida.com\/eshop\/wp-json\/wp\/v2\/media\/34998"}],"wp:attachment":[{"href":"https:\/\/www.pussycatmerida.com\/eshop\/wp-json\/wp\/v2\/media?parent=28872"}],"wp:term":[{"taxonomy":"pwb-brand","embeddable":true,"href":"https:\/\/www.pussycatmerida.com\/eshop\/wp-json\/wp\/v2\/pwb-brand?post=28872"},{"taxonomy":"product_brand","embeddable":true,"href":"https:\/\/www.pussycatmerida.com\/eshop\/wp-json\/wp\/v2\/product_brand?post=28872"},{"taxonomy":"product_cat","embeddable":true,"href":"https:\/\/www.pussycatmerida.com\/eshop\/wp-json\/wp\/v2\/product_cat?post=28872"},{"taxonomy":"product_tag","embeddable":true,"href":"https:\/\/www.pussycatmerida.com\/eshop\/wp-json\/wp\/v2\/product_tag?post=28872"}],"curies":[{"name":"wp","href":"https:\/\/api.w.org\/{rel}","templated":true}]}}