{"id":28933,"date":"2021-02-26T14:22:36","date_gmt":"2021-02-26T12:22:36","guid":{"rendered":"https:\/\/www.pussycatmerida.com\/eshop\/product\/swede-herbal-aphrodisiac-aceite-masaje-ecstatic-75-ml\/"},"modified":"2026-03-11T12:26:27","modified_gmt":"2026-03-11T11:26:27","slug":"swede-herbal-aphrodisiac-aceite-masaje-ecstatic-75-ml","status":"publish","type":"product","link":"https:\/\/www.pussycatmerida.com\/eshop\/producto\/swede-herbal-aphrodisiac-aceite-masaje-ecstatic-75-ml\/","title":{"rendered":"SWEDE HERBAL APHRODISIAC ACEITE MASAJE ECSTATIC 75 ML"},"content":{"rendered":"<p>Este aceite de masaje profesional de hierbas afrodisiacas consiste de una mezcla de aceites vegetales cuidadosamente aromatizados con una minuciosa selecci\u00f3n de aceites esenciales puros.<\/p>\n<ul>\n<li>Aceite de masaje de hierbas afrodisiacas\u00a0<\/li>\n<li>100% vegano<\/li>\n<li>Aroma: Jazm\u00edn y ylang ylang<\/li>\n<li>Cantidad: 75 ml\u00a0<\/li>\n<\/ul>\n<p>Aplica el aceite sobre la piel y masajea gentilmente. Para una experiencia mas agradable y c\u00f3moda masajea desde el coraz\u00f3n y ve hacia fuera. Alterna un gentil masaje con aplicaciones con mas fuerza y presi\u00f3n para asegurar que todos los m\u00fasculos queden relajados.\u00a0<\/p>\n<p>Para mejorar la experiencia calienta el aceite de masaje con agua caliente antes de aplicar sobre el cuerpo. Vierte el aceite en un peque\u00f1o vaso de cristal y ponlo en un recipiente con algo de agua caliente durante cinco minutos. Hazlo que llegue hasta los 45 grados para que sea perfecto. Esto hace que se libere el aroma en el ambiente creando una atm\u00f3sfera sensacional en con tu fragancia favorita\u00a0<\/p>\n<p>Es 100% vegano y una elecci\u00f3n perfecta para masajistas profesionales.\u00a0<\/p>\n","protected":false},"excerpt":{"rendered":"<p>SWEDE HERBAL APHRODISIAC MASSAGE OIL ECSTATIC 75 ML<\/p>\n","protected":false},"featured_media":46493,"template":"","meta":[],"pwb-brand":[719],"product_brand":[],"product_cat":[349,342,337,353,356],"product_tag":[],"class_list":{"0":"post-28933","1":"product","2":"type-product","3":"status-publish","4":"has-post-thumbnail","6":"pwb-brand-swede","7":"product_cat-aceites-y-lubricantesaceites-y-cremas-de-masajeaceites-esenciales","8":"product_cat-aceites-y-lubricantesaceites-y-cremas-de-masaje","9":"product_cat-aceites-y-lubricantes","10":"product_cat-aceites-y-lubricantesaceites-y-cremas-de-masajeclima-erotico","11":"product_cat-aceites-y-lubricantesaceites-y-cremas-de-masajeefecto-afrodisiaco","12":"post_count_is_0","13":"boutique_post_style_4","15":"first","16":"instock","17":"taxable","18":"shipping-taxable","19":"purchasable","20":"product-type-simple","21":"boutique_image_style_2"},"brands":[{"id":719,"name":"SWEDE","slug":"swede"}],"_links":{"self":[{"href":"https:\/\/www.pussycatmerida.com\/eshop\/wp-json\/wp\/v2\/product\/28933","targetHints":{"allow":["GET"]}}],"collection":[{"href":"https:\/\/www.pussycatmerida.com\/eshop\/wp-json\/wp\/v2\/product"}],"about":[{"href":"https:\/\/www.pussycatmerida.com\/eshop\/wp-json\/wp\/v2\/types\/product"}],"wp:featuredmedia":[{"embeddable":true,"href":"https:\/\/www.pussycatmerida.com\/eshop\/wp-json\/wp\/v2\/media\/46493"}],"wp:attachment":[{"href":"https:\/\/www.pussycatmerida.com\/eshop\/wp-json\/wp\/v2\/media?parent=28933"}],"wp:term":[{"taxonomy":"pwb-brand","embeddable":true,"href":"https:\/\/www.pussycatmerida.com\/eshop\/wp-json\/wp\/v2\/pwb-brand?post=28933"},{"taxonomy":"product_brand","embeddable":true,"href":"https:\/\/www.pussycatmerida.com\/eshop\/wp-json\/wp\/v2\/product_brand?post=28933"},{"taxonomy":"product_cat","embeddable":true,"href":"https:\/\/www.pussycatmerida.com\/eshop\/wp-json\/wp\/v2\/product_cat?post=28933"},{"taxonomy":"product_tag","embeddable":true,"href":"https:\/\/www.pussycatmerida.com\/eshop\/wp-json\/wp\/v2\/product_tag?post=28933"}],"curies":[{"name":"wp","href":"https:\/\/api.w.org\/{rel}","templated":true}]}}