{"id":28954,"date":"2021-02-25T13:58:45","date_gmt":"2021-02-25T11:58:45","guid":{"rendered":"https:\/\/www.pussycatmerida.com\/eshop\/product\/darkness-plug-anal-silicona-con-cola-blanca\/"},"modified":"2026-03-11T12:39:34","modified_gmt":"2026-03-11T11:39:34","slug":"darkness-plug-anal-silicona-con-cola-blanca","status":"publish","type":"product","link":"https:\/\/www.pussycatmerida.com\/eshop\/producto\/darkness-plug-anal-silicona-con-cola-blanca\/","title":{"rendered":"DARKNESS PLUG ANAL SILICONA CON COLA BLANCA"},"content":{"rendered":"<p>Esta cola est\u00e1 lista para dar rienda suelta a animal interior de su pareja.<\/p>\n<p>El plug es estimulante para todos, desde el principiante hasta el jugador m\u00e1s avanzado. Est\u00e1 dise\u00f1ado para ser a la vez visual y sexual.<\/p>\n<p>Los usuarios pueden disfrutar de la sensaci\u00f3n de saciedad, proporcionado por el plug, al tiempo que proporcionan a su pareja alg\u00fan atractivo visual con la cola peluda que sobresale al final.<\/p>\n<p>\u00a1Deja que estos seductores dilatadores anales te proporcionen una satisfacci\u00f3n m\u00e1xima y realcen tu vida sexual!<\/p>\n<ul>\n<li>Material: Silicona\u00a0<\/li>\n<li>Longitud total del Plug: 12 cm<\/li>\n<li>Longitud insertable: 9 cm\u00a0<\/li>\n<li>Diametro m\u00e1ximo insertable: 3 cm<\/li>\n<li>Material, 80% Natural + 20% Sintetico<\/li>\n<li>F\u00e1cil inserci\u00f3n\u00a0<\/li>\n<\/ul>\n<p>Darkness es una marca de nueva generaci\u00f3n 2020, todos nuestros materiales son de excelente calidad asegurando que la fabricaci\u00f3n compromete un resultado perfecto para principiantes o avanzados que le gusta el mundo Fetish o bdsm.<\/p>\n","protected":false},"excerpt":{"rendered":"<p>DARKNESS TAIL BUTT SILICONE PLUG -WHITE<\/p>\n","protected":false},"featured_media":36054,"template":"","meta":[],"pwb-brand":[467,562],"product_brand":[],"product_cat":[280,274,300,948],"product_tag":[],"class_list":{"0":"post-28954","1":"product","2":"type-product","3":"status-publish","4":"has-post-thumbnail","6":"pwb-brand-darkness","7":"pwb-brand-darknessdarkness-anal","8":"product_cat-juguetes-sexuales-xxxanal","9":"product_cat-juguetes-sexuales-xxx","10":"product_cat-juguetes-sexuales-xxxplugs-anales","11":"product_cat-plugs-con-cola","12":"post_count_is_0","13":"boutique_post_style_4","15":"first","16":"instock","17":"taxable","18":"shipping-taxable","19":"purchasable","20":"product-type-simple","21":"boutique_image_style_2"},"brands":[{"id":467,"name":"DARKNESS","slug":"darkness"},{"id":562,"name":"DARKNESS ANAL","slug":"darknessdarkness-anal"}],"_links":{"self":[{"href":"https:\/\/www.pussycatmerida.com\/eshop\/wp-json\/wp\/v2\/product\/28954","targetHints":{"allow":["GET"]}}],"collection":[{"href":"https:\/\/www.pussycatmerida.com\/eshop\/wp-json\/wp\/v2\/product"}],"about":[{"href":"https:\/\/www.pussycatmerida.com\/eshop\/wp-json\/wp\/v2\/types\/product"}],"wp:featuredmedia":[{"embeddable":true,"href":"https:\/\/www.pussycatmerida.com\/eshop\/wp-json\/wp\/v2\/media\/36054"}],"wp:attachment":[{"href":"https:\/\/www.pussycatmerida.com\/eshop\/wp-json\/wp\/v2\/media?parent=28954"}],"wp:term":[{"taxonomy":"pwb-brand","embeddable":true,"href":"https:\/\/www.pussycatmerida.com\/eshop\/wp-json\/wp\/v2\/pwb-brand?post=28954"},{"taxonomy":"product_brand","embeddable":true,"href":"https:\/\/www.pussycatmerida.com\/eshop\/wp-json\/wp\/v2\/product_brand?post=28954"},{"taxonomy":"product_cat","embeddable":true,"href":"https:\/\/www.pussycatmerida.com\/eshop\/wp-json\/wp\/v2\/product_cat?post=28954"},{"taxonomy":"product_tag","embeddable":true,"href":"https:\/\/www.pussycatmerida.com\/eshop\/wp-json\/wp\/v2\/product_tag?post=28954"}],"curies":[{"name":"wp","href":"https:\/\/api.w.org\/{rel}","templated":true}]}}