{"id":28963,"date":"2021-02-26T15:09:35","date_gmt":"2021-02-26T13:09:35","guid":{"rendered":"https:\/\/www.pussycatmerida.com\/eshop\/product\/secretplay-set-6-brazilian-balls-efecto-calor\/"},"modified":"2026-03-11T12:38:50","modified_gmt":"2026-03-11T11:38:50","slug":"secretplay-set-6-brazilian-balls-efecto-calor","status":"publish","type":"product","link":"https:\/\/www.pussycatmerida.com\/eshop\/producto\/secretplay-set-6-brazilian-balls-efecto-calor\/","title":{"rendered":"SECRETPLAY SET 6 BRAZILIAN BALLS EFECTO CALOR"},"content":{"rendered":"<p>SET 6 BRAZILIAN BALLS EFECTO CALOR<\/p>\n<p>Provoca una sensaci\u00f3n \u00fanica de EXPLOSI\u00d3N de calor y placer.<\/p>\n<p>MODO DE EMPLEO:<\/p>\n<p>Humedecer la mano con agua y abrazar con la mano la brazilian ball, con el calor de la mano y la humedad la bola se deshace entre 3 y 5 minutos, liberando un l\u00edquido que lubrica y contribuyendo de esa manera al juego de los preliminares o como factor sorpresa en tus relaciones. La capa exterior de la bola es agua y el l\u00edquido interior es aceite.<\/p>\n<p>Ojo: No son compatibles con el uso de preservativos al estar compuestas de aceite.<\/p>\n","protected":false},"excerpt":{"rendered":"<p>SECRETPLAY SET 6 BRAZILIAN BALLS HOT EFFECT<\/p>\n","protected":false},"featured_media":50441,"template":"","meta":[],"pwb-brand":[498,682],"product_brand":[],"product_cat":[337,949,895,338,400],"product_tag":[],"class_list":{"0":"post-28963","1":"product","2":"type-product","3":"status-publish","4":"has-post-thumbnail","6":"pwb-brand-secretplay","7":"pwb-brand-secretplaysecretplay-cosmetic","8":"product_cat-aceites-y-lubricantes","9":"product_cat-bolas-brasilenas","10":"product_cat-con-efectos","11":"product_cat-aceites-y-lubricanteslubricantes","12":"product_cat-aceites-y-lubricanteslubricantesmonodosis","13":"post_count_is_0","14":"boutique_post_style_4","16":"first","17":"instock","18":"taxable","19":"shipping-taxable","20":"purchasable","21":"product-type-simple","22":"boutique_image_style_2"},"brands":[{"id":498,"name":"SECRETPLAY","slug":"secretplay"},{"id":682,"name":"SECRETPLAY COSMETIC","slug":"secretplaysecretplay-cosmetic"}],"_links":{"self":[{"href":"https:\/\/www.pussycatmerida.com\/eshop\/wp-json\/wp\/v2\/product\/28963","targetHints":{"allow":["GET"]}}],"collection":[{"href":"https:\/\/www.pussycatmerida.com\/eshop\/wp-json\/wp\/v2\/product"}],"about":[{"href":"https:\/\/www.pussycatmerida.com\/eshop\/wp-json\/wp\/v2\/types\/product"}],"wp:featuredmedia":[{"embeddable":true,"href":"https:\/\/www.pussycatmerida.com\/eshop\/wp-json\/wp\/v2\/media\/50441"}],"wp:attachment":[{"href":"https:\/\/www.pussycatmerida.com\/eshop\/wp-json\/wp\/v2\/media?parent=28963"}],"wp:term":[{"taxonomy":"pwb-brand","embeddable":true,"href":"https:\/\/www.pussycatmerida.com\/eshop\/wp-json\/wp\/v2\/pwb-brand?post=28963"},{"taxonomy":"product_brand","embeddable":true,"href":"https:\/\/www.pussycatmerida.com\/eshop\/wp-json\/wp\/v2\/product_brand?post=28963"},{"taxonomy":"product_cat","embeddable":true,"href":"https:\/\/www.pussycatmerida.com\/eshop\/wp-json\/wp\/v2\/product_cat?post=28963"},{"taxonomy":"product_tag","embeddable":true,"href":"https:\/\/www.pussycatmerida.com\/eshop\/wp-json\/wp\/v2\/product_tag?post=28963"}],"curies":[{"name":"wp","href":"https:\/\/api.w.org\/{rel}","templated":true}]}}