{"id":28965,"date":"2021-02-26T15:09:37","date_gmt":"2021-02-26T13:09:37","guid":{"rendered":"https:\/\/www.pussycatmerida.com\/eshop\/product\/secretplay-set-6-brazilian-balls-efecto-frio-y-calor\/"},"modified":"2026-03-11T12:38:50","modified_gmt":"2026-03-11T11:38:50","slug":"secretplay-set-6-brazilian-balls-efecto-frio-y-calor","status":"publish","type":"product","link":"https:\/\/www.pussycatmerida.com\/eshop\/producto\/secretplay-set-6-brazilian-balls-efecto-frio-y-calor\/","title":{"rendered":"SECRETPLAY SET 6 BRAZILIAN BALLS EFECTO FRIO Y CALOR"},"content":{"rendered":"<p>SET 6 BRAZILIAN BALLS EFECTO FRIO  CALOR<\/p>\n<p>Provoca una sensaci\u00f3n \u00fanica de EXPLOSI\u00d3N de frio y calor, un choque placentero.<\/p>\n<p>MODO DE EMPLEO:<\/p>\n<ul>\n<li>Humedecer la mano con agua y abrazar con la mano la brazilian ball, con el calor de la mano y la humedad la bola se deshace entre 3 y 5 minutos, liberando un l\u00edquido que lubrica y contribuyendo de esa manera al juego de los preliminares o como factor sorpresa en tus relaciones. La capa exterior de la bola es agua y el l\u00edquido interior es aceite.<\/li>\n<\/ul>\n<p>Ojo: No son compatibles con el uso de preservativos al estar compuestas de aceite.<\/p>\n","protected":false},"excerpt":{"rendered":"<p>SECRETPLAY SET 6 BRAZILIAN BALLS HOT  COLD EFFECT<\/p>\n","protected":false},"featured_media":50443,"template":"","meta":[],"pwb-brand":[498,682],"product_brand":[],"product_cat":[337,949,338],"product_tag":[],"class_list":{"0":"post-28965","1":"product","2":"type-product","3":"status-publish","4":"has-post-thumbnail","6":"pwb-brand-secretplay","7":"pwb-brand-secretplaysecretplay-cosmetic","8":"product_cat-aceites-y-lubricantes","9":"product_cat-bolas-brasilenas","10":"product_cat-aceites-y-lubricanteslubricantes","11":"post_count_is_0","12":"boutique_post_style_4","14":"first","15":"instock","16":"taxable","17":"shipping-taxable","18":"purchasable","19":"product-type-simple","20":"boutique_image_style_2"},"brands":[{"id":498,"name":"SECRETPLAY","slug":"secretplay"},{"id":682,"name":"SECRETPLAY COSMETIC","slug":"secretplaysecretplay-cosmetic"}],"_links":{"self":[{"href":"https:\/\/www.pussycatmerida.com\/eshop\/wp-json\/wp\/v2\/product\/28965","targetHints":{"allow":["GET"]}}],"collection":[{"href":"https:\/\/www.pussycatmerida.com\/eshop\/wp-json\/wp\/v2\/product"}],"about":[{"href":"https:\/\/www.pussycatmerida.com\/eshop\/wp-json\/wp\/v2\/types\/product"}],"wp:featuredmedia":[{"embeddable":true,"href":"https:\/\/www.pussycatmerida.com\/eshop\/wp-json\/wp\/v2\/media\/50443"}],"wp:attachment":[{"href":"https:\/\/www.pussycatmerida.com\/eshop\/wp-json\/wp\/v2\/media?parent=28965"}],"wp:term":[{"taxonomy":"pwb-brand","embeddable":true,"href":"https:\/\/www.pussycatmerida.com\/eshop\/wp-json\/wp\/v2\/pwb-brand?post=28965"},{"taxonomy":"product_brand","embeddable":true,"href":"https:\/\/www.pussycatmerida.com\/eshop\/wp-json\/wp\/v2\/product_brand?post=28965"},{"taxonomy":"product_cat","embeddable":true,"href":"https:\/\/www.pussycatmerida.com\/eshop\/wp-json\/wp\/v2\/product_cat?post=28965"},{"taxonomy":"product_tag","embeddable":true,"href":"https:\/\/www.pussycatmerida.com\/eshop\/wp-json\/wp\/v2\/product_tag?post=28965"}],"curies":[{"name":"wp","href":"https:\/\/api.w.org\/{rel}","templated":true}]}}