{"id":28967,"date":"2021-03-01T13:28:54","date_gmt":"2021-03-01T11:28:54","guid":{"rendered":"https:\/\/www.pussycatmerida.com\/eshop\/product\/secreplay-sex-coupons-vales-de-canje-sensuales-es-en\/"},"modified":"2026-03-11T12:26:53","modified_gmt":"2026-03-11T11:26:53","slug":"secreplay-sex-coupons-vales-de-canje-sensuales-es-en","status":"publish","type":"product","link":"https:\/\/www.pussycatmerida.com\/eshop\/producto\/secreplay-sex-coupons-vales-de-canje-sensuales-es-en\/","title":{"rendered":"SECREPLAY SEX COUPONS VALES DE CANJE SENSUALES (ES\/EN)"},"content":{"rendered":"<p>Estos 50 cheques te har\u00e1n pasar buenos ratos, excit\u00e1ndote e inspir\u00e1ndote con la diversidad de opciones que contienen para sorprender a tu pareja o amigos.<\/p>\n<ul>\n<li>50 p\u00e1ginas<\/li>\n<li>180 x 100 mm<\/li>\n<\/ul>\n","protected":false},"excerpt":{"rendered":"<p>SECREPLAY SEX COUPONS (ES\/EN)<\/p>\n","protected":false},"featured_media":62746,"template":"","meta":[],"pwb-brand":[498,786],"product_brand":[],"product_cat":[375,442,376,377,443],"product_tag":[],"class_list":{"0":"post-28967","1":"product","2":"type-product","3":"status-publish","4":"has-post-thumbnail","6":"pwb-brand-secretplay","7":"pwb-brand-secretplaysecretplay-100-games","8":"product_cat-juegos","9":"product_cat-juegosjuegos-de-cartas","10":"product_cat-juegosjuegos-de-pareja","11":"product_cat-juegosjuegos-de-sociedad","12":"product_cat-juegosjuegos-en-espanol","13":"post_count_is_0","14":"boutique_post_style_4","16":"first","17":"instock","18":"taxable","19":"shipping-taxable","20":"purchasable","21":"product-type-simple","22":"boutique_image_style_2"},"brands":[{"id":498,"name":"SECRETPLAY","slug":"secretplay"},{"id":786,"name":"SECRETPLAY 100% GAMES","slug":"secretplaysecretplay-100-games"}],"_links":{"self":[{"href":"https:\/\/www.pussycatmerida.com\/eshop\/wp-json\/wp\/v2\/product\/28967","targetHints":{"allow":["GET"]}}],"collection":[{"href":"https:\/\/www.pussycatmerida.com\/eshop\/wp-json\/wp\/v2\/product"}],"about":[{"href":"https:\/\/www.pussycatmerida.com\/eshop\/wp-json\/wp\/v2\/types\/product"}],"wp:featuredmedia":[{"embeddable":true,"href":"https:\/\/www.pussycatmerida.com\/eshop\/wp-json\/wp\/v2\/media\/62746"}],"wp:attachment":[{"href":"https:\/\/www.pussycatmerida.com\/eshop\/wp-json\/wp\/v2\/media?parent=28967"}],"wp:term":[{"taxonomy":"pwb-brand","embeddable":true,"href":"https:\/\/www.pussycatmerida.com\/eshop\/wp-json\/wp\/v2\/pwb-brand?post=28967"},{"taxonomy":"product_brand","embeddable":true,"href":"https:\/\/www.pussycatmerida.com\/eshop\/wp-json\/wp\/v2\/product_brand?post=28967"},{"taxonomy":"product_cat","embeddable":true,"href":"https:\/\/www.pussycatmerida.com\/eshop\/wp-json\/wp\/v2\/product_cat?post=28967"},{"taxonomy":"product_tag","embeddable":true,"href":"https:\/\/www.pussycatmerida.com\/eshop\/wp-json\/wp\/v2\/product_tag?post=28967"}],"curies":[{"name":"wp","href":"https:\/\/api.w.org\/{rel}","templated":true}]}}