{"id":28969,"date":"2021-03-01T13:28:55","date_gmt":"2021-03-01T11:28:55","guid":{"rendered":"https:\/\/www.pussycatmerida.com\/eshop\/product\/secretplay-30-retos-romanticos-es-en\/"},"modified":"2026-03-11T12:26:53","modified_gmt":"2026-03-11T11:26:53","slug":"secretplay-30-retos-romanticos-es-en","status":"publish","type":"product","link":"https:\/\/www.pussycatmerida.com\/eshop\/producto\/secretplay-30-retos-romanticos-es-en\/","title":{"rendered":"SECRETPLAY 30 RETOS ROMANTICOS ES\/EN"},"content":{"rendered":"<p>Quieres demostrarle a tu pareja que le quieres como el primer d\u00eda? Este juego es la oportunidad perfecta para reconquistaros el uno al otro con 30 retos rom\u00e1nticos que os har\u00e1n vivir vuestros mejores y m\u00e1s dulces momentos juntos.<\/p>\n<ul>\n<li>30 tarjetas<\/li>\n<li>Medidas 110 x 110 mm\u00a0<\/li>\n<li>Idiomas: Espa\u00f1ol e ingl\u00e9s\u00a0<\/li>\n<\/ul>\n","protected":false},"excerpt":{"rendered":"<p>SECRETPLAY 30 DAY ROMANTIC CHALLENGE EN\/ES<\/p>\n","protected":false},"featured_media":62747,"template":"","meta":[],"pwb-brand":[498,786],"product_brand":[],"product_cat":[375,442,376,443],"product_tag":[],"class_list":{"0":"post-28969","1":"product","2":"type-product","3":"status-publish","4":"has-post-thumbnail","6":"pwb-brand-secretplay","7":"pwb-brand-secretplaysecretplay-100-games","8":"product_cat-juegos","9":"product_cat-juegosjuegos-de-cartas","10":"product_cat-juegosjuegos-de-pareja","11":"product_cat-juegosjuegos-en-espanol","12":"post_count_is_0","13":"boutique_post_style_4","15":"first","16":"instock","17":"taxable","18":"shipping-taxable","19":"purchasable","20":"product-type-simple","21":"boutique_image_style_2"},"brands":[{"id":498,"name":"SECRETPLAY","slug":"secretplay"},{"id":786,"name":"SECRETPLAY 100% GAMES","slug":"secretplaysecretplay-100-games"}],"_links":{"self":[{"href":"https:\/\/www.pussycatmerida.com\/eshop\/wp-json\/wp\/v2\/product\/28969","targetHints":{"allow":["GET"]}}],"collection":[{"href":"https:\/\/www.pussycatmerida.com\/eshop\/wp-json\/wp\/v2\/product"}],"about":[{"href":"https:\/\/www.pussycatmerida.com\/eshop\/wp-json\/wp\/v2\/types\/product"}],"wp:featuredmedia":[{"embeddable":true,"href":"https:\/\/www.pussycatmerida.com\/eshop\/wp-json\/wp\/v2\/media\/62747"}],"wp:attachment":[{"href":"https:\/\/www.pussycatmerida.com\/eshop\/wp-json\/wp\/v2\/media?parent=28969"}],"wp:term":[{"taxonomy":"pwb-brand","embeddable":true,"href":"https:\/\/www.pussycatmerida.com\/eshop\/wp-json\/wp\/v2\/pwb-brand?post=28969"},{"taxonomy":"product_brand","embeddable":true,"href":"https:\/\/www.pussycatmerida.com\/eshop\/wp-json\/wp\/v2\/product_brand?post=28969"},{"taxonomy":"product_cat","embeddable":true,"href":"https:\/\/www.pussycatmerida.com\/eshop\/wp-json\/wp\/v2\/product_cat?post=28969"},{"taxonomy":"product_tag","embeddable":true,"href":"https:\/\/www.pussycatmerida.com\/eshop\/wp-json\/wp\/v2\/product_tag?post=28969"}],"curies":[{"name":"wp","href":"https:\/\/api.w.org\/{rel}","templated":true}]}}