{"id":29008,"date":"2021-02-26T14:31:09","date_gmt":"2021-02-26T12:31:09","guid":{"rendered":"https:\/\/www.pussycatmerida.com\/eshop\/product\/uniq-air-condom-preservativo-femenino-3-unidades\/"},"modified":"2026-03-11T12:40:38","modified_gmt":"2026-03-11T11:40:38","slug":"uniq-air-condom-preservativo-femenino-3-unidades","status":"publish","type":"product","link":"https:\/\/www.pussycatmerida.com\/eshop\/producto\/uniq-air-condom-preservativo-femenino-3-unidades\/","title":{"rendered":"UNIQ AIR CONDOM PRESERVATIVO FEMENINO 3 UNIDADES"},"content":{"rendered":"<p>Cond\u00f3n femenino, lubricado, con una burbuja de aire como mecanismo de retenci\u00f3n interna. Muy f\u00e1cil y c\u00f3modo para insertar. Una vez dentro de la vagina, no se siente.<\/p>\n<p>El AIR FEMALE CONDOM es la mejor opci\u00f3n cuando \u00e9l no quiere usar un cond\u00f3n.<\/p>\n<ul>\n<li>Contiene\u00a03 unidades + 3 sachets de lubricante\u00a0<\/li>\n<\/ul>\n<p>Beneficios:<\/p>\n<ul>\n<li>Por su material, permite una mayor sensibilidad.<\/li>\n<li>No produce alergias.<\/li>\n<li>La arandela ofrece mayor protecci\u00f3n ya que impide el contacto de los genitales externos con fluidos corporales.<\/li>\n<li>La burbuja y el cond\u00f3n son independientes; en caso de romperse la burbuja no hay riesgo (aunque es muy poco probable que suceda).<\/li>\n<li>Permite a la mujer tener control en el uso del preservativo.<\/li>\n<li>Es discreto, ya que el hombre puede no darse cuenta que lo llevas puesto.<\/li>\n<li>Se puede usar durante el periodo menstrual.<\/li>\n<li>Permite el uso de cualquier lubricante.<\/li>\n<li>Muchas personas han experimentado sensaciones placenteras debido a la burbuja.<\/li>\n<\/ul>\n<p>Los preservativos sin latex fabricado en Resina sintetica ( Polietileno ) son los unicos que ofrecen un espesor de 0.01-0.02 mm, son completamente adaptables y de talla unica con\u00a0 un ancho nonimal desde 60 a\u00a0 90 mm\u00a0\u00a0y un largo de 170-190 mm completamente adaptable.<\/p>\n<p>*Contiene un cond\u00f3n y un sachet de lubricante adicional.<\/p>\n","protected":false},"excerpt":{"rendered":"<p>UNIQ AIR FEMALE CONDOM  3 UNITS<\/p>\n","protected":false},"featured_media":47227,"template":"","meta":[],"pwb-brand":[781],"product_brand":[],"product_cat":[367,372,369],"product_tag":[],"class_list":{"0":"post-29008","1":"product","2":"type-product","3":"status-publish","4":"has-post-thumbnail","6":"pwb-brand-uniq","7":"product_cat-preservativos","8":"product_cat-preservativospreservativos-especiales","9":"product_cat-preservativospreservativos-femeninos","10":"post_count_is_0","11":"boutique_post_style_4","13":"first","14":"instock","15":"taxable","16":"shipping-taxable","17":"purchasable","18":"product-type-simple","19":"boutique_image_style_2"},"brands":[{"id":781,"name":"UNIQ","slug":"uniq"}],"_links":{"self":[{"href":"https:\/\/www.pussycatmerida.com\/eshop\/wp-json\/wp\/v2\/product\/29008","targetHints":{"allow":["GET"]}}],"collection":[{"href":"https:\/\/www.pussycatmerida.com\/eshop\/wp-json\/wp\/v2\/product"}],"about":[{"href":"https:\/\/www.pussycatmerida.com\/eshop\/wp-json\/wp\/v2\/types\/product"}],"wp:featuredmedia":[{"embeddable":true,"href":"https:\/\/www.pussycatmerida.com\/eshop\/wp-json\/wp\/v2\/media\/47227"}],"wp:attachment":[{"href":"https:\/\/www.pussycatmerida.com\/eshop\/wp-json\/wp\/v2\/media?parent=29008"}],"wp:term":[{"taxonomy":"pwb-brand","embeddable":true,"href":"https:\/\/www.pussycatmerida.com\/eshop\/wp-json\/wp\/v2\/pwb-brand?post=29008"},{"taxonomy":"product_brand","embeddable":true,"href":"https:\/\/www.pussycatmerida.com\/eshop\/wp-json\/wp\/v2\/product_brand?post=29008"},{"taxonomy":"product_cat","embeddable":true,"href":"https:\/\/www.pussycatmerida.com\/eshop\/wp-json\/wp\/v2\/product_cat?post=29008"},{"taxonomy":"product_tag","embeddable":true,"href":"https:\/\/www.pussycatmerida.com\/eshop\/wp-json\/wp\/v2\/product_tag?post=29008"}],"curies":[{"name":"wp","href":"https:\/\/api.w.org\/{rel}","templated":true}]}}