{"id":29426,"date":"2021-02-26T14:22:37","date_gmt":"2021-02-26T12:22:37","guid":{"rendered":"https:\/\/www.pussycatmerida.com\/eshop\/product\/shunga-vela-de-masaje-island-blossoms-170-ml\/"},"modified":"2026-03-11T12:38:44","modified_gmt":"2026-03-11T11:38:44","slug":"shunga-vela-de-masaje-island-blossoms-170-ml","status":"publish","type":"product","link":"https:\/\/www.pussycatmerida.com\/eshop\/producto\/shunga-vela-de-masaje-island-blossoms-170-ml\/","title":{"rendered":"SHUNGA VELA DE MASAJE ISLAND BLOSSOMS 170 ML"},"content":{"rendered":"<p>Combina la suavidad de un dulce masaje con un ambiente \u00edntimo y sensual.<\/p>\n<p>Esta vela de masaje Shunga te encender\u00e1 tus sentidos con los aromas sensuales y te deleitar\u00e1 adem\u00e1s con un c\u00e1lido aceite para masajear a tu pareja.<\/p>\n<p>Enciende la mecha de la candela y deja que arda durante veinte minutos, luego vierte la cera caliente y viertela encima de la piel&#8230;<\/p>\n<ul>\n<li>Aroma a Vaninilla<\/li>\n<li>Contenido 170\u00a0ml.<\/li>\n<\/ul>\n<p>Cosmetica y aromaterapia al placer de tus sentidos!<\/p>\n<p>Shunga es L\u00edder mundia en cosmetica Erotica, sus ingredientes naturales fusionado con principios activos logran un gran resultado<\/p>\n<p>Entrar en el mundo er\u00f3tico de Shunga es viajar al pasado. Traducido literalmente, Shunga significa \u2018imagen de primavera, una manera delicada de decir \u2018relaciones sexuales entre personas.<br \/>Esta palabra se usaba para designar las pinturas er\u00f3ticas japonesas del siglo XVI, XVII y XVIII, un tipo llamado ukiyo-e, que no eran otra cosa que obras sobre madera o pergamino con escenas sensuales y episodios de amor carnal, siempre elaborados con mucho cuidado y buen gusto.<\/p>\n<p>El arte Shunga, aunque oculto durante siglos, marc\u00f3 el principio de la industria pornogr\u00e1fica para la clase media nipona y sirvi\u00f3 durante generaciones como ense\u00f1anza para los hijos y las hijas de muchas familias.<\/p>\n","protected":false},"excerpt":{"rendered":"<p>SHUNGA MASSAGE CANDLE ISLAND BLOSSOMS 170 ML<\/p>\n","protected":false},"featured_media":46495,"template":"","meta":[],"pwb-brand":[42,768],"product_brand":[],"product_cat":[342,337,353,356,896],"product_tag":[],"class_list":{"0":"post-29426","1":"product","2":"type-product","3":"status-publish","4":"has-post-thumbnail","6":"pwb-brand-shunga","7":"pwb-brand-shungashunga-candles","8":"product_cat-aceites-y-lubricantesaceites-y-cremas-de-masaje","9":"product_cat-aceites-y-lubricantes","10":"product_cat-aceites-y-lubricantesaceites-y-cremas-de-masajeclima-erotico","11":"product_cat-aceites-y-lubricantesaceites-y-cremas-de-masajeefecto-afrodisiaco","12":"product_cat-velas-de-masaje","13":"post_count_is_0","14":"boutique_post_style_4","16":"first","17":"instock","18":"taxable","19":"shipping-taxable","20":"purchasable","21":"product-type-simple","22":"boutique_image_style_2"},"brands":[{"id":42,"name":"SHUNGA","slug":"shunga"},{"id":768,"name":"SHUNGA CANDLES","slug":"shungashunga-candles"}],"_links":{"self":[{"href":"https:\/\/www.pussycatmerida.com\/eshop\/wp-json\/wp\/v2\/product\/29426","targetHints":{"allow":["GET"]}}],"collection":[{"href":"https:\/\/www.pussycatmerida.com\/eshop\/wp-json\/wp\/v2\/product"}],"about":[{"href":"https:\/\/www.pussycatmerida.com\/eshop\/wp-json\/wp\/v2\/types\/product"}],"wp:featuredmedia":[{"embeddable":true,"href":"https:\/\/www.pussycatmerida.com\/eshop\/wp-json\/wp\/v2\/media\/46495"}],"wp:attachment":[{"href":"https:\/\/www.pussycatmerida.com\/eshop\/wp-json\/wp\/v2\/media?parent=29426"}],"wp:term":[{"taxonomy":"pwb-brand","embeddable":true,"href":"https:\/\/www.pussycatmerida.com\/eshop\/wp-json\/wp\/v2\/pwb-brand?post=29426"},{"taxonomy":"product_brand","embeddable":true,"href":"https:\/\/www.pussycatmerida.com\/eshop\/wp-json\/wp\/v2\/product_brand?post=29426"},{"taxonomy":"product_cat","embeddable":true,"href":"https:\/\/www.pussycatmerida.com\/eshop\/wp-json\/wp\/v2\/product_cat?post=29426"},{"taxonomy":"product_tag","embeddable":true,"href":"https:\/\/www.pussycatmerida.com\/eshop\/wp-json\/wp\/v2\/product_tag?post=29426"}],"curies":[{"name":"wp","href":"https:\/\/api.w.org\/{rel}","templated":true}]}}