{"id":29427,"date":"2021-03-01T11:46:24","date_gmt":"2021-03-01T09:46:24","guid":{"rendered":"https:\/\/www.pussycatmerida.com\/eshop\/product\/lelo-smart-wand-2-negro\/"},"modified":"2026-03-11T12:41:05","modified_gmt":"2026-03-11T11:41:05","slug":"lelo-smart-wand-2-negro","status":"publish","type":"product","link":"https:\/\/www.pussycatmerida.com\/eshop\/producto\/lelo-smart-wand-2-negro\/","title":{"rendered":"LELO SMARTWAND 2"},"content":{"rendered":"<p>LA ESTIMULACI\u00d3N M\u00c1S POTENTE Y EL MASAJE M\u00c1S RELAJANTE.<\/p>\n<p>Cuando el estr\u00e9s se evapora con el masajeador de cuerpo entero m\u00e1s deseado en el mundo, es el momento de experimentar todo lo que sus 10 modos de vibraci\u00f3n pueden hacer sobre tus zonas er\u00f3genas. Disfruta de horas de masaje y placer con tan solo una carga.<\/p>\n<ul>\n<li>Material: Silicona, PC, ABS<\/li>\n<li>Tama\u00f1o: 304 x 80 x 60 mm<\/li>\n<li>Peso: 383 g<\/li>\n<li>Bater\u00eda: Li-Ion 1200\/1050mA 3.7V<\/li>\n<li>Carga: 2,5h a 5.0V 750mA<\/li>\n<\/ul>\n<p>CARACTER\u00cdSTICAS<\/p>\n<ul>\n<li>CARGA DE LARGA DURACI\u00d3N VENTAJAS Hasta 4 horas de uso por carga y 10 modos de vibraci\u00f3n para disfrutar de un masaje total.<\/li>\n<li>DISE\u00d1O ELEGANTE CON POTENCIA INCRE\u00cdBLE F\u00e1cil de usar, con una intensidad que puede ser tan suave como sobrecogedora.<\/li>\n<li>SILICONA EXTRA-SUAVE Con silicona pr\u00e9mium extra-suave y biocompatible.<\/li>\n<li>COMPLETAMENTE SUMERGIBLE Y RECARGABLE POR USB<\/li>\n<li>Para usarlo en el ba\u00f1o o en la ducha y llev\u00e1rtelo all\u00e1 donde desees.<\/li>\n<li>En uso: hasta 4 horas En espera: 90 d\u00edas<\/li>\n<li>Frecuencia: 80Hz<\/li>\n<li>Interfaz: 3 botones<\/li>\n<\/ul>\n","protected":false},"excerpt":{"rendered":"<p>LELO SMART WAND 2 BLACK<\/p>\n","protected":false},"featured_media":59740,"template":"","meta":[],"pwb-brand":[40],"product_brand":[],"product_cat":[275,274,431,898],"product_tag":[],"class_list":{"0":"post-29427","1":"product","2":"type-product","3":"status-publish","4":"has-post-thumbnail","6":"pwb-brand-lelo","7":"product_cat-juguetes-sexuales-xxxacuaticos","8":"product_cat-juguetes-sexuales-xxx","9":"product_cat-juguetes-sexuales-xxxmasajeadores","10":"product_cat-wand","11":"post_count_is_0","12":"boutique_post_style_4","14":"first","15":"instock","16":"taxable","17":"shipping-taxable","18":"purchasable","19":"product-type-variable","20":"boutique_image_style_2"},"brands":[{"id":40,"name":"LELO","slug":"lelo"}],"_links":{"self":[{"href":"https:\/\/www.pussycatmerida.com\/eshop\/wp-json\/wp\/v2\/product\/29427","targetHints":{"allow":["GET"]}}],"collection":[{"href":"https:\/\/www.pussycatmerida.com\/eshop\/wp-json\/wp\/v2\/product"}],"about":[{"href":"https:\/\/www.pussycatmerida.com\/eshop\/wp-json\/wp\/v2\/types\/product"}],"wp:featuredmedia":[{"embeddable":true,"href":"https:\/\/www.pussycatmerida.com\/eshop\/wp-json\/wp\/v2\/media\/59740"}],"wp:attachment":[{"href":"https:\/\/www.pussycatmerida.com\/eshop\/wp-json\/wp\/v2\/media?parent=29427"}],"wp:term":[{"taxonomy":"pwb-brand","embeddable":true,"href":"https:\/\/www.pussycatmerida.com\/eshop\/wp-json\/wp\/v2\/pwb-brand?post=29427"},{"taxonomy":"product_brand","embeddable":true,"href":"https:\/\/www.pussycatmerida.com\/eshop\/wp-json\/wp\/v2\/product_brand?post=29427"},{"taxonomy":"product_cat","embeddable":true,"href":"https:\/\/www.pussycatmerida.com\/eshop\/wp-json\/wp\/v2\/product_cat?post=29427"},{"taxonomy":"product_tag","embeddable":true,"href":"https:\/\/www.pussycatmerida.com\/eshop\/wp-json\/wp\/v2\/product_tag?post=29427"}],"curies":[{"name":"wp","href":"https:\/\/api.w.org\/{rel}","templated":true}]}}