{"id":30411,"date":"2021-03-06T15:33:09","date_gmt":"2021-03-06T13:33:09","guid":{"rendered":"https:\/\/www.pussycatmerida.com\/eshop\/product\/rithual-kama-control-remoto-para-parejas-aqua\/"},"modified":"2021-03-20T20:46:33","modified_gmt":"2021-03-20T18:46:33","slug":"rithual-kama-control-remoto-para-parejas-aqua","status":"publish","type":"product","link":"https:\/\/www.pussycatmerida.com\/eshop\/producto\/rithual-kama-control-remoto-para-parejas-aqua\/","title":{"rendered":"RITHUAL KAMA CONTROL REMOTO PARA PAREJAS AQUA"},"content":{"rendered":"<p> \u00a1Bienvenido a un nuevo mundo de placer! Adem\u00e1s de las vibraciones, con las que tambi\u00e9n disfrutar\u00e1 tu pareja, la punta de silicona hipoalerg\u00e9nica que te penetra descubrir\u00e1 en tu pareja una estrechez que le har\u00e1 disfrutar a\u00fan m\u00e1s. Pod\u00e9is disfrutar de esa estimulaci\u00f3n simult\u00e1nea donde se despierte el placer: La impermeabilidad del Ritual Kama os permite que un ba\u00f1o c\u00e1lido se convierta en un t\u00f3rrido placer. <\/p>\n<p> El acumulador integrado es muy pr\u00e1ctico: Pod\u00e9is recargar c\u00f3modamente el Ritual Kama con el cable USB de carga integrado y mejorar vuestros retozones siempre que teng\u00e1is ganas de ello. <\/p>\n<p> Con el mando pr\u00e1ctico a distancia pod\u00e9is controlar la vibraci\u00f3n con comodidad y decidir qui\u00e9n puede tomar las decisiones. Para aventuras salvajes y preliminares excitantes la mujer tambi\u00e9n puede llevar el vibrador en la braguita y dejar que su compa\u00f1ero la excite. <\/p>\n<p> El Ritual Kama dispone de 2 potentes motores llevan al \u00e9xtasis al pene, el cl\u00edtoris y la vagina reforzando vuestros juegos er\u00f3ticos con sensaciones \u00fanicas. La forma U adaptable de silicona flexible genera una estrechez adicional y presi\u00f3n directa sobre los puntos importantes. \u00a1Como desarrollo atrevido del Ritual Kama este compa\u00f1ero de juegos tiene un mando a distancia, con el que pod\u00e9is variar vuestros juegos er\u00f3ticos! <\/p>\n<p> La silicona hipoalerg\u00e9nica tiene una sensaci\u00f3n muy agradable y es el material ideal para disfrutar largo tiempo del juego. Es muy higi\u00e9nica y convence por su gran capacidad de deslizamiento, que se convierte en un aut\u00e9ntico placer junto con un lubricante acuoso. Puedes lavar tu juguete con agua y un jab\u00f3n suave. Para una higiene profunda deber\u00eda tambi\u00e9n usar un Waterfeel Toycleaner, un par de pulverizaciones son suficiente para limpiar \u00f3ptimamente tu juguete. <\/p>\n<ul>\n<li> Control Remoto <\/li>\n<li> Silicona hipoalerg\u00e9nica <\/li>\n<li> Cargador Magn\u00e9tico <\/li>\n<li> 10 programas de vibraci\u00f3n <\/li>\n<li> Impermeable <\/li>\n<li> Recargable <\/li>\n<li> 2 motores potentes <\/li>\n<\/ul>\n","protected":false},"excerpt":{"rendered":"<p>MASAJERO RITUAL KAMA REMOTO PAREJAS AQUA<\/p>\n","protected":false},"featured_media":39989,"template":"","meta":[],"pwb-brand":[557],"product_brand":[],"product_cat":[284,288,274,294,893,307,299],"product_tag":[],"class_list":{"0":"post-30411","1":"product","2":"type-product","3":"status-publish","4":"has-post-thumbnail","6":"pwb-brand-rithual","7":"product_cat-juguetes-sexuales-xxxcontrol-remoto","8":"product_cat-juguetes-sexuales-xxxestimuladores","9":"product_cat-juguetes-sexuales-xxx","10":"product_cat-juguetes-sexuales-xxxmasturbadores-para-ellas","11":"product_cat-parejas","12":"product_cat-juguetes-sexuales-xxxpunto-g","13":"product_cat-juguetes-sexuales-xxxvibradores","14":"post_count_is_0","15":"boutique_post_style_4","17":"first","18":"instock","19":"taxable","20":"shipping-taxable","21":"purchasable","22":"product-type-simple","23":"boutique_image_style_2"},"brands":[{"id":557,"name":"RITHUAL","slug":"rithual"}],"_links":{"self":[{"href":"https:\/\/www.pussycatmerida.com\/eshop\/wp-json\/wp\/v2\/product\/30411","targetHints":{"allow":["GET"]}}],"collection":[{"href":"https:\/\/www.pussycatmerida.com\/eshop\/wp-json\/wp\/v2\/product"}],"about":[{"href":"https:\/\/www.pussycatmerida.com\/eshop\/wp-json\/wp\/v2\/types\/product"}],"wp:featuredmedia":[{"embeddable":true,"href":"https:\/\/www.pussycatmerida.com\/eshop\/wp-json\/wp\/v2\/media\/39989"}],"wp:attachment":[{"href":"https:\/\/www.pussycatmerida.com\/eshop\/wp-json\/wp\/v2\/media?parent=30411"}],"wp:term":[{"taxonomy":"pwb-brand","embeddable":true,"href":"https:\/\/www.pussycatmerida.com\/eshop\/wp-json\/wp\/v2\/pwb-brand?post=30411"},{"taxonomy":"product_brand","embeddable":true,"href":"https:\/\/www.pussycatmerida.com\/eshop\/wp-json\/wp\/v2\/product_brand?post=30411"},{"taxonomy":"product_cat","embeddable":true,"href":"https:\/\/www.pussycatmerida.com\/eshop\/wp-json\/wp\/v2\/product_cat?post=30411"},{"taxonomy":"product_tag","embeddable":true,"href":"https:\/\/www.pussycatmerida.com\/eshop\/wp-json\/wp\/v2\/product_tag?post=30411"}],"curies":[{"name":"wp","href":"https:\/\/api.w.org\/{rel}","templated":true}]}}