{"id":30468,"date":"2021-02-24T15:15:36","date_gmt":"2021-02-24T13:15:36","guid":{"rendered":"https:\/\/www.pussycatmerida.com\/eshop\/product\/lelo-yva-vibrador-acero-inoxidable\/"},"modified":"2026-03-11T12:38:09","modified_gmt":"2026-03-11T11:38:09","slug":"lelo-yva-vibrador-acero-inoxidable","status":"publish","type":"product","link":"https:\/\/www.pussycatmerida.com\/eshop\/producto\/lelo-yva-vibrador-acero-inoxidable\/","title":{"rendered":"LELO YVA VIBRADOR ACERO INOXIDABLE"},"content":{"rendered":"<p>YVA\u2122 es perfecto para experimentar con distintas temperaturas y sensaciones. Tanto si eliges el calor del ostentoso oro, como el frescor del suave acero, lo que recibes es un perfecto objeto a medida del placer m\u00e1s intensamente hedonista.\u00a0<br \/>Las mejores cosas de esta vida siempre se hacen esperar\u2026 Las segundas mejores cosas de esta vida consisten en una artesan\u00eda casi perfecta. Como nuestros productos de lujo: fabricados para personas que quieren lo mejor y saben que lo mejor requiere tiempo.<\/p>\n<ul>\n<li>Materiales seguros<\/li>\n<li>Acero inoxidable<\/li>\n<li>5 modos de estimulaci\u00f3n<\/li>\n<li>Desde un suave cosquilleo hasta una intensa vibraci\u00f3n<\/li>\n<li>Un Delicia Sobre La Piel Desnuda<\/li>\n<li>S\u00edrvase caliente o ligeramente fr\u00edo<\/li>\n<\/ul>\n<p>Abrir una caja de productos LELO es un ritual sensual y sexy. El primer momento de excitaci\u00f3n se convierte en una fiesta de placer que es la expresi\u00f3n definitiva de la compra m\u00e1s satisfactoria.<\/p>\n<ul>\n<li>YVA\u2122<\/li>\n<li>Caja<\/li>\n<li>Cargador<\/li>\n<li>Funda de sat\u00e9n<\/li>\n<li>Registro de Garant\u00eda<\/li>\n<li>Manual de usuario<\/li>\n<\/ul>\n","protected":false},"excerpt":{"rendered":"<p>LELO YVA VIBRATOR SILVER<\/p>\n","protected":false},"featured_media":35652,"template":"","meta":[],"pwb-brand":[40],"product_brand":[],"product_cat":[288,274,294,299,298],"product_tag":[],"class_list":{"0":"post-30468","1":"product","2":"type-product","3":"status-publish","4":"has-post-thumbnail","6":"pwb-brand-lelo","7":"product_cat-juguetes-sexuales-xxxestimuladores","8":"product_cat-juguetes-sexuales-xxx","9":"product_cat-juguetes-sexuales-xxxmasturbadores-para-ellas","10":"product_cat-juguetes-sexuales-xxxvibradores","11":"product_cat-juguetes-sexuales-xxxvibradores-hi-tech","12":"post_count_is_0","13":"boutique_post_style_4","15":"first","16":"instock","17":"taxable","18":"shipping-taxable","19":"purchasable","20":"product-type-simple","21":"boutique_image_style_2"},"brands":[{"id":40,"name":"LELO","slug":"lelo"}],"_links":{"self":[{"href":"https:\/\/www.pussycatmerida.com\/eshop\/wp-json\/wp\/v2\/product\/30468","targetHints":{"allow":["GET"]}}],"collection":[{"href":"https:\/\/www.pussycatmerida.com\/eshop\/wp-json\/wp\/v2\/product"}],"about":[{"href":"https:\/\/www.pussycatmerida.com\/eshop\/wp-json\/wp\/v2\/types\/product"}],"wp:featuredmedia":[{"embeddable":true,"href":"https:\/\/www.pussycatmerida.com\/eshop\/wp-json\/wp\/v2\/media\/35652"}],"wp:attachment":[{"href":"https:\/\/www.pussycatmerida.com\/eshop\/wp-json\/wp\/v2\/media?parent=30468"}],"wp:term":[{"taxonomy":"pwb-brand","embeddable":true,"href":"https:\/\/www.pussycatmerida.com\/eshop\/wp-json\/wp\/v2\/pwb-brand?post=30468"},{"taxonomy":"product_brand","embeddable":true,"href":"https:\/\/www.pussycatmerida.com\/eshop\/wp-json\/wp\/v2\/product_brand?post=30468"},{"taxonomy":"product_cat","embeddable":true,"href":"https:\/\/www.pussycatmerida.com\/eshop\/wp-json\/wp\/v2\/product_cat?post=30468"},{"taxonomy":"product_tag","embeddable":true,"href":"https:\/\/www.pussycatmerida.com\/eshop\/wp-json\/wp\/v2\/product_tag?post=30468"}],"curies":[{"name":"wp","href":"https:\/\/api.w.org\/{rel}","templated":true}]}}