{"id":30471,"date":"2021-03-01T11:30:16","date_gmt":"2021-03-01T09:30:16","guid":{"rendered":"https:\/\/www.pussycatmerida.com\/eshop\/product\/lelo-luna-beads-oro-20-kilates\/"},"modified":"2026-03-11T12:38:09","modified_gmt":"2026-03-11T11:38:09","slug":"lelo-luna-beads-oro-20-kilates","status":"publish","type":"product","link":"https:\/\/www.pussycatmerida.com\/eshop\/producto\/lelo-luna-beads-oro-20-kilates\/","title":{"rendered":"LELO LUNA BEADS ORO 20 KILATES"},"content":{"rendered":"<p>Dise\u00f1adas para ofrecer una estimulaci\u00f3n natural y recrearte con sutiles vibraciones mientras te mueves, estas esferas de placer ba\u00f1adas en oro de 20 quilates, est\u00e1n pensadas para intensificar progresivamente los orgasmos e incrementar la sensibilidad sexual, hacia el cl\u00edmax m\u00e1s potente y duradero.<\/p>\n<p>Las mejores cosas de esta vida siempre se hacen esperar\u2026 Las segundas mejores cosas de esta vida consisten en una artesan\u00eda casi perfecta. Como nuestros productos de lujo: fabricados para personas que quieren lo mejor y saben que lo mejor requiere tiempo.<\/p>\n<ul>\n<li>M\u00e1ximo lujo y 100% biocompatibles<\/li>\n<li>Suave exterior en oro de 20 quilates<\/li>\n<li>Lujosas y discretas sensaciones<\/li>\n<li>Bolas internas recubiertas de goma para vibraciones muy silenciosas<\/li>\n<li>La calidad y el estilo inigualables de LELO<\/li>\n<li>Empaquetado galardonado, garant\u00eda completa de 2 a\u00f1os<\/li>\n<\/ul>\n<p>Abrir una caja de productos LELO es un ritual sensual y sexy. El primer momento de excitaci\u00f3n se convierte en una fiesta de placer que es la expresi\u00f3n definitiva de la compra m\u00e1s satisfactoria.<\/p>\n<ul>\n<li>2 x LUNA Beads\u2122 Luxe<\/li>\n<li>Recubierto con silicona<\/li>\n<li>Funda de sat\u00e9n<\/li>\n<li>Registro de Garant\u00eda<\/li>\n<li>Manual de usuario<\/li>\n<\/ul>\n","protected":false},"excerpt":{"rendered":"<p>LELO  LUNA BEADS GOLD<\/p>\n","protected":false},"featured_media":59208,"template":"","meta":[],"pwb-brand":[40],"product_brand":[],"product_cat":[430,274],"product_tag":[],"class_list":{"0":"post-30471","1":"product","2":"type-product","3":"status-publish","4":"has-post-thumbnail","6":"pwb-brand-lelo","7":"product_cat-juguetes-sexuales-xxxbolas","8":"product_cat-juguetes-sexuales-xxx","9":"post_count_is_0","10":"boutique_post_style_4","12":"first","13":"instock","14":"taxable","15":"shipping-taxable","16":"purchasable","17":"product-type-simple","18":"boutique_image_style_2"},"brands":[{"id":40,"name":"LELO","slug":"lelo"}],"_links":{"self":[{"href":"https:\/\/www.pussycatmerida.com\/eshop\/wp-json\/wp\/v2\/product\/30471","targetHints":{"allow":["GET"]}}],"collection":[{"href":"https:\/\/www.pussycatmerida.com\/eshop\/wp-json\/wp\/v2\/product"}],"about":[{"href":"https:\/\/www.pussycatmerida.com\/eshop\/wp-json\/wp\/v2\/types\/product"}],"wp:featuredmedia":[{"embeddable":true,"href":"https:\/\/www.pussycatmerida.com\/eshop\/wp-json\/wp\/v2\/media\/59208"}],"wp:attachment":[{"href":"https:\/\/www.pussycatmerida.com\/eshop\/wp-json\/wp\/v2\/media?parent=30471"}],"wp:term":[{"taxonomy":"pwb-brand","embeddable":true,"href":"https:\/\/www.pussycatmerida.com\/eshop\/wp-json\/wp\/v2\/pwb-brand?post=30471"},{"taxonomy":"product_brand","embeddable":true,"href":"https:\/\/www.pussycatmerida.com\/eshop\/wp-json\/wp\/v2\/product_brand?post=30471"},{"taxonomy":"product_cat","embeddable":true,"href":"https:\/\/www.pussycatmerida.com\/eshop\/wp-json\/wp\/v2\/product_cat?post=30471"},{"taxonomy":"product_tag","embeddable":true,"href":"https:\/\/www.pussycatmerida.com\/eshop\/wp-json\/wp\/v2\/product_tag?post=30471"}],"curies":[{"name":"wp","href":"https:\/\/api.w.org\/{rel}","templated":true}]}}