{"id":30667,"date":"2021-02-26T10:48:30","date_gmt":"2021-02-26T08:48:30","guid":{"rendered":"https:\/\/www.pussycatmerida.com\/eshop\/product\/satisfyer-partner-multifun-3-negro\/"},"modified":"2023-02-06T11:31:35","modified_gmt":"2023-02-06T10:31:35","slug":"satisfyer-partner-multifun-3-negro","status":"publish","type":"product","link":"https:\/\/www.pussycatmerida.com\/eshop\/producto\/satisfyer-partner-multifun-3-negro\/","title":{"rendered":"SATISFYER PARTNER MULTIFUN 3  NEGRO"},"content":{"rendered":"<p>No quieres correr hasta el final del arco\u00edris para encontrar tu suerte? \u00a1Tampoco necesitas eso, porque est\u00e1 a solo un clic de ti! El vers\u00e1til y Satisfyer Multifun 3 le brinda pura alegr\u00eda en la forma de m\u00e1s de 33 usos posibles entre las s\u00e1banas y no solo deja respirar aire fresco en su tiempo en solitario, sino tambi\u00e9n en su mutuo amor, \u00a1porque se sabe que la suerte se duplica cuando se comparte!<\/p>\n<p>Adem\u00e1s de su diversidad, los valores internos de este emocionante juguete de amor tambi\u00e9n inspiran: \u00a1En el cuerpo curvo del Satisfyer Multifun 3 con 3 potentes motores! Estos se sientan en el extremo inferior del eje voluminoso e insertable y en los brazos m\u00f3viles del juguete. Los 10 programas de vibraci\u00f3n de los dos extremos se pueden controlar por separado, \u00a1para obtener abrumadoras 100 combinaciones de vibraci\u00f3n que realmente no dejan nada que desear! La superficie suave hecha de silicona m\u00e9dica mima la piel con un toque suave.<\/p>\n<p>A\u00daN M\u00c1S MANERAS DE VENIR<\/p>\n<p>La cabeza m\u00f3vil del Satisfyer Multifun 3 se puede girar 180 grados, por lo que el vers\u00e1til juguete de amor se puede instalar en todos los juegos y posiciones. Durante el juego en solitario, el amuleto de la suerte estimula h\u00e1bilmente el cl\u00edtoris, los pezones o los labios, pero tambi\u00e9n proporciona vibraciones en la ra\u00edz del pene o el glande. En el acto de amor juntos, tambi\u00e9n puede malcriar a su ser querido por v\u00eda vaginal o anal con uno de los dos extremos. Por supuesto, el juguete tambi\u00e9n es perfecto \u00a0parejas homosexuales: de esta manera, pueden insertar uno de los brazos m\u00f3viles mientras penetran a su ser querido con el voluminoso eje. El Satisfyer Multifun 3 tambi\u00e9n se puede colocar f\u00e1cilmente en el eje del pene durante el coito anal, \u00a1ambos ya pueden disfrutar del placer aqu\u00ed!<\/p>\n<p>Satisfyer Multifun 3 est\u00e1 fabricado a prueba de agua y, por lo tanto, se complace en acompa\u00f1arlo en aventuras animadas en la ba\u00f1era y la ducha.<\/p>\n<p>LUBRICANTES M\u00c1S DIVERTIDOS<\/p>\n<p>Para obtener el m\u00e1ximo placer, use siempre su juguete con uno de los lubricantes a base de agua de Waterfeel que se adaptan perfectamente al producto. De esta manera, su experiencia ser\u00e1 intensamente h\u00fameda y obtendr\u00e1 un factor de variedad adicional. Est\u00e1n disponibles en las versiones cl\u00e1sica, sedosa y c\u00e1lida. La composici\u00f3n vegana a base de agua es suave con el material y mantiene la superficie satinada de su encanto agradable y suave.<\/p>\n<p>Caracter\u00edsticas:<\/p>\n<ul>\n<li>Cabezal con un \u00e1ngulo de giro de 180 grados<\/li>\n<li>100 combinaciones vibratorias<\/li>\n<li>Estanco ipx7<\/li>\n<li>Bater\u00eda de iones de litio<\/li>\n<li>M\u00e1s de 29 opciones de uso<\/li>\n<li>Resistente al agua<\/li>\n<li>3 potentes motores<\/li>\n<li>F\u00e1cil limpieza<\/li>\n<li>Cable de carga magn\u00e9tico por USB<\/li>\n<\/ul>\n","protected":false},"excerpt":{"rendered":"<p>SATISFYER PARTNER MULTIFUN 3 BLACK<\/p>\n","protected":false},"featured_media":40027,"template":"","meta":[],"pwb-brand":[43],"product_brand":[],"product_cat":[288,274,294,434,893,299],"product_tag":[],"class_list":{"0":"post-30667","1":"product","2":"type-product","3":"status-publish","4":"has-post-thumbnail","6":"pwb-brand-satisfyer","7":"product_cat-juguetes-sexuales-xxxestimuladores","8":"product_cat-juguetes-sexuales-xxx","9":"product_cat-juguetes-sexuales-xxxmasturbadores-para-ellas","10":"product_cat-juguetes-sexuales-xxxestimuladorespara-clitoris","11":"product_cat-parejas","12":"product_cat-juguetes-sexuales-xxxvibradores","13":"post_count_is_0","14":"boutique_post_style_4","16":"first","17":"instock","18":"taxable","19":"shipping-taxable","20":"purchasable","21":"product-type-simple","22":"boutique_image_style_2"},"brands":[{"id":43,"name":"SATISFYER","slug":"satisfyer"}],"_links":{"self":[{"href":"https:\/\/www.pussycatmerida.com\/eshop\/wp-json\/wp\/v2\/product\/30667","targetHints":{"allow":["GET"]}}],"collection":[{"href":"https:\/\/www.pussycatmerida.com\/eshop\/wp-json\/wp\/v2\/product"}],"about":[{"href":"https:\/\/www.pussycatmerida.com\/eshop\/wp-json\/wp\/v2\/types\/product"}],"wp:featuredmedia":[{"embeddable":true,"href":"https:\/\/www.pussycatmerida.com\/eshop\/wp-json\/wp\/v2\/media\/40027"}],"wp:attachment":[{"href":"https:\/\/www.pussycatmerida.com\/eshop\/wp-json\/wp\/v2\/media?parent=30667"}],"wp:term":[{"taxonomy":"pwb-brand","embeddable":true,"href":"https:\/\/www.pussycatmerida.com\/eshop\/wp-json\/wp\/v2\/pwb-brand?post=30667"},{"taxonomy":"product_brand","embeddable":true,"href":"https:\/\/www.pussycatmerida.com\/eshop\/wp-json\/wp\/v2\/product_brand?post=30667"},{"taxonomy":"product_cat","embeddable":true,"href":"https:\/\/www.pussycatmerida.com\/eshop\/wp-json\/wp\/v2\/product_cat?post=30667"},{"taxonomy":"product_tag","embeddable":true,"href":"https:\/\/www.pussycatmerida.com\/eshop\/wp-json\/wp\/v2\/product_tag?post=30667"}],"curies":[{"name":"wp","href":"https:\/\/api.w.org\/{rel}","templated":true}]}}