{"id":31184,"date":"2021-02-26T13:58:11","date_gmt":"2021-02-26T11:58:11","guid":{"rendered":"https:\/\/www.pussycatmerida.com\/eshop\/product\/luxuria-lubricante-para-juguetes-secret-play-30-ml\/"},"modified":"2026-03-11T12:26:15","modified_gmt":"2026-03-11T11:26:15","slug":"luxuria-lubricante-para-juguetes-secret-play-30-ml","status":"publish","type":"product","link":"https:\/\/www.pussycatmerida.com\/eshop\/producto\/luxuria-lubricante-para-juguetes-secret-play-30-ml\/","title":{"rendered":"LUXURIA LUBRICANTE PARA JUGUETES SECRET PLAY 30 ML"},"content":{"rendered":"<p>Luxuria Secret Play es un lubricante \u00edntimo a base de agua formulado para ser compatible con cualquier tipo de juguete sexual.<\/p>\n<p>Gracias a su composici\u00f3n ultrafluida, garantiza una lubricaci\u00f3n duradera, eliminando molestias y quemaduras. Su textura ultra sedosa ha sido desarrollada para garantizar siempre la m\u00e1xima comodidad con cualquier juguete sexual. Ya sea en caucho, PVC, metal o vidrio, Secret Play siempre garantizar\u00e1 la m\u00e1xima compatibilidad con la piel y los juguetes sexuales, sin comprometer el material del que est\u00e1n hechos.<\/p>\n<ul>\n<li>Compatible con l\u00e1tex<\/li>\n<li>Dermatol\u00f3gicamente probado<\/li>\n<li>30 ML .<\/li>\n<\/ul>\n<p>Luxuria Secret moments of pasion es la nueva l\u00ednea de productos personales estudiados y desarrollados para sus momentos m\u00e1s \u00edntimos de placer. Una l\u00ednea lujosa, refinada y minimalista, pero caracterizada por un fuerte car\u00e1cter innovador<\/p>\n<p>Productos listos para llevarles en un largo viaje donde el placer no ser\u00e1 el objetivo de alcanzar si no el estrumento que les llevar\u00e1 a descubrir nuevas emociones y pasiones. Encendiendo nuevamente aquella pasi\u00f3n que parecia apagada a trav\u00e9s de un nuevo juego y una nueva complicidad de pareja nunca experimentados anteriormente.<\/p>\n","protected":false},"excerpt":{"rendered":"<p>LUXURIA SECRET PLAY SEX TOYS LUBRICANT 30 ML<\/p>\n","protected":false},"featured_media":45550,"template":"","meta":[],"pwb-brand":[],"product_brand":[],"product_cat":[337,339,338],"product_tag":[],"class_list":{"0":"post-31184","1":"product","2":"type-product","3":"status-publish","4":"has-post-thumbnail","6":"product_cat-aceites-y-lubricantes","7":"product_cat-aceites-y-lubricanteslubricantesbase-de-agua","8":"product_cat-aceites-y-lubricanteslubricantes","9":"post_count_is_0","10":"boutique_post_style_4","12":"first","13":"instock","14":"taxable","15":"shipping-taxable","16":"purchasable","17":"product-type-simple","18":"boutique_image_style_2"},"brands":[],"_links":{"self":[{"href":"https:\/\/www.pussycatmerida.com\/eshop\/wp-json\/wp\/v2\/product\/31184","targetHints":{"allow":["GET"]}}],"collection":[{"href":"https:\/\/www.pussycatmerida.com\/eshop\/wp-json\/wp\/v2\/product"}],"about":[{"href":"https:\/\/www.pussycatmerida.com\/eshop\/wp-json\/wp\/v2\/types\/product"}],"wp:featuredmedia":[{"embeddable":true,"href":"https:\/\/www.pussycatmerida.com\/eshop\/wp-json\/wp\/v2\/media\/45550"}],"wp:attachment":[{"href":"https:\/\/www.pussycatmerida.com\/eshop\/wp-json\/wp\/v2\/media?parent=31184"}],"wp:term":[{"taxonomy":"pwb-brand","embeddable":true,"href":"https:\/\/www.pussycatmerida.com\/eshop\/wp-json\/wp\/v2\/pwb-brand?post=31184"},{"taxonomy":"product_brand","embeddable":true,"href":"https:\/\/www.pussycatmerida.com\/eshop\/wp-json\/wp\/v2\/product_brand?post=31184"},{"taxonomy":"product_cat","embeddable":true,"href":"https:\/\/www.pussycatmerida.com\/eshop\/wp-json\/wp\/v2\/product_cat?post=31184"},{"taxonomy":"product_tag","embeddable":true,"href":"https:\/\/www.pussycatmerida.com\/eshop\/wp-json\/wp\/v2\/product_tag?post=31184"}],"curies":[{"name":"wp","href":"https:\/\/api.w.org\/{rel}","templated":true}]}}