{"id":31243,"date":"2021-03-09T10:58:06","date_gmt":"2021-03-09T08:58:06","guid":{"rendered":"https:\/\/www.pussycatmerida.com\/eshop\/producto\/gel-base-agua-para-masaje-nuru-500-ml\/"},"modified":"2026-03-11T12:26:26","modified_gmt":"2026-03-11T11:26:26","slug":"gel-base-agua-para-masaje-nuru-500-ml","status":"publish","type":"product","link":"https:\/\/www.pussycatmerida.com\/eshop\/producto\/gel-base-agua-para-masaje-nuru-500-ml\/","title":{"rendered":"GEL BASE AGUA PARA MASAJE NURU 500 ML"},"content":{"rendered":"<p>Nuru Gel es un gel a base de agua totalmente concebido para el masaje Nuru. Gracias a su f\u00f3rmula innovadora desliza sobre la piel y le da una sensaci\u00f3n estimulante y envolvente que har\u00e1 que el masaje sea m\u00e1s sensual.<\/p>\n<p>Nuru es una t\u00e9cnica de masaje japonesa, un juego previo incre\u00edblemente er\u00f3tico que se prepara para el placer creando una fuerte intimidad entre las dos personas. El masaje se realiza con la ayuda de un Nuru Gel espec\u00edfico, que hace que los cuerpos est\u00e9n resbaladizos y libres de fricci\u00f3n, para recrear una condici\u00f3n de bienestar y ausencia de gravedad. La formulaci\u00f3n de Nuru Gel est\u00e1 espec\u00edficamente dise\u00f1ada para masajes corporales, es inodoro e incoloro para un intenso efecto afrodis\u00edaco.<\/p>\n<p>El masaje Nuru, originario de Jap\u00f3n, entra en la categor\u00eda de los masajes corporales. Se extiende el gel por completo sobre los dos cuerpos desnudos permitiendo que se deslice uno contra el otro como en ausencia de gravedad. Esta pr\u00e1ctica le permite despertar el deseo sexual creando un efecto afrodis\u00edaco.<\/p>\n<ul>\n<li>Base de agua<\/li>\n<li>Sedoso en la piel<\/li>\n<li>Para masaje cuerpo a cuerpo<\/li>\n<li>Envolvente y estimulante<\/li>\n<li>500 ml<\/li>\n<\/ul>\n","protected":false},"excerpt":{"rendered":"<p>WATER BASED BODY MASSAGE GEL  500 ML<\/p>\n","protected":false},"featured_media":46527,"template":"","meta":[],"pwb-brand":[],"product_brand":[],"product_cat":[342,337,353,355,356],"product_tag":[],"class_list":{"0":"post-31243","1":"product","2":"type-product","3":"status-publish","4":"has-post-thumbnail","6":"product_cat-aceites-y-lubricantesaceites-y-cremas-de-masaje","7":"product_cat-aceites-y-lubricantes","8":"product_cat-aceites-y-lubricantesaceites-y-cremas-de-masajeclima-erotico","9":"product_cat-aceites-y-lubricantesaceites-y-cremas-de-masajecremas-de-masaje","10":"product_cat-aceites-y-lubricantesaceites-y-cremas-de-masajeefecto-afrodisiaco","11":"post_count_is_0","12":"boutique_post_style_4","14":"first","15":"instock","16":"taxable","17":"shipping-taxable","18":"purchasable","19":"product-type-simple","20":"boutique_image_style_2"},"brands":[],"_links":{"self":[{"href":"https:\/\/www.pussycatmerida.com\/eshop\/wp-json\/wp\/v2\/product\/31243","targetHints":{"allow":["GET"]}}],"collection":[{"href":"https:\/\/www.pussycatmerida.com\/eshop\/wp-json\/wp\/v2\/product"}],"about":[{"href":"https:\/\/www.pussycatmerida.com\/eshop\/wp-json\/wp\/v2\/types\/product"}],"wp:featuredmedia":[{"embeddable":true,"href":"https:\/\/www.pussycatmerida.com\/eshop\/wp-json\/wp\/v2\/media\/46527"}],"wp:attachment":[{"href":"https:\/\/www.pussycatmerida.com\/eshop\/wp-json\/wp\/v2\/media?parent=31243"}],"wp:term":[{"taxonomy":"pwb-brand","embeddable":true,"href":"https:\/\/www.pussycatmerida.com\/eshop\/wp-json\/wp\/v2\/pwb-brand?post=31243"},{"taxonomy":"product_brand","embeddable":true,"href":"https:\/\/www.pussycatmerida.com\/eshop\/wp-json\/wp\/v2\/product_brand?post=31243"},{"taxonomy":"product_cat","embeddable":true,"href":"https:\/\/www.pussycatmerida.com\/eshop\/wp-json\/wp\/v2\/product_cat?post=31243"},{"taxonomy":"product_tag","embeddable":true,"href":"https:\/\/www.pussycatmerida.com\/eshop\/wp-json\/wp\/v2\/product_tag?post=31243"}],"curies":[{"name":"wp","href":"https:\/\/api.w.org\/{rel}","templated":true}]}}