{"id":31248,"date":"2021-02-26T13:54:20","date_gmt":"2021-02-26T11:54:20","guid":{"rendered":"https:\/\/www.pussycatmerida.com\/eshop\/product\/t5-spray-retardante-para-hombres-5-ml\/"},"modified":"2026-03-11T12:38:44","modified_gmt":"2026-03-11T11:38:44","slug":"t5-spray-retardante-para-hombres-5-ml","status":"publish","type":"product","link":"https:\/\/www.pussycatmerida.com\/eshop\/producto\/t5-spray-retardante-para-hombres-5-ml\/","title":{"rendered":"T5 SPRAY RETARDANTE PARA HOMBRES 5 ML"},"content":{"rendered":"<p>T5 es un retardante \u00edntimo para hombres a base de extractos de hierbas, ideal para maximizar la duraci\u00f3n de las relaciones sexuales.<\/p>\n<p>Como\u00a0el Tauro Extra Power y a diferencia de otros retardantes spray en el mercado, T5 no anestetiza ni enfr\u00eda, manteniendo la sensibilidad del \u00e1rea sin cambios. Su formulaci\u00f3n a base de hierbas completamente natural no contiene lidoca\u00edna y benzoca\u00edna u otros anest\u00e9sicos locales, y le permite disfrutar de las relaciones sexuales de forma segura.<\/p>\n<p>Para usarlo correctamente, simplemente aplique uno o dos nebulizaciones en el glande del pene 30 minutos antes de la relaci\u00f3n sexual. La innovadora f\u00f3rmula de T5 le permite experimentar las relaciones sexuales de la mejor manera y de forma duradera. Gracias a su composici\u00f3n libre de anestesiantes locales como la lidoca\u00edna y la benzoca\u00edna, todas las sensaciones de la relaci\u00f3n \u00edntima permanecer\u00e1n\u00a0sin cambios, bloqueando el impulso nervioso de la eyaculaci\u00f3n en el momento de m\u00e1ximo placer, garantizando as\u00ed una relaci\u00f3n sexual extremadamente duradera con el m\u00e1ximo de sensibilidad\u00a0<\/p>\n<ul>\n<li>Retardante a base de extractos de hierbas\u00a0<\/li>\n<li>5 ml\u00a0<\/li>\n<\/ul>\n<p>\u00a0<\/p>\n","protected":false},"excerpt":{"rendered":"<p>T5 DELAY SPRAY FOR MEN 5 ML<\/p>\n","protected":false},"featured_media":45289,"template":"","meta":[],"pwb-brand":[693],"product_brand":[],"product_cat":[328,331],"product_tag":[],"class_list":{"0":"post-31248","1":"product","2":"type-product","3":"status-publish","4":"has-post-thumbnail","6":"pwb-brand-tauro","7":"product_cat-afrodisiacos","8":"product_cat-afrodisiacosretardantes","9":"post_count_is_0","10":"boutique_post_style_4","12":"first","13":"instock","14":"taxable","15":"shipping-taxable","16":"purchasable","17":"product-type-simple","18":"boutique_image_style_2"},"brands":[{"id":693,"name":"TAURO","slug":"tauro"}],"_links":{"self":[{"href":"https:\/\/www.pussycatmerida.com\/eshop\/wp-json\/wp\/v2\/product\/31248","targetHints":{"allow":["GET"]}}],"collection":[{"href":"https:\/\/www.pussycatmerida.com\/eshop\/wp-json\/wp\/v2\/product"}],"about":[{"href":"https:\/\/www.pussycatmerida.com\/eshop\/wp-json\/wp\/v2\/types\/product"}],"wp:featuredmedia":[{"embeddable":true,"href":"https:\/\/www.pussycatmerida.com\/eshop\/wp-json\/wp\/v2\/media\/45289"}],"wp:attachment":[{"href":"https:\/\/www.pussycatmerida.com\/eshop\/wp-json\/wp\/v2\/media?parent=31248"}],"wp:term":[{"taxonomy":"pwb-brand","embeddable":true,"href":"https:\/\/www.pussycatmerida.com\/eshop\/wp-json\/wp\/v2\/pwb-brand?post=31248"},{"taxonomy":"product_brand","embeddable":true,"href":"https:\/\/www.pussycatmerida.com\/eshop\/wp-json\/wp\/v2\/product_brand?post=31248"},{"taxonomy":"product_cat","embeddable":true,"href":"https:\/\/www.pussycatmerida.com\/eshop\/wp-json\/wp\/v2\/product_cat?post=31248"},{"taxonomy":"product_tag","embeddable":true,"href":"https:\/\/www.pussycatmerida.com\/eshop\/wp-json\/wp\/v2\/product_tag?post=31248"}],"curies":[{"name":"wp","href":"https:\/\/api.w.org\/{rel}","templated":true}]}}