{"id":31249,"date":"2021-02-26T13:55:10","date_gmt":"2021-02-26T11:55:10","guid":{"rendered":"https:\/\/www.pussycatmerida.com\/eshop\/product\/replay-delay-spray-retardant-and-moisturizing-effect-20-ml\/"},"modified":"2026-03-11T12:38:44","modified_gmt":"2026-03-11T11:38:44","slug":"replay-delay-spray-retardant-and-moisturizing-effect-20-ml","status":"publish","type":"product","link":"https:\/\/www.pussycatmerida.com\/eshop\/producto\/replay-delay-spray-retardant-and-moisturizing-effect-20-ml\/","title":{"rendered":"REPLAY DELAY SPRAY RETARDANT AND MOISTURIZING EFFECT 20 ML"},"content":{"rendered":"<p>Replay es un retardante con efecto desensibilizante e hidratante para uso local. Ideal para usar en casos de hipersensibilidad de la piel, ayuda a prolongar la relaci\u00f3n \u00edntima.<\/p>\n<p>El efecto desensibilizante de Replay, puede prolongar las relaciones sexuales en casos de hipersensibilidad de la piel o simplemente para aquellos que desean tener relaciones sexuales m\u00e1s duraderas.<\/p>\n<p>Su f\u00f3rmula de acci\u00f3n r\u00e1pida le permite aplicarse unos minutos antes del coito \u00edntimo. Con extractos naturales de Aloe Vera, hidrata la piel Replay protegiendola de lesiones e irritaciones, favoreciendo as\u00ed el coito, garantizando el m\u00e1ximo confort y el m\u00e1ximo placer.<\/p>\n<ul>\n<li>Enriquecidos con Aloe Vera<\/li>\n<li>Efecto desensibilizante<\/li>\n<li>Cond\u00f3n compatible<\/li>\n<li>Con aloe vera<\/li>\n<li>Efecto r\u00e1pido<\/li>\n<li>20 ml<\/li>\n<\/ul>\n","protected":false},"excerpt":{"rendered":"<p>REPLAY DELAY SPRAY RETARDANT AND MOISTURIZING EFFECT 20 ML<\/p>\n","protected":false},"featured_media":45336,"template":"","meta":[],"pwb-brand":[],"product_brand":[],"product_cat":[328,331,334],"product_tag":[],"class_list":{"0":"post-31249","1":"product","2":"type-product","3":"status-publish","4":"has-post-thumbnail","6":"product_cat-afrodisiacos","7":"product_cat-afrodisiacosretardantes","8":"product_cat-afrodisiacossensibilizantes","9":"post_count_is_0","10":"boutique_post_style_4","12":"first","13":"instock","14":"taxable","15":"shipping-taxable","16":"purchasable","17":"product-type-simple","18":"boutique_image_style_2"},"brands":[],"_links":{"self":[{"href":"https:\/\/www.pussycatmerida.com\/eshop\/wp-json\/wp\/v2\/product\/31249","targetHints":{"allow":["GET"]}}],"collection":[{"href":"https:\/\/www.pussycatmerida.com\/eshop\/wp-json\/wp\/v2\/product"}],"about":[{"href":"https:\/\/www.pussycatmerida.com\/eshop\/wp-json\/wp\/v2\/types\/product"}],"wp:featuredmedia":[{"embeddable":true,"href":"https:\/\/www.pussycatmerida.com\/eshop\/wp-json\/wp\/v2\/media\/45336"}],"wp:attachment":[{"href":"https:\/\/www.pussycatmerida.com\/eshop\/wp-json\/wp\/v2\/media?parent=31249"}],"wp:term":[{"taxonomy":"pwb-brand","embeddable":true,"href":"https:\/\/www.pussycatmerida.com\/eshop\/wp-json\/wp\/v2\/pwb-brand?post=31249"},{"taxonomy":"product_brand","embeddable":true,"href":"https:\/\/www.pussycatmerida.com\/eshop\/wp-json\/wp\/v2\/product_brand?post=31249"},{"taxonomy":"product_cat","embeddable":true,"href":"https:\/\/www.pussycatmerida.com\/eshop\/wp-json\/wp\/v2\/product_cat?post=31249"},{"taxonomy":"product_tag","embeddable":true,"href":"https:\/\/www.pussycatmerida.com\/eshop\/wp-json\/wp\/v2\/product_tag?post=31249"}],"curies":[{"name":"wp","href":"https:\/\/api.w.org\/{rel}","templated":true}]}}