{"id":31250,"date":"2021-02-26T13:54:23","date_gmt":"2021-02-26T11:54:23","guid":{"rendered":"https:\/\/www.pussycatmerida.com\/eshop\/product\/r20-spray-retardante-efecto-frio-20-ml\/"},"modified":"2026-03-11T12:38:44","modified_gmt":"2026-03-11T11:38:44","slug":"r20-spray-retardante-efecto-frio-20-ml","status":"publish","type":"product","link":"https:\/\/www.pussycatmerida.com\/eshop\/producto\/r20-spray-retardante-efecto-frio-20-ml\/","title":{"rendered":"R20 SPRAY RETARDANTE EFECTO FRIO 20 ML"},"content":{"rendered":"<p>R20 es un spray retardador \u00edntimo para hombres especialmente formulado para aplicaci\u00f3n externa en el glande del pene.<\/p>\n<p>Su efecto refrescante inmediato en el \u00e1rea genital masculina ayuda a prolongar las relaciones sexuales. El efecto fr\u00edo de R20 permite prolongar las relaciones sexuales en casos de hipersensibilidad de la piel o simplemente para aquellos que desean una relaci\u00f3n sexual m\u00e1s duradera. Su f\u00f3rmula de acci\u00f3n r\u00e1pida le permite aplicarse unos minutos antes del coito \u00edntimo.<\/p>\n<p>Gracias al extracto natural de Aloe Vera, R20 hidrata la piel, protegi\u00e9ndola de lesiones e irritaciones, promoviendo as\u00ed las relaciones sexuales, garantizando siempre la m\u00e1xima comodidad y el m\u00e1ximo placer.<\/p>\n<ul>\n<li>Efecto frio<\/li>\n<li>Cond\u00f3n compatible<\/li>\n<li>Con aloe vera<\/li>\n<li>Efecto r\u00e1pido<\/li>\n<li>20 ml\u00a0<\/li>\n<\/ul>\n","protected":false},"excerpt":{"rendered":"<p>R20 RETARDANT SPRAY FOR MEN COLD EFFECT 20 ML<\/p>\n","protected":false},"featured_media":45290,"template":"","meta":[],"pwb-brand":[],"product_brand":[],"product_cat":[328,331],"product_tag":[],"class_list":{"0":"post-31250","1":"product","2":"type-product","3":"status-publish","4":"has-post-thumbnail","6":"product_cat-afrodisiacos","7":"product_cat-afrodisiacosretardantes","8":"post_count_is_0","9":"boutique_post_style_4","11":"first","12":"instock","13":"taxable","14":"shipping-taxable","15":"purchasable","16":"product-type-simple","17":"boutique_image_style_2"},"brands":[],"_links":{"self":[{"href":"https:\/\/www.pussycatmerida.com\/eshop\/wp-json\/wp\/v2\/product\/31250","targetHints":{"allow":["GET"]}}],"collection":[{"href":"https:\/\/www.pussycatmerida.com\/eshop\/wp-json\/wp\/v2\/product"}],"about":[{"href":"https:\/\/www.pussycatmerida.com\/eshop\/wp-json\/wp\/v2\/types\/product"}],"wp:featuredmedia":[{"embeddable":true,"href":"https:\/\/www.pussycatmerida.com\/eshop\/wp-json\/wp\/v2\/media\/45290"}],"wp:attachment":[{"href":"https:\/\/www.pussycatmerida.com\/eshop\/wp-json\/wp\/v2\/media?parent=31250"}],"wp:term":[{"taxonomy":"pwb-brand","embeddable":true,"href":"https:\/\/www.pussycatmerida.com\/eshop\/wp-json\/wp\/v2\/pwb-brand?post=31250"},{"taxonomy":"product_brand","embeddable":true,"href":"https:\/\/www.pussycatmerida.com\/eshop\/wp-json\/wp\/v2\/product_brand?post=31250"},{"taxonomy":"product_cat","embeddable":true,"href":"https:\/\/www.pussycatmerida.com\/eshop\/wp-json\/wp\/v2\/product_cat?post=31250"},{"taxonomy":"product_tag","embeddable":true,"href":"https:\/\/www.pussycatmerida.com\/eshop\/wp-json\/wp\/v2\/product_tag?post=31250"}],"curies":[{"name":"wp","href":"https:\/\/api.w.org\/{rel}","templated":true}]}}