{"id":31253,"date":"2021-02-26T14:26:40","date_gmt":"2021-02-26T12:26:40","guid":{"rendered":"https:\/\/www.pussycatmerida.com\/eshop\/product\/relaxan-spray-anal-hidratante-y-elastizante-20-ml\/"},"modified":"2026-03-11T12:38:51","modified_gmt":"2026-03-11T11:38:51","slug":"relaxan-spray-anal-hidratante-y-elastizante-20-ml","status":"publish","type":"product","link":"https:\/\/www.pussycatmerida.com\/eshop\/producto\/relaxan-spray-anal-hidratante-y-elastizante-20-ml\/","title":{"rendered":"RELAXAN SPRAY ANAL HIDRATANTE Y ELASTIZANTE 20 ML"},"content":{"rendered":"<p>RelaxAn es una loci\u00f3n anal en spray que relaja la tensi\u00f3n muscular y garantiza el m\u00e1ximo placer durante la penetraci\u00f3n.Gracias a sus propiedades s\u00faper hidratantes y reafirmantes, RelaxAn ayuda a prevenir las sensaciones de dolor.<\/p>\n<p>Su f\u00f3rmula ultra delicada hace que este spray anal sea adecuado para todo tipo de piel, no causa irritaci\u00f3n ni ardor, y\u00a0puede usarse de manera segura con condones y juguetes sexuales.\u00a0RelaxAn se puede usar inmediatamente antes de la relaci\u00f3n sexual aplicando 2 o 3 pulverizaciones en la parte intima y masajeando el \u00e1rea.<\/p>\n<p>RelaxAn es un aerosol indicado para experimentar penetraci\u00f3n anal sin molestias ni dolor. Su f\u00f3rmula relaja la tensi\u00f3n muscular relajando la parte afectada y asegurando el m\u00e1ximo placer y la m\u00e1xima comodidad durante el sexo anal.<\/p>\n<ul>\n<li>Propiedades elastizantes<\/li>\n<li>Relaja la tensi\u00f3n muscular<\/li>\n<li>Para el coito anal<\/li>\n<li>Efecto r\u00e1pido<\/li>\n<li>20 ml<\/li>\n<\/ul>\n","protected":false},"excerpt":{"rendered":"<p>RELAXAN ANAL COMFORT SPRAY 20 ML<\/p>\n","protected":false},"featured_media":46816,"template":"","meta":[],"pwb-brand":[],"product_brand":[],"product_cat":[337,338,348],"product_tag":[],"class_list":{"0":"post-31253","1":"product","2":"type-product","3":"status-publish","4":"has-post-thumbnail","6":"product_cat-aceites-y-lubricantes","7":"product_cat-aceites-y-lubricanteslubricantes","8":"product_cat-aceites-y-lubricanteslubricanteslubricantes-con-relajante-anal","9":"post_count_is_0","10":"boutique_post_style_4","12":"first","13":"instock","14":"taxable","15":"shipping-taxable","16":"purchasable","17":"product-type-simple","18":"boutique_image_style_2"},"brands":[],"_links":{"self":[{"href":"https:\/\/www.pussycatmerida.com\/eshop\/wp-json\/wp\/v2\/product\/31253","targetHints":{"allow":["GET"]}}],"collection":[{"href":"https:\/\/www.pussycatmerida.com\/eshop\/wp-json\/wp\/v2\/product"}],"about":[{"href":"https:\/\/www.pussycatmerida.com\/eshop\/wp-json\/wp\/v2\/types\/product"}],"wp:featuredmedia":[{"embeddable":true,"href":"https:\/\/www.pussycatmerida.com\/eshop\/wp-json\/wp\/v2\/media\/46816"}],"wp:attachment":[{"href":"https:\/\/www.pussycatmerida.com\/eshop\/wp-json\/wp\/v2\/media?parent=31253"}],"wp:term":[{"taxonomy":"pwb-brand","embeddable":true,"href":"https:\/\/www.pussycatmerida.com\/eshop\/wp-json\/wp\/v2\/pwb-brand?post=31253"},{"taxonomy":"product_brand","embeddable":true,"href":"https:\/\/www.pussycatmerida.com\/eshop\/wp-json\/wp\/v2\/product_brand?post=31253"},{"taxonomy":"product_cat","embeddable":true,"href":"https:\/\/www.pussycatmerida.com\/eshop\/wp-json\/wp\/v2\/product_cat?post=31253"},{"taxonomy":"product_tag","embeddable":true,"href":"https:\/\/www.pussycatmerida.com\/eshop\/wp-json\/wp\/v2\/product_tag?post=31253"}],"curies":[{"name":"wp","href":"https:\/\/api.w.org\/{rel}","templated":true}]}}