{"id":31258,"date":"2021-02-24T14:25:45","date_gmt":"2021-02-24T12:25:45","guid":{"rendered":"https:\/\/www.pussycatmerida.com\/eshop\/product\/metalhard-double-glans-ring-32mm\/"},"modified":"2021-03-05T15:00:04","modified_gmt":"2021-03-05T13:00:04","slug":"metalhard-double-glans-ring-32mm","status":"publish","type":"product","link":"https:\/\/www.pussycatmerida.com\/eshop\/producto\/metalhard-double-glans-ring-32mm\/","title":{"rendered":"METALHARD DOUBLE GLANS RING 32MM"},"content":{"rendered":"<p style=\"line-height: 18.9091px;\">Cockring compuesto por dos\u00a0anillas de acero\u00a0que rodea la base de tu pene, de diferentes tama\u00f1os tambi\u00e9n, para que se ajuste cuando est\u00e9 erecto. Todo pensado para que, tanto la est\u00e9tica como la sensaci\u00f3n, sean las \u00f3ptimas.<\/p>\n<p style=\"line-height: 18.9091px;\">El cockring de acero\u00a0doble tiene medidas; 32mm diametro anillas acero y 10mm de ancho bola union.<\/p>\n<p style=\"line-height: 18.9091px;\">Conseguir\u00e1s potenciar el orgasmo, erecci\u00f3n y retardar la eyaculaci\u00f3n.<\/p>\n<p style=\"line-height: 18.9091px;\">Descubre nuevos placeres!<\/p>\n","protected":false},"excerpt":{"rendered":"<p>METALHARD DOUBLE GLANS RING 32MM<\/p>\n","protected":false},"featured_media":31868,"template":"","meta":[],"pwb-brand":[472],"product_brand":[],"product_cat":[276,274,471],"product_tag":[],"class_list":{"0":"post-31258","1":"product","2":"type-product","3":"status-publish","4":"has-post-thumbnail","6":"pwb-brand-metal-hard","7":"product_cat-juguetes-sexuales-xxxaccesorios-para-el-pene","8":"product_cat-juguetes-sexuales-xxx","9":"product_cat-novedades","10":"post_count_is_0","11":"boutique_post_style_4","13":"first","14":"instock","15":"taxable","16":"shipping-taxable","17":"purchasable","18":"product-type-simple","19":"boutique_image_style_2"},"brands":[{"id":472,"name":"METAL HARD","slug":"metal-hard"}],"_links":{"self":[{"href":"https:\/\/www.pussycatmerida.com\/eshop\/wp-json\/wp\/v2\/product\/31258","targetHints":{"allow":["GET"]}}],"collection":[{"href":"https:\/\/www.pussycatmerida.com\/eshop\/wp-json\/wp\/v2\/product"}],"about":[{"href":"https:\/\/www.pussycatmerida.com\/eshop\/wp-json\/wp\/v2\/types\/product"}],"wp:featuredmedia":[{"embeddable":true,"href":"https:\/\/www.pussycatmerida.com\/eshop\/wp-json\/wp\/v2\/media\/31868"}],"wp:attachment":[{"href":"https:\/\/www.pussycatmerida.com\/eshop\/wp-json\/wp\/v2\/media?parent=31258"}],"wp:term":[{"taxonomy":"pwb-brand","embeddable":true,"href":"https:\/\/www.pussycatmerida.com\/eshop\/wp-json\/wp\/v2\/pwb-brand?post=31258"},{"taxonomy":"product_brand","embeddable":true,"href":"https:\/\/www.pussycatmerida.com\/eshop\/wp-json\/wp\/v2\/product_brand?post=31258"},{"taxonomy":"product_cat","embeddable":true,"href":"https:\/\/www.pussycatmerida.com\/eshop\/wp-json\/wp\/v2\/product_cat?post=31258"},{"taxonomy":"product_tag","embeddable":true,"href":"https:\/\/www.pussycatmerida.com\/eshop\/wp-json\/wp\/v2\/product_tag?post=31258"}],"curies":[{"name":"wp","href":"https:\/\/api.w.org\/{rel}","templated":true}]}}