{"id":31260,"date":"2021-02-26T14:03:27","date_gmt":"2021-02-26T12:03:27","guid":{"rendered":"https:\/\/www.pussycatmerida.com\/eshop\/product\/rear-pleasure-anal-spray-relajante-anal-20-ml\/"},"modified":"2026-03-11T12:38:51","modified_gmt":"2026-03-11T11:38:51","slug":"rear-pleasure-anal-spray-relajante-anal-20-ml","status":"publish","type":"product","link":"https:\/\/www.pussycatmerida.com\/eshop\/producto\/rear-pleasure-anal-spray-relajante-anal-20-ml\/","title":{"rendered":"REAR PLEASURE ANAL SPRAY RELAJANTE ANAL 20 ML"},"content":{"rendered":"<p>Rear Pleasure es un spray anal que gracias a sus propiedades calmantes y elastizantes, relaja los m\u00fasculos tensos del \u00e1rea anal, reduce la contracci\u00f3n, previene el dolor y garantiza el m\u00e1ximo placer.<\/p>\n<p>Se puede\u00a0usar de forma segura con objetos y dispositivos de l\u00e1tex, compatibilidad\u00a0total con los condones<\/p>\n<p>Rear Pleasure es un spray indicado para experimentar penetraci\u00f3n anal sin molestias ni dolor. Su f\u00f3rmula relaja la tensi\u00f3n muscular. Relaja el \u00e1rea y garantiza el m\u00e1ximo placer y comodidad durante el sexo anal. Rear Pleasure no contiene anestesiantes como la lidoca\u00edna o la benzoca\u00edna.<\/p>\n<p>Su delicada f\u00f3rmula est\u00e1 compuesta de elementos activos calmantes que encuentran compatibilidad con todo tipo de pieles, incluso las m\u00e1s delicadas, para no causar ardor o irritaci\u00f3n.<\/p>\n<ul>\n<li>Cond\u00f3n compatible<\/li>\n<li>Para el coito anal<\/li>\n<li>Efecto r\u00e1pido<\/li>\n<li>Relaja la tensi\u00f3n muscular<\/li>\n<li>20 ML\u00a0<\/li>\n<\/ul>\n","protected":false},"excerpt":{"rendered":"<p>REAR PLEASURE ANAL RELAXING SPRAY 20 ML<\/p>\n","protected":false},"featured_media":45936,"template":"","meta":[],"pwb-brand":[],"product_brand":[],"product_cat":[337,338,348],"product_tag":[],"class_list":{"0":"post-31260","1":"product","2":"type-product","3":"status-publish","4":"has-post-thumbnail","6":"product_cat-aceites-y-lubricantes","7":"product_cat-aceites-y-lubricanteslubricantes","8":"product_cat-aceites-y-lubricanteslubricanteslubricantes-con-relajante-anal","9":"post_count_is_0","10":"boutique_post_style_4","12":"first","13":"instock","14":"taxable","15":"shipping-taxable","16":"purchasable","17":"product-type-simple","18":"boutique_image_style_2"},"brands":[],"_links":{"self":[{"href":"https:\/\/www.pussycatmerida.com\/eshop\/wp-json\/wp\/v2\/product\/31260","targetHints":{"allow":["GET"]}}],"collection":[{"href":"https:\/\/www.pussycatmerida.com\/eshop\/wp-json\/wp\/v2\/product"}],"about":[{"href":"https:\/\/www.pussycatmerida.com\/eshop\/wp-json\/wp\/v2\/types\/product"}],"wp:featuredmedia":[{"embeddable":true,"href":"https:\/\/www.pussycatmerida.com\/eshop\/wp-json\/wp\/v2\/media\/45936"}],"wp:attachment":[{"href":"https:\/\/www.pussycatmerida.com\/eshop\/wp-json\/wp\/v2\/media?parent=31260"}],"wp:term":[{"taxonomy":"pwb-brand","embeddable":true,"href":"https:\/\/www.pussycatmerida.com\/eshop\/wp-json\/wp\/v2\/pwb-brand?post=31260"},{"taxonomy":"product_brand","embeddable":true,"href":"https:\/\/www.pussycatmerida.com\/eshop\/wp-json\/wp\/v2\/product_brand?post=31260"},{"taxonomy":"product_cat","embeddable":true,"href":"https:\/\/www.pussycatmerida.com\/eshop\/wp-json\/wp\/v2\/product_cat?post=31260"},{"taxonomy":"product_tag","embeddable":true,"href":"https:\/\/www.pussycatmerida.com\/eshop\/wp-json\/wp\/v2\/product_tag?post=31260"}],"curies":[{"name":"wp","href":"https:\/\/api.w.org\/{rel}","templated":true}]}}