{"id":31261,"date":"2021-03-09T11:01:25","date_gmt":"2021-03-09T09:01:25","guid":{"rendered":"https:\/\/www.pussycatmerida.com\/eshop\/producto\/lady-gel-for-ger-pleasure-gel-estimulante-efecto-calor-ella-30-ml\/"},"modified":"2026-03-11T12:26:34","modified_gmt":"2026-03-11T11:26:34","slug":"lady-gel-for-ger-pleasure-gel-estimulante-efecto-calor-ella-30-ml","status":"publish","type":"product","link":"https:\/\/www.pussycatmerida.com\/eshop\/producto\/lady-gel-for-ger-pleasure-gel-estimulante-efecto-calor-ella-30-ml\/","title":{"rendered":"LADY GEL FOR GER PLEASURE GEL ESTIMULANTE EFECTO CALOR ELLA 30 ML"},"content":{"rendered":"<p>Lady Gel es un gel estimulante para el cl\u00edtoris y la vagina, formulado para aumentar el placer sexual femenino y mejorar la sensibilidad de las partes privadas.<\/p>\n<p>Funciona estimulando el flujo de sangre hacia el cl\u00edtoris y el \u00e1rea vaginal. Despu\u00e9s de su aplicaci\u00f3n sobre el cl\u00edtoris y la vagina, produce una sensaci\u00f3n de calor que hace ligeras cosquillas, aumentando su sensibilidad e intensificando el orgasmo.<\/p>\n<p>Lady Gel, gracias a su formulaci\u00f3n particular, aumenta el flujo sangu\u00edneo al estimular las zonas er\u00f3genas femeninas, aumentando su sensibilidad.Un gel adecuado para toda mujer que quiere amplificar su placer sexual.<\/p>\n<ul>\n<li>Efecto c\u00e1lido<\/li>\n<li>Cond\u00f3n compatible<\/li>\n<li>Orgasmos intensos\u00a0<\/li>\n<li>Compatibles con juguetes\u00a0<\/li>\n<li>30 ml\u00a0<\/li>\n<\/ul>\n","protected":false},"excerpt":{"rendered":"<p>LADY GEL FOR GER PLEASURE GEL STIMULATING GEL WARMING EFFECT 30 ML<\/p>\n","protected":false},"featured_media":46818,"template":"","meta":[],"pwb-brand":[],"product_brand":[],"product_cat":[342,337,328,351,336,359,361,330,334],"product_tag":[],"class_list":{"0":"post-31261","1":"product","2":"type-product","3":"status-publish","4":"has-post-thumbnail","6":"product_cat-aceites-y-lubricantesaceites-y-cremas-de-masaje","7":"product_cat-aceites-y-lubricantes","8":"product_cat-afrodisiacos","9":"product_cat-aceites-y-lubricantesaceites-y-cremas-de-masajecon-efecto-calor","10":"product_cat-afrodisiacoscremas-potenciadores-orgasmo-femenino","11":"product_cat-aceites-y-lubricantesorgasmo-femenino","12":"product_cat-aceites-y-lubricantesorgasmo-femeninopotenciador-orgasmo-femenino","13":"product_cat-afrodisiacospotenciadores","14":"product_cat-afrodisiacossensibilizantes","15":"post_count_is_0","16":"boutique_post_style_4","18":"first","19":"instock","20":"taxable","21":"shipping-taxable","22":"purchasable","23":"product-type-simple","24":"boutique_image_style_2"},"brands":[],"_links":{"self":[{"href":"https:\/\/www.pussycatmerida.com\/eshop\/wp-json\/wp\/v2\/product\/31261","targetHints":{"allow":["GET"]}}],"collection":[{"href":"https:\/\/www.pussycatmerida.com\/eshop\/wp-json\/wp\/v2\/product"}],"about":[{"href":"https:\/\/www.pussycatmerida.com\/eshop\/wp-json\/wp\/v2\/types\/product"}],"wp:featuredmedia":[{"embeddable":true,"href":"https:\/\/www.pussycatmerida.com\/eshop\/wp-json\/wp\/v2\/media\/46818"}],"wp:attachment":[{"href":"https:\/\/www.pussycatmerida.com\/eshop\/wp-json\/wp\/v2\/media?parent=31261"}],"wp:term":[{"taxonomy":"pwb-brand","embeddable":true,"href":"https:\/\/www.pussycatmerida.com\/eshop\/wp-json\/wp\/v2\/pwb-brand?post=31261"},{"taxonomy":"product_brand","embeddable":true,"href":"https:\/\/www.pussycatmerida.com\/eshop\/wp-json\/wp\/v2\/product_brand?post=31261"},{"taxonomy":"product_cat","embeddable":true,"href":"https:\/\/www.pussycatmerida.com\/eshop\/wp-json\/wp\/v2\/product_cat?post=31261"},{"taxonomy":"product_tag","embeddable":true,"href":"https:\/\/www.pussycatmerida.com\/eshop\/wp-json\/wp\/v2\/product_tag?post=31261"}],"curies":[{"name":"wp","href":"https:\/\/api.w.org\/{rel}","templated":true}]}}