{"id":31270,"date":"2021-02-24T14:25:45","date_gmt":"2021-02-24T12:25:45","guid":{"rendered":"https:\/\/www.pussycatmerida.com\/eshop\/product\/metalhard-round-anilla-pene-metal-wire-c-ring-8x35mm\/"},"modified":"2021-03-05T15:00:04","modified_gmt":"2021-03-05T13:00:04","slug":"metalhard-round-anilla-pene-metal-wire-c-ring-8x35mm","status":"publish","type":"product","link":"https:\/\/www.pussycatmerida.com\/eshop\/producto\/metalhard-round-anilla-pene-metal-wire-c-ring-8x35mm\/","title":{"rendered":"METALHARD ROUND ANILLA PENE METAL WIRE C-RING (8X35MM)"},"content":{"rendered":"<p>Anillo de acero inoxidable pulido. Este anillo ayudar\u00e1 a prolongar su erecci\u00f3n y le dar\u00e1 mejores sensaciones durante el coito.<\/p>\n<p>Caracter\u00edsticas:<\/p>\n<ul>\n<li>Di\u00e1metro: 5,2 cm<\/li>\n<li>Di\u00e1metro Interno: 3,5 cm<\/li>\n<li>Ancho: 0,8 cm<\/li>\n<li>Material: Acero Inoxidable<\/li>\n<\/ul>\n","protected":false},"excerpt":{"rendered":"<p>METALHARD ROUND WIRE C-RING (8X35MM)<\/p>\n","protected":false},"featured_media":31870,"template":"","meta":[],"pwb-brand":[472],"product_brand":[],"product_cat":[276,274],"product_tag":[],"class_list":{"0":"post-31270","1":"product","2":"type-product","3":"status-publish","4":"has-post-thumbnail","6":"pwb-brand-metal-hard","7":"product_cat-juguetes-sexuales-xxxaccesorios-para-el-pene","8":"product_cat-juguetes-sexuales-xxx","9":"post_count_is_0","10":"boutique_post_style_4","12":"first","13":"instock","14":"taxable","15":"shipping-taxable","16":"purchasable","17":"product-type-simple","18":"boutique_image_style_2"},"brands":[{"id":472,"name":"METAL HARD","slug":"metal-hard"}],"_links":{"self":[{"href":"https:\/\/www.pussycatmerida.com\/eshop\/wp-json\/wp\/v2\/product\/31270","targetHints":{"allow":["GET"]}}],"collection":[{"href":"https:\/\/www.pussycatmerida.com\/eshop\/wp-json\/wp\/v2\/product"}],"about":[{"href":"https:\/\/www.pussycatmerida.com\/eshop\/wp-json\/wp\/v2\/types\/product"}],"wp:featuredmedia":[{"embeddable":true,"href":"https:\/\/www.pussycatmerida.com\/eshop\/wp-json\/wp\/v2\/media\/31870"}],"wp:attachment":[{"href":"https:\/\/www.pussycatmerida.com\/eshop\/wp-json\/wp\/v2\/media?parent=31270"}],"wp:term":[{"taxonomy":"pwb-brand","embeddable":true,"href":"https:\/\/www.pussycatmerida.com\/eshop\/wp-json\/wp\/v2\/pwb-brand?post=31270"},{"taxonomy":"product_brand","embeddable":true,"href":"https:\/\/www.pussycatmerida.com\/eshop\/wp-json\/wp\/v2\/product_brand?post=31270"},{"taxonomy":"product_cat","embeddable":true,"href":"https:\/\/www.pussycatmerida.com\/eshop\/wp-json\/wp\/v2\/product_cat?post=31270"},{"taxonomy":"product_tag","embeddable":true,"href":"https:\/\/www.pussycatmerida.com\/eshop\/wp-json\/wp\/v2\/product_tag?post=31270"}],"curies":[{"name":"wp","href":"https:\/\/api.w.org\/{rel}","templated":true}]}}