{"id":31277,"date":"2021-02-26T15:17:04","date_gmt":"2021-02-26T13:17:04","guid":{"rendered":"https:\/\/www.pussycatmerida.com\/eshop\/product\/metal-hard-esposas-con-combinacion-de-cierre\/"},"modified":"2021-02-26T15:17:05","modified_gmt":"2021-02-26T13:17:05","slug":"metal-hard-esposas-con-combinacion-de-cierre","status":"publish","type":"product","link":"https:\/\/www.pussycatmerida.com\/eshop\/producto\/metal-hard-esposas-con-combinacion-de-cierre\/","title":{"rendered":"METAL HARD ESPOSAS CON COMBINACI\u00d3N DE CIERRE"},"content":{"rendered":"<p>Mantenga el control de su sumiso con estos pu\u00f1os emocionantes. Los pu\u00f1os est\u00e1n hechos de acero inoxidable y son bastante pesados.<\/p>\n<ul>\n<li>El acero no se oxida y es f\u00e1cil de limpiar.<\/li>\n<\/ul>\n<p>Los pu\u00f1os se pueden cerrar con la cerradura de combinaci\u00f3n. \u00a1De esta manera puedes asegurarte de que tu sumiso\u00a0no tenga ninguna posibilidad de escapar!<\/p>\n","protected":false},"excerpt":{"rendered":"<p>METAL HARD HANDCUFFS WITH COMBINATION LOCK<\/p>\n","protected":false},"featured_media":51215,"template":"","meta":[],"pwb-brand":[472],"product_brand":[],"product_cat":[390,282,274,389,295,471],"product_tag":[],"class_list":{"0":"post-31277","1":"product","2":"type-product","3":"status-publish","4":"has-post-thumbnail","6":"pwb-brand-metal-hard","7":"product_cat-juguetes-sexuales-xxxfetish-bondageesposas","8":"product_cat-juguetes-sexuales-xxxfetish-bondage","9":"product_cat-juguetes-sexuales-xxx","10":"product_cat-juguetes-sexuales-xxxmascaras-y-esposas","11":"product_cat-juguetes-sexuales-xxxmetal","12":"product_cat-novedades","13":"post_count_is_0","14":"boutique_post_style_4","16":"first","17":"instock","18":"taxable","19":"shipping-taxable","20":"purchasable","21":"product-type-simple","22":"boutique_image_style_2"},"brands":[{"id":472,"name":"METAL HARD","slug":"metal-hard"}],"_links":{"self":[{"href":"https:\/\/www.pussycatmerida.com\/eshop\/wp-json\/wp\/v2\/product\/31277","targetHints":{"allow":["GET"]}}],"collection":[{"href":"https:\/\/www.pussycatmerida.com\/eshop\/wp-json\/wp\/v2\/product"}],"about":[{"href":"https:\/\/www.pussycatmerida.com\/eshop\/wp-json\/wp\/v2\/types\/product"}],"wp:featuredmedia":[{"embeddable":true,"href":"https:\/\/www.pussycatmerida.com\/eshop\/wp-json\/wp\/v2\/media\/51215"}],"wp:attachment":[{"href":"https:\/\/www.pussycatmerida.com\/eshop\/wp-json\/wp\/v2\/media?parent=31277"}],"wp:term":[{"taxonomy":"pwb-brand","embeddable":true,"href":"https:\/\/www.pussycatmerida.com\/eshop\/wp-json\/wp\/v2\/pwb-brand?post=31277"},{"taxonomy":"product_brand","embeddable":true,"href":"https:\/\/www.pussycatmerida.com\/eshop\/wp-json\/wp\/v2\/product_brand?post=31277"},{"taxonomy":"product_cat","embeddable":true,"href":"https:\/\/www.pussycatmerida.com\/eshop\/wp-json\/wp\/v2\/product_cat?post=31277"},{"taxonomy":"product_tag","embeddable":true,"href":"https:\/\/www.pussycatmerida.com\/eshop\/wp-json\/wp\/v2\/product_tag?post=31277"}],"curies":[{"name":"wp","href":"https:\/\/api.w.org\/{rel}","templated":true}]}}