{"id":31289,"date":"2021-02-26T14:27:04","date_gmt":"2021-02-26T12:27:04","guid":{"rendered":"https:\/\/www.pussycatmerida.com\/eshop\/product\/vibroh-vibrador-liquido-15-ml\/"},"modified":"2026-03-11T12:38:48","modified_gmt":"2026-03-11T11:38:48","slug":"vibroh-vibrador-liquido-15-ml","status":"publish","type":"product","link":"https:\/\/www.pussycatmerida.com\/eshop\/producto\/vibroh-vibrador-liquido-15-ml\/","title":{"rendered":"VIBROH VIBRADOR LIQUIDO 15 ML"},"content":{"rendered":"<p>ConVibroh\u2026 los orgasmos ser\u00e1nm\u00e1sintensos que nunca! Gracias a su estimulante efecto electrizante,Vibroh\u2026 aumenta lasensibilidad de las zonas er\u00f3genas, facilitando e intensificando el orgasmo.\u00a0<\/p>\n<p>Vibroh es el nuevo gel estimulante con una formulaci\u00f3n revolucionaria, su composici\u00f3n innovadora proporciona un efecto vibrante estimulante, que har\u00e1 que las relaciones \u00edntimas sean a\u00fan m\u00e1s intensas y agradables.<\/p>\n<p>Gracias a los extractos de hierbas naturales Vibroh\u2026 es suave para la piel, pero al mismo tiempo ultra estimulante y en unos momentos har\u00e1 que la pareja vibre de placer, de forma natural.\u00a0<\/p>\n<ul>\n<li>Efecto vibrante<\/li>\n<li>Basado en extractos naturales<\/li>\n<li>Compatible conjuguetes sexuales Orgasmos intensos<\/li>\n<li>Frasco: 15 ml\u00a0<\/li>\n<\/ul>\n<p>\u00a0<\/p>\n<p>\u00a0<\/p>\n","protected":false},"excerpt":{"rendered":"<p>VIBROH LIQUID VIBRATOR INTENSE ORGASM 15 ML<\/p>\n","protected":false},"featured_media":46867,"template":"","meta":[],"pwb-brand":[],"product_brand":[],"product_cat":[337,328,336,359,364,361,330,334],"product_tag":[],"class_list":{"0":"post-31289","1":"product","2":"type-product","3":"status-publish","4":"has-post-thumbnail","6":"product_cat-aceites-y-lubricantes","7":"product_cat-afrodisiacos","8":"product_cat-afrodisiacoscremas-potenciadores-orgasmo-femenino","9":"product_cat-aceites-y-lubricantesorgasmo-femenino","10":"product_cat-aceites-y-lubricantesorgasmo-femeninopara-los-senos","11":"product_cat-aceites-y-lubricantesorgasmo-femeninopotenciador-orgasmo-femenino","12":"product_cat-afrodisiacospotenciadores","13":"product_cat-afrodisiacossensibilizantes","14":"post_count_is_0","15":"boutique_post_style_4","17":"first","18":"instock","19":"taxable","20":"shipping-taxable","21":"purchasable","22":"product-type-simple","23":"boutique_image_style_2"},"brands":[],"_links":{"self":[{"href":"https:\/\/www.pussycatmerida.com\/eshop\/wp-json\/wp\/v2\/product\/31289","targetHints":{"allow":["GET"]}}],"collection":[{"href":"https:\/\/www.pussycatmerida.com\/eshop\/wp-json\/wp\/v2\/product"}],"about":[{"href":"https:\/\/www.pussycatmerida.com\/eshop\/wp-json\/wp\/v2\/types\/product"}],"wp:featuredmedia":[{"embeddable":true,"href":"https:\/\/www.pussycatmerida.com\/eshop\/wp-json\/wp\/v2\/media\/46867"}],"wp:attachment":[{"href":"https:\/\/www.pussycatmerida.com\/eshop\/wp-json\/wp\/v2\/media?parent=31289"}],"wp:term":[{"taxonomy":"pwb-brand","embeddable":true,"href":"https:\/\/www.pussycatmerida.com\/eshop\/wp-json\/wp\/v2\/pwb-brand?post=31289"},{"taxonomy":"product_brand","embeddable":true,"href":"https:\/\/www.pussycatmerida.com\/eshop\/wp-json\/wp\/v2\/product_brand?post=31289"},{"taxonomy":"product_cat","embeddable":true,"href":"https:\/\/www.pussycatmerida.com\/eshop\/wp-json\/wp\/v2\/product_cat?post=31289"},{"taxonomy":"product_tag","embeddable":true,"href":"https:\/\/www.pussycatmerida.com\/eshop\/wp-json\/wp\/v2\/product_tag?post=31289"}],"curies":[{"name":"wp","href":"https:\/\/api.w.org\/{rel}","templated":true}]}}