{"id":3131,"date":"2021-02-26T15:08:03","date_gmt":"2021-02-26T13:08:03","guid":{"rendered":"https:\/\/www.pussycatmerida.com\/eshop\/product\/bijoux-indiscrets-flamboyant-lilarosa\/"},"modified":"2026-03-11T12:39:45","modified_gmt":"2026-03-11T11:39:45","slug":"bijoux-indiscrets-flamboyant-lilarosa","status":"publish","type":"product","link":"https:\/\/www.pussycatmerida.com\/eshop\/producto\/bijoux-indiscrets-flamboyant-lilarosa\/","title":{"rendered":"BIJOUX INDISCRETS FLAMBOYANT LILAROSA"},"content":{"rendered":"<p style=\"line-height: 16.6399993896484px;\">Dise\u00f1ados para la seducci\u00f3n, la joyeria \u00edntima Bijoux potenciar\u00e1 toda tu sensualidad!<\/p>\n<ul style=\"line-height: 16.6399993896484px;\">\n<li>Decoraciones corporales brillantes.<\/li>\n<\/ul>\n<p style=\"line-height: 16.6399993896484px;\">La delicada belleza del cuerpo convertida en joya!<\/p>\n<p style=\"line-height: 16.6399993896484px;\">\u00a0<\/p>\n<p style=\"line-height: 16.64px; text-align: center;\"><iframe loading=\"lazy\" allowfullscreen=\"\" frameborder=\"0\" height=\"300\" scrolling=\"no\" src=\"https:\/\/www.youtube.com\/embed\/2u-z34A4PVc?rel=0controls=0showinfo=0\" width=\"800\"><\/iframe><\/p>\n","protected":false},"excerpt":{"rendered":"<p>BIJOUX INDISCRETS FLAMBOYANT PURPLEPINK<\/p>\n","protected":false},"featured_media":50295,"template":"","meta":[],"pwb-brand":[51,638],"product_brand":[],"product_cat":[313,309,399],"product_tag":[],"class_list":{"0":"post-3131","1":"product","2":"type-product","3":"status-publish","4":"has-post-thumbnail","6":"pwb-brand-bijoux-indiscrets","7":"pwb-brand-bijoux-indiscretsbijoux-jewelry","8":"product_cat-lenceriacomplementos-lenceria","9":"product_cat-lenceria","10":"product_cat-lenceriapezoneras","11":"post_count_is_0","12":"boutique_post_style_4","14":"first","15":"instock","16":"taxable","17":"shipping-taxable","18":"purchasable","19":"product-type-simple","20":"boutique_image_style_2"},"brands":[{"id":51,"name":"BIJOUX INDISCRETS","slug":"bijoux-indiscrets"},{"id":638,"name":"BIJOUX JEWELRY","slug":"bijoux-indiscretsbijoux-jewelry"}],"_links":{"self":[{"href":"https:\/\/www.pussycatmerida.com\/eshop\/wp-json\/wp\/v2\/product\/3131","targetHints":{"allow":["GET"]}}],"collection":[{"href":"https:\/\/www.pussycatmerida.com\/eshop\/wp-json\/wp\/v2\/product"}],"about":[{"href":"https:\/\/www.pussycatmerida.com\/eshop\/wp-json\/wp\/v2\/types\/product"}],"wp:featuredmedia":[{"embeddable":true,"href":"https:\/\/www.pussycatmerida.com\/eshop\/wp-json\/wp\/v2\/media\/50295"}],"wp:attachment":[{"href":"https:\/\/www.pussycatmerida.com\/eshop\/wp-json\/wp\/v2\/media?parent=3131"}],"wp:term":[{"taxonomy":"pwb-brand","embeddable":true,"href":"https:\/\/www.pussycatmerida.com\/eshop\/wp-json\/wp\/v2\/pwb-brand?post=3131"},{"taxonomy":"product_brand","embeddable":true,"href":"https:\/\/www.pussycatmerida.com\/eshop\/wp-json\/wp\/v2\/product_brand?post=3131"},{"taxonomy":"product_cat","embeddable":true,"href":"https:\/\/www.pussycatmerida.com\/eshop\/wp-json\/wp\/v2\/product_cat?post=3131"},{"taxonomy":"product_tag","embeddable":true,"href":"https:\/\/www.pussycatmerida.com\/eshop\/wp-json\/wp\/v2\/product_tag?post=3131"}],"curies":[{"name":"wp","href":"https:\/\/api.w.org\/{rel}","templated":true}]}}