{"id":31346,"date":"2021-02-26T14:03:30","date_gmt":"2021-02-26T12:03:30","guid":{"rendered":"https:\/\/www.pussycatmerida.com\/eshop\/product\/boyglide-anal-relajante-anal-spray-20ml\/"},"modified":"2026-03-11T12:38:51","modified_gmt":"2026-03-11T11:38:51","slug":"boyglide-anal-relajante-anal-spray-20ml","status":"publish","type":"product","link":"https:\/\/www.pussycatmerida.com\/eshop\/producto\/boyglide-anal-relajante-anal-spray-20ml\/","title":{"rendered":"BOYGLIDE ANAL RELAJANTE ANAL SPRAY 20ML"},"content":{"rendered":"<p>Boyglide spray relajante anal es una loci\u00f3n con propiedades s\u00faper hidratantes y elastizantes, relaja la tensi\u00f3n muscular de la parte intima, aten\u00faa su contracci\u00f3n y garantiza as\u00ed el m\u00e1ximo placer.<\/p>\n<ul>\n<li>Compatible con l\u00e1tex<\/li>\n<li>Dermatol\u00f3gicamente probado<\/li>\n<\/ul>\n<p>Aqua, Glycerin, Propylene Glycol, Panthenol, Aloe Vera Extract, Laureth-9, Arnica Montana Extract, Harpagophytum Extract, Phenoxyethanol, Methylparaben, Ethylparaben, Propylparaben, Butylparaben.<\/p>\n","protected":false},"excerpt":{"rendered":"<p>BOYGLIDE ANAL RELAXING SPRAY 20ML<\/p>\n","protected":false},"featured_media":45937,"template":"","meta":[],"pwb-brand":[],"product_brand":[],"product_cat":[337,347,338,348],"product_tag":[],"class_list":{"0":"post-31346","1":"product","2":"type-product","3":"status-publish","4":"has-post-thumbnail","6":"product_cat-aceites-y-lubricantes","7":"product_cat-aceites-y-lubricanteslubricanteslubricacion-anal","8":"product_cat-aceites-y-lubricanteslubricantes","9":"product_cat-aceites-y-lubricanteslubricanteslubricantes-con-relajante-anal","10":"post_count_is_0","11":"boutique_post_style_4","13":"first","14":"instock","15":"taxable","16":"shipping-taxable","17":"purchasable","18":"product-type-simple","19":"boutique_image_style_2"},"brands":[],"_links":{"self":[{"href":"https:\/\/www.pussycatmerida.com\/eshop\/wp-json\/wp\/v2\/product\/31346","targetHints":{"allow":["GET"]}}],"collection":[{"href":"https:\/\/www.pussycatmerida.com\/eshop\/wp-json\/wp\/v2\/product"}],"about":[{"href":"https:\/\/www.pussycatmerida.com\/eshop\/wp-json\/wp\/v2\/types\/product"}],"wp:featuredmedia":[{"embeddable":true,"href":"https:\/\/www.pussycatmerida.com\/eshop\/wp-json\/wp\/v2\/media\/45937"}],"wp:attachment":[{"href":"https:\/\/www.pussycatmerida.com\/eshop\/wp-json\/wp\/v2\/media?parent=31346"}],"wp:term":[{"taxonomy":"pwb-brand","embeddable":true,"href":"https:\/\/www.pussycatmerida.com\/eshop\/wp-json\/wp\/v2\/pwb-brand?post=31346"},{"taxonomy":"product_brand","embeddable":true,"href":"https:\/\/www.pussycatmerida.com\/eshop\/wp-json\/wp\/v2\/product_brand?post=31346"},{"taxonomy":"product_cat","embeddable":true,"href":"https:\/\/www.pussycatmerida.com\/eshop\/wp-json\/wp\/v2\/product_cat?post=31346"},{"taxonomy":"product_tag","embeddable":true,"href":"https:\/\/www.pussycatmerida.com\/eshop\/wp-json\/wp\/v2\/product_tag?post=31346"}],"curies":[{"name":"wp","href":"https:\/\/api.w.org\/{rel}","templated":true}]}}