{"id":31388,"date":"2021-02-24T14:29:31","date_gmt":"2021-02-24T12:29:31","guid":{"rendered":"https:\/\/www.pussycatmerida.com\/eshop\/product\/fetish-fantasy-9-arnes-con-pene-realistico-eyaculador-229cm\/"},"modified":"2026-03-11T12:25:59","modified_gmt":"2026-03-11T11:25:59","slug":"fetish-fantasy-9-arnes-con-pene-realistico-eyaculador-229cm","status":"publish","type":"product","link":"https:\/\/www.pussycatmerida.com\/eshop\/producto\/fetish-fantasy-9-arnes-con-pene-realistico-eyaculador-229cm\/","title":{"rendered":"FETISH FANTASY 9  ARN\u00c9S CON PENE REALISTICO EYACULADOR  22,9CM"},"content":{"rendered":"<p>Ahora puede crear la sensaci\u00f3n de un pene eyaculador y sentirse m\u00e1s seguro de su tama\u00f1o.<\/p>\n<p>Disfruta de sexo satisfactorio con tu pareja el tiempo suficiente para que ambos alcancen el orgasmo con este squirter ultrarrealista.<\/p>\n<p>\u00a1Satisface los antojos de cum-play y experimenta la longitud y la circunferencia que siempre has deseado!<\/p>\n<ul>\n<li>Ajustes de la cintura: 71,1 cm &#8211; 132,1 cm<\/li>\n<li>Longitud interior: 10,2 cm<\/li>\n<li>Di\u00e1metro del producto 5,3 cm<\/li>\n<li>Di\u00e1metro interno 4,1 cm<\/li>\n<li>Longitud insertable 22,9 cm<\/li>\n<li>Materiales PVC<\/li>\n<\/ul>\n","protected":false},"excerpt":{"rendered":"<p>FETISH FANTASY HARNESS WITH DONG 9 CUM<\/p>\n","protected":false},"featured_media":32846,"template":"","meta":[],"pwb-brand":[485,476],"product_brand":[],"product_cat":[278,274],"product_tag":[],"class_list":{"0":"post-31388","1":"product","2":"type-product","3":"status-publish","4":"has-post-thumbnail","6":"pwb-brand-pipedreams-fetish-fantasy-series","7":"pwb-brand-pipedreams","8":"product_cat-juguetes-sexuales-xxxarneses","9":"product_cat-juguetes-sexuales-xxx","10":"post_count_is_0","11":"boutique_post_style_4","13":"first","14":"instock","15":"taxable","16":"shipping-taxable","17":"purchasable","18":"product-type-simple","19":"boutique_image_style_2"},"brands":[{"id":485,"name":"FETISH FANTASY SERIES","slug":"pipedreams-fetish-fantasy-series"},{"id":476,"name":"PIPEDREAMS","slug":"pipedreams"}],"_links":{"self":[{"href":"https:\/\/www.pussycatmerida.com\/eshop\/wp-json\/wp\/v2\/product\/31388","targetHints":{"allow":["GET"]}}],"collection":[{"href":"https:\/\/www.pussycatmerida.com\/eshop\/wp-json\/wp\/v2\/product"}],"about":[{"href":"https:\/\/www.pussycatmerida.com\/eshop\/wp-json\/wp\/v2\/types\/product"}],"wp:featuredmedia":[{"embeddable":true,"href":"https:\/\/www.pussycatmerida.com\/eshop\/wp-json\/wp\/v2\/media\/32846"}],"wp:attachment":[{"href":"https:\/\/www.pussycatmerida.com\/eshop\/wp-json\/wp\/v2\/media?parent=31388"}],"wp:term":[{"taxonomy":"pwb-brand","embeddable":true,"href":"https:\/\/www.pussycatmerida.com\/eshop\/wp-json\/wp\/v2\/pwb-brand?post=31388"},{"taxonomy":"product_brand","embeddable":true,"href":"https:\/\/www.pussycatmerida.com\/eshop\/wp-json\/wp\/v2\/product_brand?post=31388"},{"taxonomy":"product_cat","embeddable":true,"href":"https:\/\/www.pussycatmerida.com\/eshop\/wp-json\/wp\/v2\/product_cat?post=31388"},{"taxonomy":"product_tag","embeddable":true,"href":"https:\/\/www.pussycatmerida.com\/eshop\/wp-json\/wp\/v2\/product_tag?post=31388"}],"curies":[{"name":"wp","href":"https:\/\/api.w.org\/{rel}","templated":true}]}}