{"id":32076,"date":"2021-02-24T14:56:24","date_gmt":"2021-02-24T12:56:24","guid":{"rendered":"https:\/\/www.pussycatmerida.com\/eshop\/product\/coquette-chic-desire-estimulador-clitoris-negro-gold\/"},"modified":"2026-03-11T12:38:10","modified_gmt":"2026-03-11T11:38:10","slug":"coquette-chic-desire-estimulador-clitoris-negro-gold","status":"publish","type":"product","link":"https:\/\/www.pussycatmerida.com\/eshop\/producto\/coquette-chic-desire-estimulador-clitoris-negro-gold\/","title":{"rendered":"COQUETTE CHIC DESIRE ESTIMULADOR CL\u00cdTORIS NEGRO \/ GOLD"},"content":{"rendered":"<p>Si te gusta la estimulaci\u00f3n del cl\u00edtoris con un tacto suave, sedoso y a la vez potente, te encantar\u00e1 la vibraci\u00f3n recargable del estimulador Clitorial de Coquette\u00ae.<\/p>\n<p>Potentes vibraciones, las 10 velocidades y patrones env\u00edan vibraciones poderosas a lo largo de su estructura \u00a0de silicona directamente a sus puntos dulces externos.<\/p>\n<p>Caracter\u00edsticas:<\/p>\n<ul>\n<li>Vibrador de cl\u00edtoris recargable por USB de lujo con potentes vibraciones de varias velocidades.<\/li>\n<li>10 patrones de vibraci\u00f3n.<\/li>\n<li>Sumergible categor\u00eda IPX6<\/li>\n<li>Dise\u00f1o de f\u00e1cil agarre para ayudarte a identificar tu placer.<\/li>\n<li>USB recargable para jugar en cualquier lugar del mundo.<\/li>\n<li>Dimensiones del producto : 99 X 59MM<\/li>\n<li>Silencioso, tan solo 50db<\/li>\n<li>Tiempo de recarga: 60 min<\/li>\n<li>Vida de la recarga de las bater\u00edas: 70 min<\/li>\n<li>Libre de ftalatos<\/li>\n<li>Materiales: Silicona<\/li>\n<\/ul>\n<p><strong>DETALLES<\/strong><\/p>\n<p>Cada producto incluye una bolsa con cremallera gold que permite guardar el producto tras utilizarlo de forma segura cuidandoalmaximolosdetalles<\/p>\n<p><strong>LA MARCA COQUETTE<\/strong><\/p>\n<p>Llega las novedades de la colecci\u00f3n COQUETTE con inspiraci\u00f3n femenina y elegante. La marca se une a los adeptos del lujo placer vida  sensualidad armon\u00eda elplacercongarant\u00edas y nos ofrece looks \u00fanicos en la jugueter\u00eda sexual aptos para cualquier ocasi\u00f3n. \u201cNos trasladamos a newyork donde las tiendas inspiran a todos los humanos para convertir la inspiraci\u00f3n en realidad a trav\u00e9s de Coquette\u201d<\/p>\n<p>La mujer del siglo XXI es s\u00edmbolo de prosperidad, estabilidad y elegancia. Todo va asociado a la felicidad sexual y la paz interior, y para ello nace COQUETTE, una marca 100% inspirada en la mujer del siglo XXI europea.<\/p>\n","protected":false},"excerpt":{"rendered":"<p>COQUETTE CHIC DESIRE CLITORIAL STIMULATOR BLACK \/ GOLD<\/p>\n","protected":false},"featured_media":34416,"template":"","meta":[],"pwb-brand":[473],"product_brand":[],"product_cat":[288,274,471,434],"product_tag":[],"class_list":{"0":"post-32076","1":"product","2":"type-product","3":"status-publish","4":"has-post-thumbnail","6":"pwb-brand-coquette","7":"product_cat-juguetes-sexuales-xxxestimuladores","8":"product_cat-juguetes-sexuales-xxx","9":"product_cat-novedades","10":"product_cat-juguetes-sexuales-xxxestimuladorespara-clitoris","11":"post_count_is_0","12":"boutique_post_style_4","14":"first","15":"instock","16":"taxable","17":"shipping-taxable","18":"purchasable","19":"product-type-simple","20":"boutique_image_style_2"},"brands":[{"id":473,"name":"COQUETTE","slug":"coquette"}],"_links":{"self":[{"href":"https:\/\/www.pussycatmerida.com\/eshop\/wp-json\/wp\/v2\/product\/32076","targetHints":{"allow":["GET"]}}],"collection":[{"href":"https:\/\/www.pussycatmerida.com\/eshop\/wp-json\/wp\/v2\/product"}],"about":[{"href":"https:\/\/www.pussycatmerida.com\/eshop\/wp-json\/wp\/v2\/types\/product"}],"wp:featuredmedia":[{"embeddable":true,"href":"https:\/\/www.pussycatmerida.com\/eshop\/wp-json\/wp\/v2\/media\/34416"}],"wp:attachment":[{"href":"https:\/\/www.pussycatmerida.com\/eshop\/wp-json\/wp\/v2\/media?parent=32076"}],"wp:term":[{"taxonomy":"pwb-brand","embeddable":true,"href":"https:\/\/www.pussycatmerida.com\/eshop\/wp-json\/wp\/v2\/pwb-brand?post=32076"},{"taxonomy":"product_brand","embeddable":true,"href":"https:\/\/www.pussycatmerida.com\/eshop\/wp-json\/wp\/v2\/product_brand?post=32076"},{"taxonomy":"product_cat","embeddable":true,"href":"https:\/\/www.pussycatmerida.com\/eshop\/wp-json\/wp\/v2\/product_cat?post=32076"},{"taxonomy":"product_tag","embeddable":true,"href":"https:\/\/www.pussycatmerida.com\/eshop\/wp-json\/wp\/v2\/product_tag?post=32076"}],"curies":[{"name":"wp","href":"https:\/\/api.w.org\/{rel}","templated":true}]}}