{"id":32078,"date":"2021-02-24T14:27:01","date_gmt":"2021-02-24T12:27:01","guid":{"rendered":"https:\/\/www.pussycatmerida.com\/eshop\/product\/coquette-cock-ring-anillo-vibrador-negro-gold\/"},"modified":"2026-03-11T12:27:18","modified_gmt":"2026-03-11T11:27:18","slug":"coquette-cock-ring-anillo-vibrador-negro-gold","status":"publish","type":"product","link":"https:\/\/www.pussycatmerida.com\/eshop\/producto\/coquette-cock-ring-anillo-vibrador-negro-gold\/","title":{"rendered":"COQUETTE COCK RING ANILLO VIBRADOR NEGRO \/ GOLD"},"content":{"rendered":"<p>\u00a1\u00a1Toma el control del placer de tu amante!! Llevalo a cualquier lugar y disfruta de las potentes vibraciones del anillo vibrador de Coquette. Cubierto por un bolso de lujo, este anillo estar\u00e1 totalmente protegido y listo para su uso en cualquier lugar.<\/p>\n<p>\u00a1El anillo coquete estimula a ambos! Mujer  Hombre u Hombre-Hombre. Perfecto para usar durante el acto sexual. Potenciar\u00e1 la erecci\u00f3n en el hombre consiguiendo mayor rendimiento sexual y retrasando la eyaculaci\u00f3n.<\/p>\n<p>Caracter\u00edsticas:<\/p>\n<ul>\n<li>Anillo 100% de silicona suave, sedosa y resistente<\/li>\n<li>1 modo de vibraci\u00f3n potente.<\/li>\n<li>Sumergible categor\u00eda IPX6<\/li>\n<li>Dimensiones del producto: 82 x 41MM<\/li>\n<li>Libre de ftalatos<\/li>\n<\/ul>\n<p>Funciona con pilas LR44 incluidas.<\/p>\n<p>DETALLES<\/p>\n<p>Cada producto incluye una bolsa con cremallera gold que permite guardar el producto tras utilizarlo de forma segura cuidandoalmaximolosdetalles<\/p>\n<p>LA MARCA COQUETTE<\/p>\n<p>Llega las novedades de la colecci\u00f3n COQUETTE con inspiraci\u00f3n femenina y elegante. La marca se une a los adeptos del lujo placer vida  sensualidad armon\u00eda elplacercongarant\u00edas y nos ofrece looks \u00fanicos en la jugueter\u00eda sexual aptos para cualquier ocasi\u00f3n. \u201cNos trasladamos a newyork donde las tiendas inspiran a todos los humanos para convertir la inspiraci\u00f3n en realidad a trav\u00e9s de Coquette\u201d<\/p>\n<p>La mujer del siglo XXI es s\u00edmbolo de prosperidad, estabilidad y elegancia. Todo va asociado a la felicidad sexual y la paz interior, y para ello nace COQUETTE, una marca 100% inspirada en la mujer del siglo XXI europea.<\/p>\n","protected":false},"excerpt":{"rendered":"<p>COQUETTE COCK RING WITH VIBRATOR BLACK\/ GOLD<\/p>\n","protected":false},"featured_media":32079,"template":"","meta":[],"pwb-brand":[473],"product_brand":[],"product_cat":[276,903,274,471],"product_tag":[],"class_list":{"0":"post-32078","1":"product","2":"type-product","3":"status-publish","4":"has-post-thumbnail","6":"pwb-brand-coquette","7":"product_cat-juguetes-sexuales-xxxaccesorios-para-el-pene","8":"product_cat-anillos-para-el-pene","9":"product_cat-juguetes-sexuales-xxx","10":"product_cat-novedades","11":"post_count_is_0","12":"boutique_post_style_4","14":"first","15":"instock","16":"taxable","17":"shipping-taxable","18":"purchasable","19":"product-type-simple","20":"boutique_image_style_2"},"brands":[{"id":473,"name":"COQUETTE","slug":"coquette"}],"_links":{"self":[{"href":"https:\/\/www.pussycatmerida.com\/eshop\/wp-json\/wp\/v2\/product\/32078","targetHints":{"allow":["GET"]}}],"collection":[{"href":"https:\/\/www.pussycatmerida.com\/eshop\/wp-json\/wp\/v2\/product"}],"about":[{"href":"https:\/\/www.pussycatmerida.com\/eshop\/wp-json\/wp\/v2\/types\/product"}],"wp:featuredmedia":[{"embeddable":true,"href":"https:\/\/www.pussycatmerida.com\/eshop\/wp-json\/wp\/v2\/media\/32079"}],"wp:attachment":[{"href":"https:\/\/www.pussycatmerida.com\/eshop\/wp-json\/wp\/v2\/media?parent=32078"}],"wp:term":[{"taxonomy":"pwb-brand","embeddable":true,"href":"https:\/\/www.pussycatmerida.com\/eshop\/wp-json\/wp\/v2\/pwb-brand?post=32078"},{"taxonomy":"product_brand","embeddable":true,"href":"https:\/\/www.pussycatmerida.com\/eshop\/wp-json\/wp\/v2\/product_brand?post=32078"},{"taxonomy":"product_cat","embeddable":true,"href":"https:\/\/www.pussycatmerida.com\/eshop\/wp-json\/wp\/v2\/product_cat?post=32078"},{"taxonomy":"product_tag","embeddable":true,"href":"https:\/\/www.pussycatmerida.com\/eshop\/wp-json\/wp\/v2\/product_tag?post=32078"}],"curies":[{"name":"wp","href":"https:\/\/api.w.org\/{rel}","templated":true}]}}