{"id":32209,"date":"2021-02-26T14:03:34","date_gmt":"2021-02-26T12:03:34","guid":{"rendered":"https:\/\/www.pussycatmerida.com\/eshop\/product\/swede-aqua-comfort-lubricante-anal-base-agua-120-ml\/"},"modified":"2026-03-11T12:26:25","modified_gmt":"2026-03-11T11:26:25","slug":"swede-aqua-comfort-lubricante-anal-base-agua-120-ml","status":"publish","type":"product","link":"https:\/\/www.pussycatmerida.com\/eshop\/producto\/swede-aqua-comfort-lubricante-anal-base-agua-120-ml\/","title":{"rendered":"SWEDE AQUA COMFORT LUBRICANTE ANAL BASE AGUA 120 ML"},"content":{"rendered":"<p>Aqua Comfort Anal es un lubricante premium \u00fanico de base agua para la lubricaci\u00f3n anal de forma excelente, duradera, sin ser pegajoso y de arga duraci\u00f3n.\u00a0<\/p>\n<p>La sensaci\u00f3n profunda y sedosa y sin dejar rastro de residuos en la piel despu\u00e9s de usar. El lubricante Aua Comfort cuida el Ph de la piel y adem\u00e1s no contiene parabenos, glicerina ni propilenglicol que a menudo contienen los lubricantes de base agua tradicionales\u00a0<\/p>\n<p>Gracias a su exclusiva f\u00f3rmula, adem\u00e1s, puede usarse con preserv ativos y con juguetes sexuales sin da\u00f1arlos. Adem\u00e1s, se quita f\u00e1cilmente con agua y jab\u00f3n.\u00a0<\/p>\n<ul>\n<li>Lubricante premium base agua\u00a0<\/li>\n<li>F\u00f3rmula exclusiva para uso anal\u00a0<\/li>\n<li>Lubricaci\u00f3n duradera\u00a0<\/li>\n<li>No es pegajoso\u00a0<\/li>\n<li>Sin parabenos, glicerina o propilenglicol.\u00a0<\/li>\n<li>120 ml<\/li>\n<\/ul>\n<p>\u00a0<\/p>\n","protected":false},"excerpt":{"rendered":"<p>SWEDE AQUA COMFORT ANAL WATER-BASED LUBRICANT 120 ML<\/p>\n","protected":false},"featured_media":45942,"template":"","meta":[],"pwb-brand":[719],"product_brand":[],"product_cat":[337,339,347,338,348,471],"product_tag":[],"class_list":{"0":"post-32209","1":"product","2":"type-product","3":"status-publish","4":"has-post-thumbnail","6":"pwb-brand-swede","7":"product_cat-aceites-y-lubricantes","8":"product_cat-aceites-y-lubricanteslubricantesbase-de-agua","9":"product_cat-aceites-y-lubricanteslubricanteslubricacion-anal","10":"product_cat-aceites-y-lubricanteslubricantes","11":"product_cat-aceites-y-lubricanteslubricanteslubricantes-con-relajante-anal","12":"product_cat-novedades","13":"post_count_is_0","14":"boutique_post_style_4","16":"first","17":"instock","18":"taxable","19":"shipping-taxable","20":"purchasable","21":"product-type-simple","22":"boutique_image_style_2"},"brands":[{"id":719,"name":"SWEDE","slug":"swede"}],"_links":{"self":[{"href":"https:\/\/www.pussycatmerida.com\/eshop\/wp-json\/wp\/v2\/product\/32209","targetHints":{"allow":["GET"]}}],"collection":[{"href":"https:\/\/www.pussycatmerida.com\/eshop\/wp-json\/wp\/v2\/product"}],"about":[{"href":"https:\/\/www.pussycatmerida.com\/eshop\/wp-json\/wp\/v2\/types\/product"}],"wp:featuredmedia":[{"embeddable":true,"href":"https:\/\/www.pussycatmerida.com\/eshop\/wp-json\/wp\/v2\/media\/45942"}],"wp:attachment":[{"href":"https:\/\/www.pussycatmerida.com\/eshop\/wp-json\/wp\/v2\/media?parent=32209"}],"wp:term":[{"taxonomy":"pwb-brand","embeddable":true,"href":"https:\/\/www.pussycatmerida.com\/eshop\/wp-json\/wp\/v2\/pwb-brand?post=32209"},{"taxonomy":"product_brand","embeddable":true,"href":"https:\/\/www.pussycatmerida.com\/eshop\/wp-json\/wp\/v2\/product_brand?post=32209"},{"taxonomy":"product_cat","embeddable":true,"href":"https:\/\/www.pussycatmerida.com\/eshop\/wp-json\/wp\/v2\/product_cat?post=32209"},{"taxonomy":"product_tag","embeddable":true,"href":"https:\/\/www.pussycatmerida.com\/eshop\/wp-json\/wp\/v2\/product_tag?post=32209"}],"curies":[{"name":"wp","href":"https:\/\/api.w.org\/{rel}","templated":true}]}}