{"id":3223,"date":"2021-02-26T15:42:00","date_gmt":"2021-02-26T13:42:00","guid":{"rendered":"https:\/\/www.pussycatmerida.com\/eshop\/product\/fetish-fantasy-arnes-hueco-ajustable-natural-25-4-cm\/"},"modified":"2026-03-11T12:27:34","modified_gmt":"2026-03-11T11:27:34","slug":"fetish-fantasy-arnes-hueco-ajustable-natural-25-4-cm","status":"publish","type":"product","link":"https:\/\/www.pussycatmerida.com\/eshop\/producto\/fetish-fantasy-arnes-hueco-ajustable-natural-25-4-cm\/","title":{"rendered":"FETISH FANTASY ARNES HUECO AJUSTABLE NATURAL 25.4 CM"},"content":{"rendered":"<p>Fant\u00e1stico arn\u00e9s hueco para hombre en color chocolate, de la prestigiosa colecci\u00f3n FETISH FANTASY SERIES.<\/p>\n<p>Ahora usted puede tener la longitud y el grosor que siempre ha so\u00f1ado con este arn\u00e9s huevo con buena sujeci\u00f3n. Diga adi\u00f3s a la verg\u00fcenza de quedarse a mitad de camino y reciba una sonrisa satisfactoria de su amante.<\/p>\n<ul>\n<li>Siempre ha querido tener un pene grande y sentirse m\u00e1s confiado con su tama\u00f1o? Su amante sabe que el tama\u00f1o s\u00ed importa, y nadie puede cumplir con sus fantas\u00edas y satisfacer a su pareja como un semental<\/li>\n<li>El arn\u00e9s el\u00e1stico y c\u00f3modo, se ajusta f\u00e1cilmente para adaptarse a la mayor\u00eda de los tama\u00f1os.<\/li>\n<li>Es perfecto para los hombres con disfunci\u00f3n er\u00e9ctil, para las mujeres, o para la pareja que fantasean acerca de sus deseos m\u00e1s oscuros.<\/li>\n<li>Medidas: 25.4 cm x 4,5 cm.<\/li>\n<li>Longitud insertable: 24.1 cm<\/li>\n<\/ul>\n<p>Incluye m\u00e1scara de regalo.<\/p>\n<p style=\"text-align: center;\"><embed allowfullscreen=\"true\" allowscriptaccess=\"always\" flashvars=\"controlbar=bottomnetstreambasepath=http%3A%2F%2Fwww.pipedreamproducts.com%2Ffile=http%3A%2F%2Fwww.pipedreamproducts.com%2Fvideos%2Fpd3948-00.m4vautostart=true\" height=\"300\" quality=\"high\" src=\"http:\/\/www.pipedreamproducts.com\/jwplayer\/player.swf\" width=\"800\"><\/embed><\/p>\n","protected":false},"excerpt":{"rendered":"<p>FETISH FANTASY DREAM HOLLOW STRAP-ON 25.4 CM<\/p>\n","protected":false},"featured_media":53857,"template":"","meta":[],"pwb-brand":[485,476],"product_brand":[],"product_cat":[277,917,278,279,274,306],"product_tag":[],"class_list":{"0":"post-3223","1":"product","2":"type-product","3":"status-publish","4":"has-post-thumbnail","6":"pwb-brand-pipedreams-fetish-fantasy-series","7":"pwb-brand-pipedreams","8":"product_cat-juguetes-sexuales-xxxalargamiento-pene","9":"product_cat-arnes-hueco","10":"product_cat-juguetes-sexuales-xxxarneses","11":"product_cat-juguetes-sexuales-xxxextensiones-para-el-pene","12":"product_cat-juguetes-sexuales-xxx","13":"product_cat-juguetes-sexuales-xxxpara-el","14":"post_count_is_0","15":"boutique_post_style_4","17":"first","18":"instock","19":"taxable","20":"shipping-taxable","21":"purchasable","22":"product-type-simple","23":"boutique_image_style_2"},"brands":[{"id":485,"name":"FETISH FANTASY SERIES","slug":"pipedreams-fetish-fantasy-series"},{"id":476,"name":"PIPEDREAMS","slug":"pipedreams"}],"_links":{"self":[{"href":"https:\/\/www.pussycatmerida.com\/eshop\/wp-json\/wp\/v2\/product\/3223","targetHints":{"allow":["GET"]}}],"collection":[{"href":"https:\/\/www.pussycatmerida.com\/eshop\/wp-json\/wp\/v2\/product"}],"about":[{"href":"https:\/\/www.pussycatmerida.com\/eshop\/wp-json\/wp\/v2\/types\/product"}],"wp:featuredmedia":[{"embeddable":true,"href":"https:\/\/www.pussycatmerida.com\/eshop\/wp-json\/wp\/v2\/media\/53857"}],"wp:attachment":[{"href":"https:\/\/www.pussycatmerida.com\/eshop\/wp-json\/wp\/v2\/media?parent=3223"}],"wp:term":[{"taxonomy":"pwb-brand","embeddable":true,"href":"https:\/\/www.pussycatmerida.com\/eshop\/wp-json\/wp\/v2\/pwb-brand?post=3223"},{"taxonomy":"product_brand","embeddable":true,"href":"https:\/\/www.pussycatmerida.com\/eshop\/wp-json\/wp\/v2\/product_brand?post=3223"},{"taxonomy":"product_cat","embeddable":true,"href":"https:\/\/www.pussycatmerida.com\/eshop\/wp-json\/wp\/v2\/product_cat?post=3223"},{"taxonomy":"product_tag","embeddable":true,"href":"https:\/\/www.pussycatmerida.com\/eshop\/wp-json\/wp\/v2\/product_tag?post=3223"}],"curies":[{"name":"wp","href":"https:\/\/api.w.org\/{rel}","templated":true}]}}