{"id":32356,"date":"2021-02-26T14:03:35","date_gmt":"2021-02-26T12:03:35","guid":{"rendered":"https:\/\/www.pussycatmerida.com\/eshop\/product\/secretplay-relax-anal-gel-15-ml\/"},"modified":"2026-03-11T12:26:25","modified_gmt":"2026-03-11T11:26:25","slug":"secretplay-relax-anal-gel-15-ml","status":"publish","type":"product","link":"https:\/\/www.pussycatmerida.com\/eshop\/producto\/secretplay-relax-anal-gel-15-ml\/","title":{"rendered":"SECRETPLAY RELAX! ANAL GEL 15 ML"},"content":{"rendered":"<p>Sab\u00edas que el sexo anal es una de las pr\u00e1cticas sexuales m\u00e1s placenteras? Pero para que pueda llegar a ser totalmente satisfactoria t\u00f3matelo con calma.<\/p>\n<p>Tanto si eres primerizo como si no Relax! es ideal para ti, pues es un gel que proporciona sensaci\u00f3n de relajaci\u00f3n y elasticidad en la zona anal, permitiendo que la estimulaci\u00f3n o penetraci\u00f3n sea m\u00e1s placentera.<\/p>\n<p>Relax! est\u00e1 creado para esta pr\u00e1ctica, de manera que dilata los m\u00fasculos y tejidos de la zona anal, permitiendo que la penetraci\u00f3n sea m\u00e1s f\u00e1cil. Adem\u00e1s es de larga duraci\u00f3n.<\/p>\n<p>Sin duda estamos seguros de que este relajante anal no os dejar\u00e1 indiferentes, experimentar\u00e9is sensaciones completamente nuevas gracias a sus ingredientes naturales y cuidados hasta el \u00faltimo detalle que os ayudar\u00e1n a disfrutar m\u00e1s en vuestras relaciones.<\/p>\n<p>MODO DE EMPLEO: Envase con sistema \u00abAirless\u00bb. Aplicar una peque\u00f1a cantidad sobre la zona anal con un suave masaje. Dejar actuar unos minutos.<\/p>\n<ul>\n<li>Envase con sistema \u00abAirless\u00bb<\/li>\n<li>Capacidad: 15 ml<\/li>\n<li>100% natural<\/li>\n<li>No testado en animales<\/li>\n<li>Apto para veganos<\/li>\n<li>Hecho en Espa\u00f1a<\/li>\n<li>F\u00e1cil uso<\/li>\n<\/ul>\n","protected":false},"excerpt":{"rendered":"<p>SECRETPLAY RELAX! ANAL GEL 15 ML<\/p>\n","protected":false},"featured_media":45943,"template":"","meta":[],"pwb-brand":[498,682],"product_brand":[],"product_cat":[337,338,348,471],"product_tag":[],"class_list":{"0":"post-32356","1":"product","2":"type-product","3":"status-publish","4":"has-post-thumbnail","6":"pwb-brand-secretplay","7":"pwb-brand-secretplaysecretplay-cosmetic","8":"product_cat-aceites-y-lubricantes","9":"product_cat-aceites-y-lubricanteslubricantes","10":"product_cat-aceites-y-lubricanteslubricanteslubricantes-con-relajante-anal","11":"product_cat-novedades","12":"post_count_is_0","13":"boutique_post_style_4","15":"first","16":"instock","17":"taxable","18":"shipping-taxable","19":"purchasable","20":"product-type-simple","21":"boutique_image_style_2"},"brands":[{"id":498,"name":"SECRETPLAY","slug":"secretplay"},{"id":682,"name":"SECRETPLAY COSMETIC","slug":"secretplaysecretplay-cosmetic"}],"_links":{"self":[{"href":"https:\/\/www.pussycatmerida.com\/eshop\/wp-json\/wp\/v2\/product\/32356","targetHints":{"allow":["GET"]}}],"collection":[{"href":"https:\/\/www.pussycatmerida.com\/eshop\/wp-json\/wp\/v2\/product"}],"about":[{"href":"https:\/\/www.pussycatmerida.com\/eshop\/wp-json\/wp\/v2\/types\/product"}],"wp:featuredmedia":[{"embeddable":true,"href":"https:\/\/www.pussycatmerida.com\/eshop\/wp-json\/wp\/v2\/media\/45943"}],"wp:attachment":[{"href":"https:\/\/www.pussycatmerida.com\/eshop\/wp-json\/wp\/v2\/media?parent=32356"}],"wp:term":[{"taxonomy":"pwb-brand","embeddable":true,"href":"https:\/\/www.pussycatmerida.com\/eshop\/wp-json\/wp\/v2\/pwb-brand?post=32356"},{"taxonomy":"product_brand","embeddable":true,"href":"https:\/\/www.pussycatmerida.com\/eshop\/wp-json\/wp\/v2\/product_brand?post=32356"},{"taxonomy":"product_cat","embeddable":true,"href":"https:\/\/www.pussycatmerida.com\/eshop\/wp-json\/wp\/v2\/product_cat?post=32356"},{"taxonomy":"product_tag","embeddable":true,"href":"https:\/\/www.pussycatmerida.com\/eshop\/wp-json\/wp\/v2\/product_tag?post=32356"}],"curies":[{"name":"wp","href":"https:\/\/api.w.org\/{rel}","templated":true}]}}