{"id":32359,"date":"2021-02-26T14:04:05","date_gmt":"2021-02-26T12:04:05","guid":{"rendered":"https:\/\/www.pussycatmerida.com\/eshop\/product\/secretplay-mango-pineapple-gel-sweet-love-60-ml\/"},"modified":"2026-03-11T12:26:21","modified_gmt":"2026-03-11T11:26:21","slug":"secretplay-mango-pineapple-gel-sweet-love-60-ml","status":"publish","type":"product","link":"https:\/\/www.pussycatmerida.com\/eshop\/producto\/secretplay-mango-pineapple-gel-sweet-love-60-ml\/","title":{"rendered":"SECRETPLAY MANGO  PINEAPPLE GEL &#8211; SWEET LOVE 60 ML"},"content":{"rendered":"<p>Geles Secret Play perfectos para disfrutar solo o en pareja.<\/p>\n<p>Son 100% comestibles y con ellos podr\u00e1s recorrer el cuerpo de tu pareja ya que son ideales para todas las zonas er\u00f3genas, pezones, cuello, test\u00edculos,\u2026 Adem\u00e1s de por su textura estos cremosos geles lubricantes te fascinar\u00e1n por sus deliciosos sabores, a los que dif\u00edcilmente podr\u00e1s resistirte. \u00a1End\u00falzate de amor!<\/p>\n<ul>\n<li>100% comestile<\/li>\n<li>Envase con sistema \u00abDisc-Top\u00bb<\/li>\n<li>F\u00e1cil aplicaci\u00f3n<\/li>\n<li>Capacidad: 60 ml<\/li>\n<li>Sabor: Pi\u00f1a  Mango<\/li>\n<li>Base agua (compatible con preservativos y juguetes)<\/li>\n<li>No testado en animales<\/li>\n<li>Hecho en Espa\u00f1a<\/li>\n<\/ul>\n<p>Combina los juegos sexuales con este lubricante de usos m\u00faltiples.<\/p>\n","protected":false},"excerpt":{"rendered":"<p>SECRETPLAY MANGO  PINEAPPLE &#8211; SWEET LOVE 60 ML<\/p>\n","protected":false},"featured_media":45968,"template":"","meta":[],"pwb-brand":[498,682],"product_brand":[],"product_cat":[350,342,337,338,346,345,471],"product_tag":[],"class_list":{"0":"post-32359","1":"product","2":"type-product","3":"status-publish","4":"has-post-thumbnail","6":"pwb-brand-secretplay","7":"pwb-brand-secretplaysecretplay-cosmetic","8":"product_cat-aceites-y-lubricantesaceites-y-cremas-de-masaje100-comestibles","9":"product_cat-aceites-y-lubricantesaceites-y-cremas-de-masaje","10":"product_cat-aceites-y-lubricantes","11":"product_cat-aceites-y-lubricanteslubricantes","12":"product_cat-aceites-y-lubricanteslubricanteslubricantes-comestibles","13":"product_cat-aceites-y-lubricanteslubricanteslubricantes-con-sabores","14":"product_cat-novedades","15":"post_count_is_0","16":"boutique_post_style_4","18":"first","19":"instock","20":"taxable","21":"shipping-taxable","22":"purchasable","23":"product-type-simple","24":"boutique_image_style_2"},"brands":[{"id":498,"name":"SECRETPLAY","slug":"secretplay"},{"id":682,"name":"SECRETPLAY COSMETIC","slug":"secretplaysecretplay-cosmetic"}],"_links":{"self":[{"href":"https:\/\/www.pussycatmerida.com\/eshop\/wp-json\/wp\/v2\/product\/32359","targetHints":{"allow":["GET"]}}],"collection":[{"href":"https:\/\/www.pussycatmerida.com\/eshop\/wp-json\/wp\/v2\/product"}],"about":[{"href":"https:\/\/www.pussycatmerida.com\/eshop\/wp-json\/wp\/v2\/types\/product"}],"wp:featuredmedia":[{"embeddable":true,"href":"https:\/\/www.pussycatmerida.com\/eshop\/wp-json\/wp\/v2\/media\/45968"}],"wp:attachment":[{"href":"https:\/\/www.pussycatmerida.com\/eshop\/wp-json\/wp\/v2\/media?parent=32359"}],"wp:term":[{"taxonomy":"pwb-brand","embeddable":true,"href":"https:\/\/www.pussycatmerida.com\/eshop\/wp-json\/wp\/v2\/pwb-brand?post=32359"},{"taxonomy":"product_brand","embeddable":true,"href":"https:\/\/www.pussycatmerida.com\/eshop\/wp-json\/wp\/v2\/product_brand?post=32359"},{"taxonomy":"product_cat","embeddable":true,"href":"https:\/\/www.pussycatmerida.com\/eshop\/wp-json\/wp\/v2\/product_cat?post=32359"},{"taxonomy":"product_tag","embeddable":true,"href":"https:\/\/www.pussycatmerida.com\/eshop\/wp-json\/wp\/v2\/product_tag?post=32359"}],"curies":[{"name":"wp","href":"https:\/\/api.w.org\/{rel}","templated":true}]}}