{"id":32363,"date":"2021-02-26T15:38:25","date_gmt":"2021-02-26T13:38:25","guid":{"rendered":"https:\/\/www.pussycatmerida.com\/eshop\/product\/pretty-love-mr-play-plug-con-vibracion-control-remoto-10-8-cm\/"},"modified":"2026-03-11T12:27:49","modified_gmt":"2026-03-11T11:27:49","slug":"pretty-love-mr-play-plug-con-vibracion-control-remoto-10-8-cm","status":"publish","type":"product","link":"https:\/\/www.pussycatmerida.com\/eshop\/producto\/pretty-love-mr-play-plug-con-vibracion-control-remoto-10-8-cm\/","title":{"rendered":"PRETTY LOVE MR PLAY PLUG CON VIBRACION CONTROL REMOTO 10.8 CM"},"content":{"rendered":"<p>Este Mr Play con sus\u00a012 modos de vibraci\u00f3n\u00a0es la opci\u00f3n perfecta para una excitaci\u00f3n anal premium.<\/p>\n<p>Dise\u00f1ado ergon\u00f3micamente, el elegante lug tiene una punta fina y c\u00f3nica para una f\u00e1cil inserci\u00f3n, mientras que el cuello estrecho garantiza un deslizamiento\u00a0c\u00f3modo. Con el control remoto y la funci\u00f3n de memoria, puede explorar 12 modos de vibraci\u00f3n para una mezcla de velocidades y patrones, ya que el potente motor ofrece emociones incre\u00edbles y resultados explosivos.<\/p>\n<p>Juega en el dormitorio, el ba\u00f1o o la ducha mientras disfrutas de este plug impermeable donde quiera que el estado de \u00e1nimo te diga. Adem\u00e1s de ofrecer vibraciones s\u00faper fuertes, su material es\u00a0ultra-higi\u00e9nico seguro para el cuerpo, hipoalerg\u00e9nico y sin l\u00e1tex, para un acabado ultra suave\u00a0<\/p>\n<ul>\n<li>Plug anal con vibraci\u00f3n y control remoto\u00a0<\/li>\n<li>12 modos de vibraci\u00f3n.\u00a0<\/li>\n<li>Silicona de alta calidad<\/li>\n<li>Impermeable<\/li>\n<li>Ventosa fuerte<\/li>\n<li>Medidas:<\/li>\n<li>Longitud total: 108 mm<\/li>\n<li>Di\u00e1metro: 34 mm<\/li>\n<\/ul>\n","protected":false},"excerpt":{"rendered":"<p>PRETTY LOVE MR PLAY VIBRATING ANAL PLUG 10.8 CM<\/p>\n","protected":false},"featured_media":53444,"template":"","meta":[],"pwb-brand":[559,213],"product_brand":[],"product_cat":[275,280,284,274,306,300,299],"product_tag":[],"class_list":{"0":"post-32363","1":"product","2":"type-product","3":"status-publish","4":"has-post-thumbnail","6":"pwb-brand-pretty-lovepretty-bottom","7":"pwb-brand-pretty-love","8":"product_cat-juguetes-sexuales-xxxacuaticos","9":"product_cat-juguetes-sexuales-xxxanal","10":"product_cat-juguetes-sexuales-xxxcontrol-remoto","11":"product_cat-juguetes-sexuales-xxx","12":"product_cat-juguetes-sexuales-xxxpara-el","13":"product_cat-juguetes-sexuales-xxxplugs-anales","14":"product_cat-juguetes-sexuales-xxxvibradores","15":"post_count_is_0","16":"boutique_post_style_4","18":"first","19":"instock","20":"taxable","21":"shipping-taxable","22":"purchasable","23":"product-type-simple","24":"boutique_image_style_2"},"brands":[{"id":559,"name":"PRETTY BOTTOM","slug":"pretty-lovepretty-bottom"},{"id":213,"name":"PRETTY LOVE","slug":"pretty-love"}],"_links":{"self":[{"href":"https:\/\/www.pussycatmerida.com\/eshop\/wp-json\/wp\/v2\/product\/32363","targetHints":{"allow":["GET"]}}],"collection":[{"href":"https:\/\/www.pussycatmerida.com\/eshop\/wp-json\/wp\/v2\/product"}],"about":[{"href":"https:\/\/www.pussycatmerida.com\/eshop\/wp-json\/wp\/v2\/types\/product"}],"wp:featuredmedia":[{"embeddable":true,"href":"https:\/\/www.pussycatmerida.com\/eshop\/wp-json\/wp\/v2\/media\/53444"}],"wp:attachment":[{"href":"https:\/\/www.pussycatmerida.com\/eshop\/wp-json\/wp\/v2\/media?parent=32363"}],"wp:term":[{"taxonomy":"pwb-brand","embeddable":true,"href":"https:\/\/www.pussycatmerida.com\/eshop\/wp-json\/wp\/v2\/pwb-brand?post=32363"},{"taxonomy":"product_brand","embeddable":true,"href":"https:\/\/www.pussycatmerida.com\/eshop\/wp-json\/wp\/v2\/product_brand?post=32363"},{"taxonomy":"product_cat","embeddable":true,"href":"https:\/\/www.pussycatmerida.com\/eshop\/wp-json\/wp\/v2\/product_cat?post=32363"},{"taxonomy":"product_tag","embeddable":true,"href":"https:\/\/www.pussycatmerida.com\/eshop\/wp-json\/wp\/v2\/product_tag?post=32363"}],"curies":[{"name":"wp","href":"https:\/\/api.w.org\/{rel}","templated":true}]}}