{"id":32366,"date":"2021-02-26T15:38:27","date_gmt":"2021-02-26T13:38:27","guid":{"rendered":"https:\/\/www.pussycatmerida.com\/eshop\/product\/pretty-love-mr-play-plug-anal-hinchable-12-1-cm\/"},"modified":"2026-03-11T12:40:42","modified_gmt":"2026-03-11T11:40:42","slug":"pretty-love-mr-play-plug-anal-hinchable-12-1-cm","status":"publish","type":"product","link":"https:\/\/www.pussycatmerida.com\/eshop\/producto\/pretty-love-mr-play-plug-anal-hinchable-12-1-cm\/","title":{"rendered":"PRETTY LOVE MR PLAY PLUG ANAL HINCHABLE  12.1 CM"},"content":{"rendered":"<p>Este plug hinchable\u00a0con multivibraci\u00f3n proporciona la m\u00e1xima sensaci\u00f3n anal.<\/p>\n<p>\u00a1El plug\u00a0ultra el\u00e1stico se infla suavemente para a\u00fan m\u00e1s placer anal! Cuando se infla, \u00a0a\u00f1ade la cantidad perfecta de presi\u00f3n y sensaciones a\u00f1adidas a la pr\u00f3stata para la experiencia anal m\u00e1s demoledora e inolvidable.\u00a0<\/p>\n<ul>\n<li>Plug\u00a0anal inflable<\/li>\n<li>Funci\u00f3n inflable<\/li>\n<li>Con control remoto inal\u00e1mbrico<\/li>\n<li>Medidas:\n<ul>\n<li>Longitud total: 121 mm<\/li>\n<li>Di\u00e1metro: 33 mm<\/li>\n<\/ul>\n<\/li>\n<li>12 modos de vibraci\u00f3n\u00a0<\/li>\n<li>Impermeable<\/li>\n<li>USB recargable<\/li>\n<\/ul>\n","protected":false},"excerpt":{"rendered":"<p>PRETTY LOVE MR PLAY INFLATABLE ANAL PLUG 12.1 CM<\/p>\n","protected":false},"featured_media":53449,"template":"","meta":[],"pwb-brand":[559,213],"product_brand":[],"product_cat":[275,284,387,274,306,300],"product_tag":[],"class_list":{"0":"post-32366","1":"product","2":"type-product","3":"status-publish","4":"has-post-thumbnail","6":"pwb-brand-pretty-lovepretty-bottom","7":"pwb-brand-pretty-love","8":"product_cat-juguetes-sexuales-xxxacuaticos","9":"product_cat-juguetes-sexuales-xxxcontrol-remoto","10":"product_cat-juguetes-sexuales-xxxespecial-gays","11":"product_cat-juguetes-sexuales-xxx","12":"product_cat-juguetes-sexuales-xxxpara-el","13":"product_cat-juguetes-sexuales-xxxplugs-anales","14":"post_count_is_0","15":"boutique_post_style_4","17":"first","18":"instock","19":"taxable","20":"shipping-taxable","21":"purchasable","22":"product-type-simple","23":"boutique_image_style_2"},"brands":[{"id":559,"name":"PRETTY BOTTOM","slug":"pretty-lovepretty-bottom"},{"id":213,"name":"PRETTY LOVE","slug":"pretty-love"}],"_links":{"self":[{"href":"https:\/\/www.pussycatmerida.com\/eshop\/wp-json\/wp\/v2\/product\/32366","targetHints":{"allow":["GET"]}}],"collection":[{"href":"https:\/\/www.pussycatmerida.com\/eshop\/wp-json\/wp\/v2\/product"}],"about":[{"href":"https:\/\/www.pussycatmerida.com\/eshop\/wp-json\/wp\/v2\/types\/product"}],"wp:featuredmedia":[{"embeddable":true,"href":"https:\/\/www.pussycatmerida.com\/eshop\/wp-json\/wp\/v2\/media\/53449"}],"wp:attachment":[{"href":"https:\/\/www.pussycatmerida.com\/eshop\/wp-json\/wp\/v2\/media?parent=32366"}],"wp:term":[{"taxonomy":"pwb-brand","embeddable":true,"href":"https:\/\/www.pussycatmerida.com\/eshop\/wp-json\/wp\/v2\/pwb-brand?post=32366"},{"taxonomy":"product_brand","embeddable":true,"href":"https:\/\/www.pussycatmerida.com\/eshop\/wp-json\/wp\/v2\/product_brand?post=32366"},{"taxonomy":"product_cat","embeddable":true,"href":"https:\/\/www.pussycatmerida.com\/eshop\/wp-json\/wp\/v2\/product_cat?post=32366"},{"taxonomy":"product_tag","embeddable":true,"href":"https:\/\/www.pussycatmerida.com\/eshop\/wp-json\/wp\/v2\/product_tag?post=32366"}],"curies":[{"name":"wp","href":"https:\/\/api.w.org\/{rel}","templated":true}]}}