{"id":32368,"date":"2021-02-26T15:38:32","date_gmt":"2021-02-26T13:38:32","guid":{"rendered":"https:\/\/www.pussycatmerida.com\/eshop\/product\/pretty-love-mr-play-plug-con-vibracion-12-8-cm\/"},"modified":"2026-03-11T12:27:49","modified_gmt":"2026-03-11T11:27:49","slug":"pretty-love-mr-play-plug-con-vibracion-12-8-cm","status":"publish","type":"product","link":"https:\/\/www.pussycatmerida.com\/eshop\/producto\/pretty-love-mr-play-plug-con-vibracion-12-8-cm\/","title":{"rendered":"PRETTY LOVE MR PLAY PLUG CON VIBRACION 12.8 CM"},"content":{"rendered":"<p>Este\u00a0Plug anal de Mr.Play y sus doce modos de vibraci\u00f3n\u00a0es la opci\u00f3n perfecta para una excitaci\u00f3n anal premium.<\/p>\n<p>Dise\u00f1ado ergon\u00f3micamente, este elegante plug \u00a0tiene una punta fina y c\u00f3nica para una f\u00e1cil inserci\u00f3n, mientras que el cuello estrecho garantiza un desgaste c\u00f3modo. Explora 12 modos de vibraci\u00f3n para una mezcla de velocidades y patrones, ya que el potente motor ofrece emociones incre\u00edbles y resultados explosivos.<\/p>\n<p>Juega en el dormitorio, el ba\u00f1o o la ducha mientras usas este plug\u00a0impermeable cuando quieras en el momento que quieras\u00a0<\/p>\n<ul>\n<li>PLug anal con vibraci\u00f3n Mr Play\u00a0<\/li>\n<li>12 modos de vibraci\u00f3n\u00a0<\/li>\n<li>Silicona de alta calidad\u00a0<\/li>\n<li>USB recargable\u00a0<\/li>\n<li>Resistente al agua.\u00a0<\/li>\n<\/ul>\n","protected":false},"excerpt":{"rendered":"<p>PRETTY LOVE MR PLAY VIBRATING ANAL PLUG 12.8 CM<\/p>\n","protected":false},"featured_media":53459,"template":"","meta":[],"pwb-brand":[559,213],"product_brand":[],"product_cat":[275,280,274,306,907],"product_tag":[],"class_list":{"0":"post-32368","1":"product","2":"type-product","3":"status-publish","4":"has-post-thumbnail","6":"pwb-brand-pretty-lovepretty-bottom","7":"pwb-brand-pretty-love","8":"product_cat-juguetes-sexuales-xxxacuaticos","9":"product_cat-juguetes-sexuales-xxxanal","10":"product_cat-juguetes-sexuales-xxx","11":"product_cat-juguetes-sexuales-xxxpara-el","12":"product_cat-vibradores-anales","13":"post_count_is_0","14":"boutique_post_style_4","16":"first","17":"instock","18":"taxable","19":"shipping-taxable","20":"purchasable","21":"product-type-simple","22":"boutique_image_style_2"},"brands":[{"id":559,"name":"PRETTY BOTTOM","slug":"pretty-lovepretty-bottom"},{"id":213,"name":"PRETTY LOVE","slug":"pretty-love"}],"_links":{"self":[{"href":"https:\/\/www.pussycatmerida.com\/eshop\/wp-json\/wp\/v2\/product\/32368","targetHints":{"allow":["GET"]}}],"collection":[{"href":"https:\/\/www.pussycatmerida.com\/eshop\/wp-json\/wp\/v2\/product"}],"about":[{"href":"https:\/\/www.pussycatmerida.com\/eshop\/wp-json\/wp\/v2\/types\/product"}],"wp:featuredmedia":[{"embeddable":true,"href":"https:\/\/www.pussycatmerida.com\/eshop\/wp-json\/wp\/v2\/media\/53459"}],"wp:attachment":[{"href":"https:\/\/www.pussycatmerida.com\/eshop\/wp-json\/wp\/v2\/media?parent=32368"}],"wp:term":[{"taxonomy":"pwb-brand","embeddable":true,"href":"https:\/\/www.pussycatmerida.com\/eshop\/wp-json\/wp\/v2\/pwb-brand?post=32368"},{"taxonomy":"product_brand","embeddable":true,"href":"https:\/\/www.pussycatmerida.com\/eshop\/wp-json\/wp\/v2\/product_brand?post=32368"},{"taxonomy":"product_cat","embeddable":true,"href":"https:\/\/www.pussycatmerida.com\/eshop\/wp-json\/wp\/v2\/product_cat?post=32368"},{"taxonomy":"product_tag","embeddable":true,"href":"https:\/\/www.pussycatmerida.com\/eshop\/wp-json\/wp\/v2\/product_tag?post=32368"}],"curies":[{"name":"wp","href":"https:\/\/api.w.org\/{rel}","templated":true}]}}