{"id":32373,"date":"2021-03-09T18:30:37","date_gmt":"2021-03-09T16:30:37","guid":{"rendered":"https:\/\/www.pussycatmerida.com\/eshop\/producto\/pretty-love-mr-play-plug-anal-con-vibracion-11-8-cm\/"},"modified":"2026-03-11T12:27:50","modified_gmt":"2026-03-11T11:27:50","slug":"pretty-love-mr-play-plug-anal-con-vibracion-11-8-cm","status":"publish","type":"product","link":"https:\/\/www.pussycatmerida.com\/eshop\/producto\/pretty-love-mr-play-plug-anal-con-vibracion-11-8-cm\/","title":{"rendered":"PRETTY LOVE MR PLAY PLUG ANAL CON VIBRACI\u00d3N 11.8 CM"},"content":{"rendered":"<p>Dale a tu ano algo de placentero amor con el plug con vibraci\u00f3n de Mr Play<\/p>\n<p>Lo \u00faltimo en juegos anales, lleva tu placer al siguiente nivel con este juguete premium-. Su estilo negro mate y su punta y varios niveles, hacen que puedas insertarlo de forma f\u00e1cil. Presiona la bala y cambia entre sus diez modos de vibraci\u00f3n, cada uno, dise\u00f1ado para llevarte a un final org\u00e1smico.\u00a0<\/p>\n<p>\u00a0<\/p>\n<ul>\n<li>Plug anal con vibraci\u00f3n.\u00a0<\/li>\n<li>10 modos de vibraci\u00f3n\u00a0<\/li>\n<li>Silicona de alta calidad<\/li>\n<li>Resistente al agua\u00a0<\/li>\n<li>Pilas: 1AAA<\/li>\n<li>Longitud total: 11.8 cm\u00a0<\/li>\n<li>Di\u00e1metro: 4 cm\u00a0<\/li>\n<\/ul>\n","protected":false},"excerpt":{"rendered":"<p>PRETTY LOVE MR PLAY PLUG SILICONE VIBRATING ANAL PLUG 11.8 CM<\/p>\n","protected":false},"featured_media":53484,"template":"","meta":[],"pwb-brand":[559,213],"product_brand":[],"product_cat":[275,280,274,306,300],"product_tag":[],"class_list":{"0":"post-32373","1":"product","2":"type-product","3":"status-publish","4":"has-post-thumbnail","6":"pwb-brand-pretty-lovepretty-bottom","7":"pwb-brand-pretty-love","8":"product_cat-juguetes-sexuales-xxxacuaticos","9":"product_cat-juguetes-sexuales-xxxanal","10":"product_cat-juguetes-sexuales-xxx","11":"product_cat-juguetes-sexuales-xxxpara-el","12":"product_cat-juguetes-sexuales-xxxplugs-anales","13":"post_count_is_0","14":"boutique_post_style_4","16":"first","17":"instock","18":"taxable","19":"shipping-taxable","20":"purchasable","21":"product-type-simple","22":"boutique_image_style_2"},"brands":[{"id":559,"name":"PRETTY BOTTOM","slug":"pretty-lovepretty-bottom"},{"id":213,"name":"PRETTY LOVE","slug":"pretty-love"}],"_links":{"self":[{"href":"https:\/\/www.pussycatmerida.com\/eshop\/wp-json\/wp\/v2\/product\/32373","targetHints":{"allow":["GET"]}}],"collection":[{"href":"https:\/\/www.pussycatmerida.com\/eshop\/wp-json\/wp\/v2\/product"}],"about":[{"href":"https:\/\/www.pussycatmerida.com\/eshop\/wp-json\/wp\/v2\/types\/product"}],"wp:featuredmedia":[{"embeddable":true,"href":"https:\/\/www.pussycatmerida.com\/eshop\/wp-json\/wp\/v2\/media\/53484"}],"wp:attachment":[{"href":"https:\/\/www.pussycatmerida.com\/eshop\/wp-json\/wp\/v2\/media?parent=32373"}],"wp:term":[{"taxonomy":"pwb-brand","embeddable":true,"href":"https:\/\/www.pussycatmerida.com\/eshop\/wp-json\/wp\/v2\/pwb-brand?post=32373"},{"taxonomy":"product_brand","embeddable":true,"href":"https:\/\/www.pussycatmerida.com\/eshop\/wp-json\/wp\/v2\/product_brand?post=32373"},{"taxonomy":"product_cat","embeddable":true,"href":"https:\/\/www.pussycatmerida.com\/eshop\/wp-json\/wp\/v2\/product_cat?post=32373"},{"taxonomy":"product_tag","embeddable":true,"href":"https:\/\/www.pussycatmerida.com\/eshop\/wp-json\/wp\/v2\/product_tag?post=32373"}],"curies":[{"name":"wp","href":"https:\/\/api.w.org\/{rel}","templated":true}]}}