{"id":32374,"date":"2021-03-09T18:30:39","date_gmt":"2021-03-09T16:30:39","guid":{"rendered":"https:\/\/www.pussycatmerida.com\/eshop\/producto\/pretty-love-mr-play-plug-anal-con-vibracion-11-cm\/"},"modified":"2026-03-11T12:27:50","modified_gmt":"2026-03-11T11:27:50","slug":"pretty-love-mr-play-plug-anal-con-vibracion-11-cm","status":"publish","type":"product","link":"https:\/\/www.pussycatmerida.com\/eshop\/producto\/pretty-love-mr-play-plug-anal-con-vibracion-11-cm\/","title":{"rendered":"PRETTY LOVE MR PLAY PLUG ANAL CON VIBRACION 11 CM"},"content":{"rendered":"<p>S\u00fabete a una noche de placer anal extremo con este plug con vibraci\u00f3n de silicona\u00a0<\/p>\n<p>Este plus s\u00faper suave con vibraci\u00f3n seguramente es un \u00e9xito asegurado para tus puntos favoritos. Con su elegante eje, le garantizamos que le encantar\u00e1 cada pulgada de este juguete anal.<\/p>\n<p>\u00a1Experimenta sensaciones que nunca has sentido con sus doce modos de vibraci\u00f3n, las poderosas vibraciones te dar\u00e1n placer como nunca antes! \u00a1Nunca volver\u00e1s a tener problemas con las pilas.\u00a0Este plug es completamente recargable por USB con lo que podr\u00e1s hacerlo de forma f\u00e1cil y r\u00e1pida cada vez que lo necesites<\/p>\n<ul>\n<li>Plug anal con vibraci\u00f3n\u00a0<\/li>\n<li>Con control remoto inal\u00e1mbrico\u00a0<\/li>\n<li>USB recargable\u00a0<\/li>\n<li>12 modos de vibraci\u00f3n\u00a0<\/li>\n<li>Silicona de alta calidad\u00a0<\/li>\n<li>Resistente al agua\u00a0<\/li>\n<\/ul>\n<p>\u00a0<\/p>\n","protected":false},"excerpt":{"rendered":"<p>PRETTY LOVE MR PLAY REMOTE CONTROL VIBRATING ANAL PLUG 11 CM<\/p>\n","protected":false},"featured_media":53489,"template":"","meta":[],"pwb-brand":[559,213],"product_brand":[],"product_cat":[275,280,284,274,306,300,299,907],"product_tag":[],"class_list":{"0":"post-32374","1":"product","2":"type-product","3":"status-publish","4":"has-post-thumbnail","6":"pwb-brand-pretty-lovepretty-bottom","7":"pwb-brand-pretty-love","8":"product_cat-juguetes-sexuales-xxxacuaticos","9":"product_cat-juguetes-sexuales-xxxanal","10":"product_cat-juguetes-sexuales-xxxcontrol-remoto","11":"product_cat-juguetes-sexuales-xxx","12":"product_cat-juguetes-sexuales-xxxpara-el","13":"product_cat-juguetes-sexuales-xxxplugs-anales","14":"product_cat-juguetes-sexuales-xxxvibradores","15":"product_cat-vibradores-anales","16":"post_count_is_0","17":"boutique_post_style_4","19":"first","20":"instock","21":"taxable","22":"shipping-taxable","23":"purchasable","24":"product-type-simple","25":"boutique_image_style_2"},"brands":[{"id":559,"name":"PRETTY BOTTOM","slug":"pretty-lovepretty-bottom"},{"id":213,"name":"PRETTY LOVE","slug":"pretty-love"}],"_links":{"self":[{"href":"https:\/\/www.pussycatmerida.com\/eshop\/wp-json\/wp\/v2\/product\/32374","targetHints":{"allow":["GET"]}}],"collection":[{"href":"https:\/\/www.pussycatmerida.com\/eshop\/wp-json\/wp\/v2\/product"}],"about":[{"href":"https:\/\/www.pussycatmerida.com\/eshop\/wp-json\/wp\/v2\/types\/product"}],"wp:featuredmedia":[{"embeddable":true,"href":"https:\/\/www.pussycatmerida.com\/eshop\/wp-json\/wp\/v2\/media\/53489"}],"wp:attachment":[{"href":"https:\/\/www.pussycatmerida.com\/eshop\/wp-json\/wp\/v2\/media?parent=32374"}],"wp:term":[{"taxonomy":"pwb-brand","embeddable":true,"href":"https:\/\/www.pussycatmerida.com\/eshop\/wp-json\/wp\/v2\/pwb-brand?post=32374"},{"taxonomy":"product_brand","embeddable":true,"href":"https:\/\/www.pussycatmerida.com\/eshop\/wp-json\/wp\/v2\/product_brand?post=32374"},{"taxonomy":"product_cat","embeddable":true,"href":"https:\/\/www.pussycatmerida.com\/eshop\/wp-json\/wp\/v2\/product_cat?post=32374"},{"taxonomy":"product_tag","embeddable":true,"href":"https:\/\/www.pussycatmerida.com\/eshop\/wp-json\/wp\/v2\/product_tag?post=32374"}],"curies":[{"name":"wp","href":"https:\/\/api.w.org\/{rel}","templated":true}]}}