{"id":32440,"date":"2021-03-01T10:35:48","date_gmt":"2021-03-01T08:35:48","guid":{"rendered":"https:\/\/www.pussycatmerida.com\/eshop\/product\/darkness-set-de-ataduras-para-la-cama\/"},"modified":"2026-03-11T12:39:02","modified_gmt":"2026-03-11T11:39:02","slug":"darkness-set-de-ataduras-para-la-cama","status":"publish","type":"product","link":"https:\/\/www.pussycatmerida.com\/eshop\/producto\/darkness-set-de-ataduras-para-la-cama\/","title":{"rendered":"DARKNESS SET DE ATADURAS PARA LA CAMA"},"content":{"rendered":"<p>Kit de restricciones para la cama entrelazado de la colecci\u00f3n Darkness. La restricci\u00f3n es lo suficientemente vers\u00e1til como para obligar a cada amante de todas las maneras que usted puede imaginar.<\/p>\n<p>El kit contiene 4 \u00a0puntos de contacto que pueden ser seguros para adaptarse a cualquier tama\u00f1o de colch\u00f3n. Las esposas para tobillos y mu\u00f1ecas son desmontables y est\u00e1n hechas de neopreno para garantizar su comodidad, y a\u00fan as\u00ed estar sujetos a su gusto.<\/p>\n<p>Cada brazalete es ajustable para adaptarse a la mayor\u00eda y hecho con velcro para asegurar una r\u00e1pida liberaci\u00f3n.<\/p>\n<ul>\n<li>Material: Neopreno, Nylon y Metal<\/li>\n<\/ul>\n<p>LA MARCA<\/p>\n<p>Darkness es una marca de nueva generaci\u00f3n 2020, todos nuestros materiales son de excelente calidad asegurando que la fabricaci\u00f3n compromete un resultado perfecto para principiantes o avanzados que le gusta el mundo Fetish o bdsm.<\/p>\n","protected":false},"excerpt":{"rendered":"<p>DARKNESS INTERLACE OVER AND UNDER BED RESTRAINT SET<\/p>\n","protected":false},"featured_media":57296,"template":"","meta":[],"pwb-brand":[467,474],"product_brand":[],"product_cat":[423,390,282,274,389],"product_tag":[],"class_list":{"0":"post-32440","1":"product","2":"type-product","3":"status-publish","4":"has-post-thumbnail","6":"pwb-brand-darkness","7":"pwb-brand-darknessdarkness-bondage","8":"product_cat-juguetes-sexuales-xxxfetish-bondagebdsm-accesorios","9":"product_cat-juguetes-sexuales-xxxfetish-bondageesposas","10":"product_cat-juguetes-sexuales-xxxfetish-bondage","11":"product_cat-juguetes-sexuales-xxx","12":"product_cat-juguetes-sexuales-xxxmascaras-y-esposas","13":"post_count_is_0","14":"boutique_post_style_4","16":"first","17":"instock","18":"taxable","19":"shipping-taxable","20":"purchasable","21":"product-type-simple","22":"boutique_image_style_2"},"brands":[{"id":467,"name":"DARKNESS","slug":"darkness"},{"id":474,"name":"DARKNESS BONDAGE","slug":"darknessdarkness-bondage"}],"_links":{"self":[{"href":"https:\/\/www.pussycatmerida.com\/eshop\/wp-json\/wp\/v2\/product\/32440","targetHints":{"allow":["GET"]}}],"collection":[{"href":"https:\/\/www.pussycatmerida.com\/eshop\/wp-json\/wp\/v2\/product"}],"about":[{"href":"https:\/\/www.pussycatmerida.com\/eshop\/wp-json\/wp\/v2\/types\/product"}],"wp:featuredmedia":[{"embeddable":true,"href":"https:\/\/www.pussycatmerida.com\/eshop\/wp-json\/wp\/v2\/media\/57296"}],"wp:attachment":[{"href":"https:\/\/www.pussycatmerida.com\/eshop\/wp-json\/wp\/v2\/media?parent=32440"}],"wp:term":[{"taxonomy":"pwb-brand","embeddable":true,"href":"https:\/\/www.pussycatmerida.com\/eshop\/wp-json\/wp\/v2\/pwb-brand?post=32440"},{"taxonomy":"product_brand","embeddable":true,"href":"https:\/\/www.pussycatmerida.com\/eshop\/wp-json\/wp\/v2\/product_brand?post=32440"},{"taxonomy":"product_cat","embeddable":true,"href":"https:\/\/www.pussycatmerida.com\/eshop\/wp-json\/wp\/v2\/product_cat?post=32440"},{"taxonomy":"product_tag","embeddable":true,"href":"https:\/\/www.pussycatmerida.com\/eshop\/wp-json\/wp\/v2\/product_tag?post=32440"}],"curies":[{"name":"wp","href":"https:\/\/api.w.org\/{rel}","templated":true}]}}