{"id":32442,"date":"2021-03-01T10:27:20","date_gmt":"2021-03-01T08:27:20","guid":{"rendered":"https:\/\/www.pussycatmerida.com\/eshop\/product\/darkness-jaula-castidad-cuero-con-candado\/"},"modified":"2026-03-11T12:39:17","modified_gmt":"2026-03-11T11:39:17","slug":"darkness-jaula-castidad-cuero-con-candado","status":"publish","type":"product","link":"https:\/\/www.pussycatmerida.com\/eshop\/producto\/darkness-jaula-castidad-cuero-con-candado\/","title":{"rendered":"DARKNESS JAULA CASTIDAD CUERO CON CANDADO"},"content":{"rendered":"<p>\u00a1LLEVA TU JUEGO DE SEXUALIDAD EXTREMA HASTA EL PR\u00d3XIMO NIVEL!<\/p>\n<p>Esta Jaula de castidad Darkness \u00a0est\u00e1 fabricado en un material de cuero vegano, duradero e hipoalerg\u00e9nico. \u00a1Una variedad de aros en diferentes tama\u00f1os y a distintas distancias te permiten crear el tama\u00f1o perfecto!<\/p>\n<p>Los aros tienen un encaje c\u00f3modo y son absolutamente seguros. La cerradura met\u00e1lica o la cerradura de envoltorio pueden cerrar la jaula f\u00e1cilmente. \u00a1Las cerraduras de envoltorio o amarre aseguran que no se dispare la alarma de detectores de metal en las fiestas, festivales y hasta en aeropuertos!<\/p>\n<p>Ya que la higiene es muy importante mientras se usa la jaula, \u00e9stas vienen equipadas con una variedad de aberturas de ventilaci\u00f3n y para orinar.<\/p>\n<p>La jaula hace que sea imposible tener una erecci\u00f3n pero la tendr\u00e1s despu\u00e9s de ser liberado. La Jaula de Castidad le da a quien tiene la llave el poder \u00f3ptimo sobre la gratificaci\u00f3n sexual.<\/p>\n<ul>\n<li>Material: Cuero Vegano.<\/li>\n<li>Libre de niquel<\/li>\n<\/ul>\n<p>LA MARCA<\/p>\n<p>Darkness es una marca de nueva generaci\u00f3n 2020, todos nuestros materiales son de excelente calidad asegurando que la fabricaci\u00f3n compromete un resultado perfecto para principiantes o avanzados que le gusta el mundo Fetish o bdsm.<\/p>\n","protected":false},"excerpt":{"rendered":"<p>DARKNESS LEATHER CHASTITY CAGE<\/p>\n","protected":false},"featured_media":56698,"template":"","meta":[],"pwb-brand":[467,474],"product_brand":[],"product_cat":[421,282,274],"product_tag":[],"class_list":{"0":"post-32442","1":"product","2":"type-product","3":"status-publish","4":"has-post-thumbnail","6":"pwb-brand-darkness","7":"pwb-brand-darknessdarkness-bondage","8":"product_cat-juguetes-sexuales-xxxfetish-bondagebdsm-jaulas-anillo-castidad","9":"product_cat-juguetes-sexuales-xxxfetish-bondage","10":"product_cat-juguetes-sexuales-xxx","11":"post_count_is_0","12":"boutique_post_style_4","14":"first","15":"instock","16":"taxable","17":"shipping-taxable","18":"purchasable","19":"product-type-simple","20":"boutique_image_style_2"},"brands":[{"id":467,"name":"DARKNESS","slug":"darkness"},{"id":474,"name":"DARKNESS BONDAGE","slug":"darknessdarkness-bondage"}],"_links":{"self":[{"href":"https:\/\/www.pussycatmerida.com\/eshop\/wp-json\/wp\/v2\/product\/32442","targetHints":{"allow":["GET"]}}],"collection":[{"href":"https:\/\/www.pussycatmerida.com\/eshop\/wp-json\/wp\/v2\/product"}],"about":[{"href":"https:\/\/www.pussycatmerida.com\/eshop\/wp-json\/wp\/v2\/types\/product"}],"wp:featuredmedia":[{"embeddable":true,"href":"https:\/\/www.pussycatmerida.com\/eshop\/wp-json\/wp\/v2\/media\/56698"}],"wp:attachment":[{"href":"https:\/\/www.pussycatmerida.com\/eshop\/wp-json\/wp\/v2\/media?parent=32442"}],"wp:term":[{"taxonomy":"pwb-brand","embeddable":true,"href":"https:\/\/www.pussycatmerida.com\/eshop\/wp-json\/wp\/v2\/pwb-brand?post=32442"},{"taxonomy":"product_brand","embeddable":true,"href":"https:\/\/www.pussycatmerida.com\/eshop\/wp-json\/wp\/v2\/product_brand?post=32442"},{"taxonomy":"product_cat","embeddable":true,"href":"https:\/\/www.pussycatmerida.com\/eshop\/wp-json\/wp\/v2\/product_cat?post=32442"},{"taxonomy":"product_tag","embeddable":true,"href":"https:\/\/www.pussycatmerida.com\/eshop\/wp-json\/wp\/v2\/product_tag?post=32442"}],"curies":[{"name":"wp","href":"https:\/\/api.w.org\/{rel}","templated":true}]}}