{"id":32477,"date":"2021-02-24T14:27:13","date_gmt":"2021-02-24T12:27:13","guid":{"rendered":"https:\/\/www.pussycatmerida.com\/eshop\/product\/darkness-anillo-para-pene-y-testiculos-bdsm\/"},"modified":"2026-03-11T12:27:19","modified_gmt":"2026-03-11T11:27:19","slug":"darkness-anillo-para-pene-y-testiculos-bdsm","status":"publish","type":"product","link":"https:\/\/www.pussycatmerida.com\/eshop\/producto\/darkness-anillo-para-pene-y-testiculos-bdsm\/","title":{"rendered":"DARKNESS ANILLO PARA PENE Y TEST\u00cdCULOS BDSM"},"content":{"rendered":"<p>Descubre la colecci\u00f3n de anillas Bdsm de Darkness, Quieres tener una noche de pasi\u00f3n inolvidable? Conseguir unas erecciones m\u00e1s duraderas y retardar la eyaculaci\u00f3n?<\/p>\n<p>Si lo que quieres es aumentar el tiempo de juego, este anillo para el pene y los test\u00edculos fabricado de metal es ideal para conseguir unas sensaciones que no te dejar\u00e1n indiferentes.<\/p>\n<ul>\n<li>Ajustable con botones.<\/li>\n<li>Color: Negro.<\/li>\n<li>Material: Metal libre de niquel y cuero sint\u00e9tico.<\/li>\n<\/ul>\n<p>LA MARCA<\/p>\n<p>Darkness es una marca de nueva generaci\u00f3n 2020, todos nuestros materiales son de excelente calidad asegurando que la fabricaci\u00f3n compromete un resultado perfecto para principiantes o avanzados que le gusta el mundo Fetish o bdsm.<\/p>\n","protected":false},"excerpt":{"rendered":"<p>DARKNESS PENIS RING AND BDSM TESTS<\/p>\n","protected":false},"featured_media":32478,"template":"","meta":[],"pwb-brand":[467,474],"product_brand":[],"product_cat":[276,274],"product_tag":[],"class_list":{"0":"post-32477","1":"product","2":"type-product","3":"status-publish","4":"has-post-thumbnail","6":"pwb-brand-darkness","7":"pwb-brand-darknessdarkness-bondage","8":"product_cat-juguetes-sexuales-xxxaccesorios-para-el-pene","9":"product_cat-juguetes-sexuales-xxx","10":"post_count_is_0","11":"boutique_post_style_4","13":"first","14":"instock","15":"taxable","16":"shipping-taxable","17":"purchasable","18":"product-type-simple","19":"boutique_image_style_2"},"brands":[{"id":467,"name":"DARKNESS","slug":"darkness"},{"id":474,"name":"DARKNESS BONDAGE","slug":"darknessdarkness-bondage"}],"_links":{"self":[{"href":"https:\/\/www.pussycatmerida.com\/eshop\/wp-json\/wp\/v2\/product\/32477","targetHints":{"allow":["GET"]}}],"collection":[{"href":"https:\/\/www.pussycatmerida.com\/eshop\/wp-json\/wp\/v2\/product"}],"about":[{"href":"https:\/\/www.pussycatmerida.com\/eshop\/wp-json\/wp\/v2\/types\/product"}],"wp:featuredmedia":[{"embeddable":true,"href":"https:\/\/www.pussycatmerida.com\/eshop\/wp-json\/wp\/v2\/media\/32478"}],"wp:attachment":[{"href":"https:\/\/www.pussycatmerida.com\/eshop\/wp-json\/wp\/v2\/media?parent=32477"}],"wp:term":[{"taxonomy":"pwb-brand","embeddable":true,"href":"https:\/\/www.pussycatmerida.com\/eshop\/wp-json\/wp\/v2\/pwb-brand?post=32477"},{"taxonomy":"product_brand","embeddable":true,"href":"https:\/\/www.pussycatmerida.com\/eshop\/wp-json\/wp\/v2\/product_brand?post=32477"},{"taxonomy":"product_cat","embeddable":true,"href":"https:\/\/www.pussycatmerida.com\/eshop\/wp-json\/wp\/v2\/product_cat?post=32477"},{"taxonomy":"product_tag","embeddable":true,"href":"https:\/\/www.pussycatmerida.com\/eshop\/wp-json\/wp\/v2\/product_tag?post=32477"}],"curies":[{"name":"wp","href":"https:\/\/api.w.org\/{rel}","templated":true}]}}