{"id":3249,"date":"2021-02-26T15:21:20","date_gmt":"2021-02-26T13:21:20","guid":{"rendered":"https:\/\/www.pussycatmerida.com\/eshop\/product\/fetish-fantasy-edicion-limitada-mordaza-transpirable\/"},"modified":"2026-03-11T12:39:14","modified_gmt":"2026-03-11T11:39:14","slug":"fetish-fantasy-edicion-limitada-mordaza-transpirable","status":"publish","type":"product","link":"https:\/\/www.pussycatmerida.com\/eshop\/producto\/fetish-fantasy-edicion-limitada-mordaza-transpirable\/","title":{"rendered":"FETISH FANTASY EDICION LIMITADA MORDAZA TRANSPIRABLE."},"content":{"rendered":"<p>Es una mordaza de cuero, de la Edici\u00f3n Limitada 50 Sombras de FETISH FANTASY.<\/p>\n<p>Pelota de goma dise\u00f1ada con productos no t\u00f3xicos, con agujeros de respiraci\u00f3n para la comodidad del sumiso.<\/p>\n<ul>\n<li>100% Ajustable.<\/li>\n<\/ul>\n<p>Edici\u00f3n Especial Limitada 50 Sombras, colecci\u00f3n de juguetes del famoso libro del que todo el mundo habla y que se lanzar\u00e1 la pelicula en febrero de 2015 en todos los Cines<\/p>\n<p>\u00a0<\/p>\n<p style=\"text-align: center;\"><iframe loading=\"lazy\" allowfullscreen=\"\" frameborder=\"0\" height=\"400\" mozallowfullscreen=\"\" src=\"https:\/\/player.vimeo.com\/video\/118306389\" webkitallowfullscreen=\"\" width=\"700\"><\/iframe><\/p>\n","protected":false},"excerpt":{"rendered":"<p>FETISH FANTASY LIMITED EDITION BREATHABLE BALL GAG<\/p>\n","protected":false},"featured_media":51642,"template":"","meta":[],"pwb-brand":[495,476],"product_brand":[],"product_cat":[282,274,410],"product_tag":[],"class_list":{"0":"post-3249","1":"product","2":"type-product","3":"status-publish","4":"has-post-thumbnail","6":"pwb-brand-pipedreams-fetish-fantasy-ed-limitada","7":"pwb-brand-pipedreams","8":"product_cat-juguetes-sexuales-xxxfetish-bondage","9":"product_cat-juguetes-sexuales-xxx","10":"product_cat-juguetes-sexuales-xxxfetish-bondagemordazas","11":"post_count_is_0","12":"boutique_post_style_4","14":"first","15":"instock","16":"taxable","17":"shipping-taxable","18":"purchasable","19":"product-type-simple","20":"boutique_image_style_2"},"brands":[{"id":495,"name":"FETISH FANTASY ED.LIMITADA","slug":"pipedreams-fetish-fantasy-ed-limitada"},{"id":476,"name":"PIPEDREAMS","slug":"pipedreams"}],"_links":{"self":[{"href":"https:\/\/www.pussycatmerida.com\/eshop\/wp-json\/wp\/v2\/product\/3249","targetHints":{"allow":["GET"]}}],"collection":[{"href":"https:\/\/www.pussycatmerida.com\/eshop\/wp-json\/wp\/v2\/product"}],"about":[{"href":"https:\/\/www.pussycatmerida.com\/eshop\/wp-json\/wp\/v2\/types\/product"}],"wp:featuredmedia":[{"embeddable":true,"href":"https:\/\/www.pussycatmerida.com\/eshop\/wp-json\/wp\/v2\/media\/51642"}],"wp:attachment":[{"href":"https:\/\/www.pussycatmerida.com\/eshop\/wp-json\/wp\/v2\/media?parent=3249"}],"wp:term":[{"taxonomy":"pwb-brand","embeddable":true,"href":"https:\/\/www.pussycatmerida.com\/eshop\/wp-json\/wp\/v2\/pwb-brand?post=3249"},{"taxonomy":"product_brand","embeddable":true,"href":"https:\/\/www.pussycatmerida.com\/eshop\/wp-json\/wp\/v2\/product_brand?post=3249"},{"taxonomy":"product_cat","embeddable":true,"href":"https:\/\/www.pussycatmerida.com\/eshop\/wp-json\/wp\/v2\/product_cat?post=3249"},{"taxonomy":"product_tag","embeddable":true,"href":"https:\/\/www.pussycatmerida.com\/eshop\/wp-json\/wp\/v2\/product_tag?post=3249"}],"curies":[{"name":"wp","href":"https:\/\/api.w.org\/{rel}","templated":true}]}}