{"id":3263,"date":"2021-02-26T15:42:45","date_gmt":"2021-02-26T13:42:45","guid":{"rendered":"https:\/\/www.pussycatmerida.com\/eshop\/product\/fetish-fantasy-edicion-limitada-arnes-hueco-14cm\/"},"modified":"2026-03-11T12:27:35","modified_gmt":"2026-03-11T11:27:35","slug":"fetish-fantasy-edicion-limitada-arnes-hueco-14cm","status":"publish","type":"product","link":"https:\/\/www.pussycatmerida.com\/eshop\/producto\/fetish-fantasy-edicion-limitada-arnes-hueco-14cm\/","title":{"rendered":"FETISH FANTASY EDICION LIMITADA ARNES HUECO 14CM"},"content":{"rendered":"<p style=\"text-align: center;\"><embed allowfullscreen=\"true\" allowscriptaccess=\"always\" flashvars=\"controlbar=bottomnetstreambasepath=http%3A%2F%2Fwww.pipedreamproducts.com%2Ffile=http%3A%2F%2Fwww.pipedreamproducts.com%2Fpdtv_videos\/FF_LE_2014_Brand.m4vautostart=true\" height=\"204\" src=\"http:\/\/www.pipedreamproducts.com\/jwplayer\/player.swf\" width=\"700\"><\/embed><\/p>\n<p>Aqu\u00ed est\u00e1 el arn\u00e9s perfecto para ambos. Perfecto para los encuentros de mujer a mujer o para experimentar con la zona trasera.<\/p>\n<p>Muchos hombres aman las emociones sexuales anales y este arn\u00e9s le proporcionar\u00e1 esa emoci\u00f3n.<\/p>\n<p>El dildo hueco tambi\u00e9n puede ayudar a los hombres con dificultad para la erecci\u00f3n, o para los que no pueden aguantar m\u00e1s de un asalto seguido.<\/p>\n<p>El arn\u00e9s se adapta f\u00e1cilmente a la mayor\u00eda de tallas y son aptos tambi\u00e9n para las mujeres.<\/p>\n<ul>\n<li>Medidas: 14 cm. x 3,8 cm.<\/li>\n<\/ul>\n<p>Edici\u00f3n Especial Limitada 50 Sombras, colecci\u00f3n de juguetes del famoso libro del que todo el mundo habla y que se lanzar\u00e1 la pelicula en febrero de 2015 en todos los Cines<\/p>\n","protected":false},"excerpt":{"rendered":"<p>FETISH FANTASY LIMITED EDITION HOLLOW STRAP-ON<\/p>\n","protected":false},"featured_media":53958,"template":"","meta":[],"pwb-brand":[495,476],"product_brand":[],"product_cat":[277,917,278,282,274,306],"product_tag":[],"class_list":{"0":"post-3263","1":"product","2":"type-product","3":"status-publish","4":"has-post-thumbnail","6":"pwb-brand-pipedreams-fetish-fantasy-ed-limitada","7":"pwb-brand-pipedreams","8":"product_cat-juguetes-sexuales-xxxalargamiento-pene","9":"product_cat-arnes-hueco","10":"product_cat-juguetes-sexuales-xxxarneses","11":"product_cat-juguetes-sexuales-xxxfetish-bondage","12":"product_cat-juguetes-sexuales-xxx","13":"product_cat-juguetes-sexuales-xxxpara-el","14":"post_count_is_0","15":"boutique_post_style_4","17":"first","18":"instock","19":"taxable","20":"shipping-taxable","21":"purchasable","22":"product-type-simple","23":"boutique_image_style_2"},"brands":[{"id":495,"name":"FETISH FANTASY ED.LIMITADA","slug":"pipedreams-fetish-fantasy-ed-limitada"},{"id":476,"name":"PIPEDREAMS","slug":"pipedreams"}],"_links":{"self":[{"href":"https:\/\/www.pussycatmerida.com\/eshop\/wp-json\/wp\/v2\/product\/3263","targetHints":{"allow":["GET"]}}],"collection":[{"href":"https:\/\/www.pussycatmerida.com\/eshop\/wp-json\/wp\/v2\/product"}],"about":[{"href":"https:\/\/www.pussycatmerida.com\/eshop\/wp-json\/wp\/v2\/types\/product"}],"wp:featuredmedia":[{"embeddable":true,"href":"https:\/\/www.pussycatmerida.com\/eshop\/wp-json\/wp\/v2\/media\/53958"}],"wp:attachment":[{"href":"https:\/\/www.pussycatmerida.com\/eshop\/wp-json\/wp\/v2\/media?parent=3263"}],"wp:term":[{"taxonomy":"pwb-brand","embeddable":true,"href":"https:\/\/www.pussycatmerida.com\/eshop\/wp-json\/wp\/v2\/pwb-brand?post=3263"},{"taxonomy":"product_brand","embeddable":true,"href":"https:\/\/www.pussycatmerida.com\/eshop\/wp-json\/wp\/v2\/product_brand?post=3263"},{"taxonomy":"product_cat","embeddable":true,"href":"https:\/\/www.pussycatmerida.com\/eshop\/wp-json\/wp\/v2\/product_cat?post=3263"},{"taxonomy":"product_tag","embeddable":true,"href":"https:\/\/www.pussycatmerida.com\/eshop\/wp-json\/wp\/v2\/product_tag?post=3263"}],"curies":[{"name":"wp","href":"https:\/\/api.w.org\/{rel}","templated":true}]}}