{"id":32860,"date":"2021-02-24T14:29:33","date_gmt":"2021-02-24T12:29:33","guid":{"rendered":"https:\/\/www.pussycatmerida.com\/eshop\/product\/delta-club-arnes-universal-talla-unica\/"},"modified":"2026-03-11T12:26:00","modified_gmt":"2026-03-11T11:26:00","slug":"delta-club-arnes-universal-talla-unica","status":"publish","type":"product","link":"https:\/\/www.pussycatmerida.com\/eshop\/producto\/delta-club-arnes-universal-talla-unica\/","title":{"rendered":"DELTA CLUB  ARNES UNIVERSAL TALLA UNICA"},"content":{"rendered":"<p>Experimenta la emoci\u00f3n de tener el control con este delicioso arn\u00e9s para principiantes o avanzados. Fabricado con material muy confortable, este cl\u00e1sico arn\u00e9s es ideal para aquellos que se inician en los juegos de arn\u00e9s<\/p>\n<p>El c\u00f3modo arn\u00e9s de neopreno se ajusta a casi todas las tallas.<\/p>\n<ul>\n<li>El arn\u00e9s universal DELTACLUB \u00a9. \u00a0\u00a0incluye 3 anillos para sujetar su consolador. Puedes usarlo con la mayor\u00eda de dildos de la colecci\u00f3n DELTACLUB \u00a9. Los di\u00e1metros de los anillos de silicona son: Peque\u00f1o 3,2 cm; Mediano 4,2 cm; Grande 5,2 cm.<\/li>\n<\/ul>\n<p>Este arn\u00e9s es apto para usar con cualquier didlo DELTACLUB \u00a9. \u00a0\u00a0y ha sido pensado para el peso perfecto de cada dildo obteniendo una experiencia perfecta.<\/p>\n<p>LA MARCA DELTACLUB<\/p>\n<p>DELTACLUB \u00a9 desarrolla consoladores de alta calidad en los EE. UU. Para mujeres modernas o parejas aventureras. Los dise\u00f1os realistas pero efectivos hacen que los productos DELTACLUB sean juguetes sexuales \u00fanicos y de primera clase gracias a su material de SILICONA M\u00c9DICA. El r\u00e1pido tiempo para alcanzar la temperatura corporal y el dise\u00f1o perfecto de cada juguete hablan por s\u00ed mismos. Ya sea que est\u00e9 integrado en los juegos previos, como un accesorio decorativo durante el juego amoroso o la acci\u00f3n en solitario, los consoladores DELTACLUB \u00a9 pueden usarse de muchas maneras y llevarlo al cl\u00edmax.<\/p>\n","protected":false},"excerpt":{"rendered":"<p>DELTA CLUB HARNESS UNIVERSAL ONE SIZE<\/p>\n","protected":false},"featured_media":32861,"template":"","meta":[],"pwb-brand":[486],"product_brand":[],"product_cat":[278,274,471],"product_tag":[],"class_list":{"0":"post-32860","1":"product","2":"type-product","3":"status-publish","4":"has-post-thumbnail","6":"pwb-brand-deltaclub","7":"product_cat-juguetes-sexuales-xxxarneses","8":"product_cat-juguetes-sexuales-xxx","9":"product_cat-novedades","10":"post_count_is_0","11":"boutique_post_style_4","13":"first","14":"instock","15":"taxable","16":"shipping-taxable","17":"purchasable","18":"product-type-simple","19":"boutique_image_style_2"},"brands":[{"id":486,"name":"DELTACLUB","slug":"deltaclub"}],"_links":{"self":[{"href":"https:\/\/www.pussycatmerida.com\/eshop\/wp-json\/wp\/v2\/product\/32860","targetHints":{"allow":["GET"]}}],"collection":[{"href":"https:\/\/www.pussycatmerida.com\/eshop\/wp-json\/wp\/v2\/product"}],"about":[{"href":"https:\/\/www.pussycatmerida.com\/eshop\/wp-json\/wp\/v2\/types\/product"}],"wp:featuredmedia":[{"embeddable":true,"href":"https:\/\/www.pussycatmerida.com\/eshop\/wp-json\/wp\/v2\/media\/32861"}],"wp:attachment":[{"href":"https:\/\/www.pussycatmerida.com\/eshop\/wp-json\/wp\/v2\/media?parent=32860"}],"wp:term":[{"taxonomy":"pwb-brand","embeddable":true,"href":"https:\/\/www.pussycatmerida.com\/eshop\/wp-json\/wp\/v2\/pwb-brand?post=32860"},{"taxonomy":"product_brand","embeddable":true,"href":"https:\/\/www.pussycatmerida.com\/eshop\/wp-json\/wp\/v2\/product_brand?post=32860"},{"taxonomy":"product_cat","embeddable":true,"href":"https:\/\/www.pussycatmerida.com\/eshop\/wp-json\/wp\/v2\/product_cat?post=32860"},{"taxonomy":"product_tag","embeddable":true,"href":"https:\/\/www.pussycatmerida.com\/eshop\/wp-json\/wp\/v2\/product_tag?post=32860"}],"curies":[{"name":"wp","href":"https:\/\/api.w.org\/{rel}","templated":true}]}}