{"id":32934,"date":"2021-03-09T18:24:44","date_gmt":"2021-03-09T16:24:44","guid":{"rendered":"https:\/\/www.pussycatmerida.com\/eshop\/producto\/fetish-submissive-origen-antifaz-cuero-vegano-ii\/"},"modified":"2026-03-11T12:39:46","modified_gmt":"2026-03-11T11:39:46","slug":"fetish-submissive-origen-antifaz-cuero-vegano-ii","status":"publish","type":"product","link":"https:\/\/www.pussycatmerida.com\/eshop\/producto\/fetish-submissive-origen-antifaz-cuero-vegano-ii\/","title":{"rendered":"FETISH SUBMISSIVE ORIGEN ANTIFAZ CUERO VEGANO II"},"content":{"rendered":"<div>FETISH SUBMISIVE M\u00e1scara cuero vegano el\u00e1stica perfecta para tus juegos de bondage.<\/div>\n<div>\u00a0<\/div>\n<div>Por qu\u00e9 usar una m\u00e1scara en el juego bdsm?\u00a0<\/div>\n<div>Significa en el c\u00f3digo sexual: \u00a1V\u00e9ndame los ojos! Es cuando la m\u00e1scara se convierte en la \u00fanica fuerza controladora detr\u00e1s de la sexualidad de una persona.<\/div>\n<div>\u00a0<\/div>\n<div>Ponle este antifaz Fetish Submisive a tu amante para darle un toque misterioso e interesante al momento. Induce a tu amante a un estado de oscuridad que potencie su apetito sexual.<\/div>\n<div>Este antifaz se sujeta con una c\u00f3moda tira de tela el\u00e1stica. Hecho de cuero vegano.<\/div>\n<ul>\n<li>Fabricado en material; Neopreno, Metal libre de niquel y Cuero vegano.<\/li>\n<\/ul>\n<div>\u00a1La colecci\u00f3n Fetish Submisive es la perfecta para el BDSM, calidad y resistencia aptas para cualquier juego!<\/div>\n<div>100% Ajustable.<\/div>\n<div>\u00a0<\/div>\n<div style=\"text-align: center;\"><iframe loading=\"lazy\" allow=\"accelerometer; autoplay; encrypted-media; gyroscope; picture-in-picture\" allowfullscreen=\"\" frameborder=\"0\" height=\"400\" scrolling=\"no\" src=\"https:\/\/www.youtube-nocookie.com\/embed\/TVg3ZbBDbT0?rel=0controls=0showinfo=0\" width=\"800\"><\/iframe><\/div>\n","protected":false},"excerpt":{"rendered":"<p>FETISH SUBMISSIVE ORIGIN  MASK VEGAN LEATHER II<\/p>\n","protected":false},"featured_media":51536,"template":"","meta":[],"pwb-brand":[482,834],"product_brand":[],"product_cat":[409,282,274],"product_tag":[],"class_list":{"0":"post-32934","1":"product","2":"type-product","3":"status-publish","4":"has-post-thumbnail","6":"pwb-brand-fetish-submissive","7":"pwb-brand-fetish-submissivefetish-submissive-origin","8":"product_cat-juguetes-sexuales-xxxfetish-bondageantifaces-mascaras","9":"product_cat-juguetes-sexuales-xxxfetish-bondage","10":"product_cat-juguetes-sexuales-xxx","11":"post_count_is_0","12":"boutique_post_style_4","14":"first","15":"instock","16":"taxable","17":"shipping-taxable","18":"purchasable","19":"product-type-simple","20":"boutique_image_style_2"},"brands":[{"id":482,"name":"FETISH SUBMISSIVE","slug":"fetish-submissive"},{"id":834,"name":"FETISH SUBMISSIVE ORIGIN","slug":"fetish-submissivefetish-submissive-origin"}],"_links":{"self":[{"href":"https:\/\/www.pussycatmerida.com\/eshop\/wp-json\/wp\/v2\/product\/32934","targetHints":{"allow":["GET"]}}],"collection":[{"href":"https:\/\/www.pussycatmerida.com\/eshop\/wp-json\/wp\/v2\/product"}],"about":[{"href":"https:\/\/www.pussycatmerida.com\/eshop\/wp-json\/wp\/v2\/types\/product"}],"wp:featuredmedia":[{"embeddable":true,"href":"https:\/\/www.pussycatmerida.com\/eshop\/wp-json\/wp\/v2\/media\/51536"}],"wp:attachment":[{"href":"https:\/\/www.pussycatmerida.com\/eshop\/wp-json\/wp\/v2\/media?parent=32934"}],"wp:term":[{"taxonomy":"pwb-brand","embeddable":true,"href":"https:\/\/www.pussycatmerida.com\/eshop\/wp-json\/wp\/v2\/pwb-brand?post=32934"},{"taxonomy":"product_brand","embeddable":true,"href":"https:\/\/www.pussycatmerida.com\/eshop\/wp-json\/wp\/v2\/product_brand?post=32934"},{"taxonomy":"product_cat","embeddable":true,"href":"https:\/\/www.pussycatmerida.com\/eshop\/wp-json\/wp\/v2\/product_cat?post=32934"},{"taxonomy":"product_tag","embeddable":true,"href":"https:\/\/www.pussycatmerida.com\/eshop\/wp-json\/wp\/v2\/product_tag?post=32934"}],"curies":[{"name":"wp","href":"https:\/\/api.w.org\/{rel}","templated":true}]}}