{"id":3307,"date":"2021-02-26T14:11:43","date_gmt":"2021-02-26T12:11:43","guid":{"rendered":"https:\/\/www.pussycatmerida.com\/eshop\/product\/secretplay-6-hot-balls-lubricante-con-aroma-de-frutas\/"},"modified":"2026-03-11T12:38:46","modified_gmt":"2026-03-11T11:38:46","slug":"secretplay-6-hot-balls-lubricante-con-aroma-de-frutas","status":"publish","type":"product","link":"https:\/\/www.pussycatmerida.com\/eshop\/producto\/secretplay-6-hot-balls-lubricante-con-aroma-de-frutas\/","title":{"rendered":"SECRETPLAY 6 HOT BALLS LUBRICANTE CON AROMA DE FRUTAS"},"content":{"rendered":"<p>Son unas bolas llenas de lubricante con aroma de frutas<\/p>\n<p>Para usarlo hay que introducir una bola en la zona \u00edntima. Al contacto con el calor del cuerpo, la bola se disuelve en poco tiempo, liberando un l\u00edquido que lubrica, contribuyendo al juego de los preliminares er\u00f3ticos y convirtiendo la relaci\u00f3n sexual en un intenso viaje hacia el orgasmo.<\/p>\n<p>Al mismo tiempo, desprende un duradero aroma a frutas, creando una agradable sensaci\u00f3n de bienestar y una seductora atm\u00f3sfera. Ideal para descubrir sensaciones inimaginables de placer.<\/p>\n<p style=\"text-align: center;\"><iframe loading=\"lazy\" allowfullscreen=\"\" frameborder=\"0\" height=\"270\" src=\"\/\/www.youtube.com\/embed\/fTGwiLmoJD8?rel=0\" width=\"480\"><\/iframe><\/p>\n<p>Su componente principal es el Aloe Vera, conocido como la planta de la salud y la belleza. Su uso est\u00e1 documentado desde la \u00e9poca del Antiguo Egipto. Es muy beneficioso en t\u00e9rminos medicinales y terap\u00e9uticos y una especie que posee innumerables propiedades regeneradoras, hidratantes y nutritivas.<\/p>\n<p>Rico en \u00e1cidos grasos, es un excelente lubricante natural que aumenta adem\u00e1s la potencia sexual. Sus propiedades estimulantes provocan la activaci\u00f3n de la circulaci\u00f3n de la sangre y el incremento de sensibilidad en las terminaciones nerviosas, intensificando as\u00ed las sensaciones de placer&#8230;<\/p>\n<p>Contiene 6 bolas y se envian aromas variados segun stock.<\/p>\n","protected":false},"excerpt":{"rendered":"<p>SECRETPLAY 6 HOT BALLS LUBRICANTE CON AROMA DE FRUTAS<\/p>\n","protected":false},"featured_media":46273,"template":"","meta":[],"pwb-brand":[498,682],"product_brand":[],"product_cat":[337,949,338,400],"product_tag":[],"class_list":{"0":"post-3307","1":"product","2":"type-product","3":"status-publish","4":"has-post-thumbnail","6":"pwb-brand-secretplay","7":"pwb-brand-secretplaysecretplay-cosmetic","8":"product_cat-aceites-y-lubricantes","9":"product_cat-bolas-brasilenas","10":"product_cat-aceites-y-lubricanteslubricantes","11":"product_cat-aceites-y-lubricanteslubricantesmonodosis","12":"post_count_is_0","13":"boutique_post_style_4","15":"first","16":"instock","17":"taxable","18":"shipping-taxable","19":"purchasable","20":"product-type-simple","21":"boutique_image_style_2"},"brands":[{"id":498,"name":"SECRETPLAY","slug":"secretplay"},{"id":682,"name":"SECRETPLAY COSMETIC","slug":"secretplaysecretplay-cosmetic"}],"_links":{"self":[{"href":"https:\/\/www.pussycatmerida.com\/eshop\/wp-json\/wp\/v2\/product\/3307","targetHints":{"allow":["GET"]}}],"collection":[{"href":"https:\/\/www.pussycatmerida.com\/eshop\/wp-json\/wp\/v2\/product"}],"about":[{"href":"https:\/\/www.pussycatmerida.com\/eshop\/wp-json\/wp\/v2\/types\/product"}],"wp:featuredmedia":[{"embeddable":true,"href":"https:\/\/www.pussycatmerida.com\/eshop\/wp-json\/wp\/v2\/media\/46273"}],"wp:attachment":[{"href":"https:\/\/www.pussycatmerida.com\/eshop\/wp-json\/wp\/v2\/media?parent=3307"}],"wp:term":[{"taxonomy":"pwb-brand","embeddable":true,"href":"https:\/\/www.pussycatmerida.com\/eshop\/wp-json\/wp\/v2\/pwb-brand?post=3307"},{"taxonomy":"product_brand","embeddable":true,"href":"https:\/\/www.pussycatmerida.com\/eshop\/wp-json\/wp\/v2\/product_brand?post=3307"},{"taxonomy":"product_cat","embeddable":true,"href":"https:\/\/www.pussycatmerida.com\/eshop\/wp-json\/wp\/v2\/product_cat?post=3307"},{"taxonomy":"product_tag","embeddable":true,"href":"https:\/\/www.pussycatmerida.com\/eshop\/wp-json\/wp\/v2\/product_tag?post=3307"}],"curies":[{"name":"wp","href":"https:\/\/api.w.org\/{rel}","templated":true}]}}